{"id":474,"date":"2022-06-17T10:08:19","date_gmt":"2022-06-17T08:08:19","guid":{"rendered":"https:\/\/mybeautydogmonaco-com-dev.jupiter.cdigital.fr\/frequently-asked-questions\/"},"modified":"2022-11-11T12:15:33","modified_gmt":"2022-11-11T11:15:33","slug":"faq","status":"publish","type":"page","link":"https:\/\/mybeautydogmonaco.com\/fr\/faq\/","title":{"rendered":"FAQ"},"content":{"rendered":"<h2 class=\"display--title my-5 text-center\">Les questions les plus fr\u00e9quentes des internautes<\/h2>\n<style>#sp-ea-713 .spcollapsing { height: 0; overflow: hidden; transition-property: height;transition-duration: 300ms;}#sp-ea-713.sp-easy-accordion>.sp-ea-single {margin-bottom: 10px; border: 1px solid #e2e2e2; }#sp-ea-713.sp-easy-accordion>.sp-ea-single>.ea-header a {color: #444;}#sp-ea-713.sp-easy-accordion>.sp-ea-single>.sp-collapse>.ea-body {background: #fff; color: #444;}#sp-ea-713.sp-easy-accordion>.sp-ea-single {background: #eee;}#sp-ea-713.sp-easy-accordion>.sp-ea-single>.ea-header a .ea-expand-icon { float: left; color: #444;font-size: 16px;}.sp-easy-accordion {\r\n   margin-bottom:50px;\r\n   margin-top: 30px;\r\n}<\/style><div id=\"sp_easy_accordion-1775744766\"><div id=\"sp-ea-713\" class=\"sp-ea-one sp-easy-accordion\" data-ea-active=\"ea-click\" data-ea-mode=\"vertical\" data-preloader=\"\" data-scroll-active-item=\"\" data-offset-to-scroll=\"0\"><div class=\"ea-card ea-expand sp-ea-single\"><h3 class=\"ea-header\"><a class=\"collapsed\" id=\"ea-header-7130\" role=\"button\" data-sptoggle=\"spcollapse\" data-sptarget=\"#collapse7130\" aria-controls=\"collapse7130\" href=\"#\" aria-expanded=\"true\" tabindex=\"0\"><i aria-hidden=\"true\" role=\"presentation\" class=\"ea-expand-icon eap-icon-ea-expand-minus\"><\/i> Quelles sont les heures d'ouverture ?<\/a><\/h3><div class=\"sp-collapse spcollapse collapsed show\" id=\"collapse7130\" data-parent=\"#sp-ea-713\" role=\"region\" aria-labelledby=\"ea-header-7130\"> <div class=\"ea-body\"><p>Notre salon est ouvert du lundi au samedi de 10h \u00e0 18h. \u00e0 18h30 et le mardi de 11h \u00e0 18h30.<\/p><\/div><\/div><\/div><div class=\"ea-card sp-ea-single\"><h3 class=\"ea-header\"><a class=\"collapsed\" id=\"ea-header-7131\" role=\"button\" data-sptoggle=\"spcollapse\" data-sptarget=\"#collapse7131\" aria-controls=\"collapse7131\" href=\"#\" aria-expanded=\"false\" tabindex=\"0\"><i aria-hidden=\"true\" role=\"presentation\" class=\"ea-expand-icon eap-icon-ea-expand-plus\"><\/i> Comment puis-je prendre rendez-vous pour un soin de toilettage ?<\/a><\/h3><div class=\"sp-collapse spcollapse \" id=\"collapse7131\" data-parent=\"#sp-ea-713\" role=\"region\" aria-labelledby=\"ea-header-7131\"> <div class=\"ea-body\"><p>Il vous suffit de nous contacter par t\u00e9l\u00e9phone, sms ou via l'application WhatsApp en indiquant :<\/p><ol><li>Nom du propri\u00e9taire<\/li><li>Num\u00e9ro de t\u00e9l\u00e9phone<\/li><li>Adresse<\/li><li>Nom de votre chien<\/li><li>Race de votre chien<\/li><li>Notifier si votre toutou a des allergies<\/li><li>Contact d'urgence<\/li><li>Photos r\u00e9centes de votre chien.<\/li><\/ol><p>Nous vous contacterons pour le rendez-vous lorsque nous aurons toutes ces informations.<\/p><p>Recommander via WhatsApp<\/p><p>T\u00e9l\u00e9phone : +33 6 06 93 03 24<\/p><\/div><\/div><\/div><div class=\"ea-card sp-ea-single\"><h3 class=\"ea-header\"><a class=\"collapsed\" id=\"ea-header-7132\" role=\"button\" data-sptoggle=\"spcollapse\" data-sptarget=\"#collapse7132\" aria-controls=\"collapse7132\" href=\"#\" aria-expanded=\"false\" tabindex=\"0\"><i aria-hidden=\"true\" role=\"presentation\" class=\"ea-expand-icon eap-icon-ea-expand-plus\"><\/i> Prix des soins et toilettage pour chiens<\/a><\/h3><div class=\"sp-collapse spcollapse \" id=\"collapse7132\" data-parent=\"#sp-ea-713\" role=\"region\" aria-labelledby=\"ea-header-7132\"> <div class=\"ea-body\"><p>Une fourchette de prix peut vous \u00eatre donn\u00e9e \u00e0 titre indicatif lors de votre appel t\u00e9l\u00e9phonique ;<\/p><p>Les prix des soins seront d\u00e9finitivement \u00e9tablis lorsque nos toiletteurs seront en pr\u00e9sence de votre toutou. Il est important que nos professionnels soient conscients du travail \u00e0 faire.<\/p><p>Le prix sera diff\u00e9rent selon l'\u00e9tat de votre chien, comme l\u2019\u00e9tat du poil, la taille du chien et son comportement.<\/p><p>Ainsi, le prix peut \u00eatre diff\u00e9rent m\u00eame pour le m\u00eame chien entre un rendez-vous et le suivant..<\/p><\/div><\/div><\/div><div class=\"ea-card sp-ea-single\"><h3 class=\"ea-header\"><a class=\"collapsed\" id=\"ea-header-7133\" role=\"button\" data-sptoggle=\"spcollapse\" data-sptarget=\"#collapse7133\" aria-controls=\"collapse7133\" href=\"#\" aria-expanded=\"false\" tabindex=\"0\"><i aria-hidden=\"true\" role=\"presentation\" class=\"ea-expand-icon eap-icon-ea-expand-plus\"><\/i> Comment annuler un rendez-vous ?<\/a><\/h3><div class=\"sp-collapse spcollapse \" id=\"collapse7133\" data-parent=\"#sp-ea-713\" role=\"region\" aria-labelledby=\"ea-header-7133\"> <div class=\"ea-body\"><p>Contactez-nous 24 heures maximum avant votre rendez-vous afin de nous notifier son annulation.<\/p><p>Attention, deux rendez-vous annul\u00e9 sans pr\u00e9avis et notification par le client r\u00e9sultera d\u2019une annulation de tous vos rendez-vous suivant sans notification de notre part.<\/p><p>Le site mybeautydogmonaco<\/p><\/div><\/div><\/div><div class=\"ea-card sp-ea-single\"><h3 class=\"ea-header\"><a class=\"collapsed\" id=\"ea-header-7134\" role=\"button\" data-sptoggle=\"spcollapse\" data-sptarget=\"#collapse7134\" aria-controls=\"collapse7134\" href=\"#\" aria-expanded=\"false\" tabindex=\"0\"><i aria-hidden=\"true\" role=\"presentation\" class=\"ea-expand-icon eap-icon-ea-expand-plus\"><\/i> Comment puis-je m'inscrire sur le site ?<\/a><\/h3><div class=\"sp-collapse spcollapse \" id=\"collapse7134\" data-parent=\"#sp-ea-713\" role=\"region\" aria-labelledby=\"ea-header-7134\"> <div class=\"ea-body\"><p>Il vous suffit de cliquer sur l'onglet en haut \u00e0 droite pour vous connecter et renseigner les informations demand\u00e9es pour vous inscrire et pouvoir commander.<\/p><\/div><\/div><\/div><div class=\"ea-card sp-ea-single\"><h3 class=\"ea-header\"><a class=\"collapsed\" id=\"ea-header-7135\" role=\"button\" data-sptoggle=\"spcollapse\" data-sptarget=\"#collapse7135\" aria-controls=\"collapse7135\" href=\"#\" aria-expanded=\"false\" tabindex=\"0\"><i aria-hidden=\"true\" role=\"presentation\" class=\"ea-expand-icon eap-icon-ea-expand-plus\"><\/i> Comment puis-je choisir parfaitement la bonne taille pour mon chien?<\/a><\/h3><div class=\"sp-collapse spcollapse \" id=\"collapse7135\" data-parent=\"#sp-ea-713\" role=\"region\" aria-labelledby=\"ea-header-7135\"> <div class=\"ea-body\"><p>Rassurez-vous, si vous n'\u00eates pas s\u00fbr de la bonne taille pour votre toutou, vous pouvez consulter notre guide des tailles qui est tr\u00e8s pr\u00e9cis et pr\u00e9sent dans chaque fiche produit ! Et si vous n'\u00eates toujours pas s\u00fbr ou avez d'autres questions, vous pouvez nous joindre via l'application WhatsApp du lundi au vendredi de 11h \u00e0 18h.<\/p><\/div><\/div><\/div><div class=\"ea-card sp-ea-single\"><h3 class=\"ea-header\"><a class=\"collapsed\" id=\"ea-header-7136\" role=\"button\" data-sptoggle=\"spcollapse\" data-sptarget=\"#collapse7136\" aria-controls=\"collapse7136\" href=\"#\" aria-expanded=\"false\" tabindex=\"0\"><i aria-hidden=\"true\" role=\"presentation\" class=\"ea-expand-icon eap-icon-ea-expand-plus\"><\/i> Dans combien de temps vais-je recevoir ma commande ?<\/a><\/h3><div class=\"sp-collapse spcollapse \" id=\"collapse7136\" data-parent=\"#sp-ea-713\" role=\"region\" aria-labelledby=\"ea-header-7136\"> <div class=\"ea-body\"><p>Nous traiterons votre commande tr\u00e8s rapidement, puis la remettrons \u00e0 notre transporteur dans un d\u00e9lai <u>maximum<\/u> de 7 jours pour une livraison dans les meilleurs d\u00e9lais !<\/p><\/div><\/div><\/div><\/div><\/div>\n","protected":false},"excerpt":{"rendered":"<p>Les questions les plus fr\u00e9quentes des internautes<\/p>\n","protected":false},"author":101,"featured_media":0,"parent":0,"menu_order":0,"comment_status":"closed","ping_status":"closed","template":"","meta":{"_acf_changed":false,"footnotes":""},"class_list":["post-474","page","type-page","status-publish","hentry"],"acf":[],"yoast_head":"<!-- This site is optimized with the Yoast SEO plugin v27.2 - https:\/\/yoast.com\/product\/yoast-seo-wordpress\/ -->\n<title>FAQ - My Beauty Dog<\/title>\n<meta name=\"robots\" content=\"index, follow, max-snippet:-1, max-image-preview:large, max-video-preview:-1\" \/>\n<link rel=\"canonical\" href=\"https:\/\/mybeautydogmonaco.com\/fr\/faq\/\" \/>\n<meta property=\"og:locale\" content=\"fr_FR\" \/>\n<meta property=\"og:type\" content=\"article\" \/>\n<meta property=\"og:title\" content=\"FAQ - My Beauty Dog\" \/>\n<meta property=\"og:description\" content=\"Les questions les plus fr\u00e9quentes des internautes\" \/>\n<meta property=\"og:url\" content=\"https:\/\/mybeautydogmonaco.com\/fr\/faq\/\" \/>\n<meta property=\"og:site_name\" content=\"My Beauty Dog\" \/>\n<meta property=\"article:modified_time\" content=\"2022-11-11T11:15:33+00:00\" \/>\n<meta name=\"twitter:card\" content=\"summary_large_image\" \/>\n<meta name=\"twitter:label1\" content=\"Dur\u00e9e de lecture estim\u00e9e\" \/>\n\t<meta name=\"twitter:data1\" content=\"1 minute\" \/>\n<script type=\"application\/ld+json\" class=\"yoast-schema-graph\">{\"@context\":\"https:\/\/schema.org\",\"@graph\":[{\"@type\":\"WebPage\",\"@id\":\"https:\/\/mybeautydogmonaco.com\/fr\/faq\/\",\"url\":\"https:\/\/mybeautydogmonaco.com\/fr\/faq\/\",\"name\":\"FAQ - My Beauty Dog\",\"isPartOf\":{\"@id\":\"https:\/\/mybeautydogmonaco.com\/fr\/#website\"},\"datePublished\":\"2022-06-17T08:08:19+00:00\",\"dateModified\":\"2022-11-11T11:15:33+00:00\",\"breadcrumb\":{\"@id\":\"https:\/\/mybeautydogmonaco.com\/fr\/faq\/#breadcrumb\"},\"inLanguage\":\"fr-FR\",\"potentialAction\":[{\"@type\":\"ReadAction\",\"target\":[\"https:\/\/mybeautydogmonaco.com\/fr\/faq\/\"]}]},{\"@type\":\"BreadcrumbList\",\"@id\":\"https:\/\/mybeautydogmonaco.com\/fr\/faq\/#breadcrumb\",\"itemListElement\":[{\"@type\":\"ListItem\",\"position\":1,\"name\":\"HOME\",\"item\":\"https:\/\/mybeautydogmonaco.com\/fr\/\"},{\"@type\":\"ListItem\",\"position\":2,\"name\":\"FAQ\"}]},{\"@type\":\"WebSite\",\"@id\":\"https:\/\/mybeautydogmonaco.com\/fr\/#website\",\"url\":\"https:\/\/mybeautydogmonaco.com\/fr\/\",\"name\":\"My Beauty Dog\",\"description\":\"\",\"publisher\":{\"@id\":\"https:\/\/mybeautydogmonaco.com\/fr\/#organization\"},\"potentialAction\":[{\"@type\":\"SearchAction\",\"target\":{\"@type\":\"EntryPoint\",\"urlTemplate\":\"https:\/\/mybeautydogmonaco.com\/fr\/?s={search_term_string}\"},\"query-input\":{\"@type\":\"PropertyValueSpecification\",\"valueRequired\":true,\"valueName\":\"search_term_string\"}}],\"inLanguage\":\"fr-FR\"},{\"@type\":\"Organization\",\"@id\":\"https:\/\/mybeautydogmonaco.com\/fr\/#organization\",\"name\":\"My Beauty Dog\",\"url\":\"https:\/\/mybeautydogmonaco.com\/fr\/\",\"logo\":{\"@type\":\"ImageObject\",\"inLanguage\":\"fr-FR\",\"@id\":\"https:\/\/mybeautydogmonaco.com\/fr\/#\/schema\/logo\/image\/\",\"url\":\"https:\/\/mybeautydog-vitrine-com-dev.jupiter.cdigital.fr\/wp-content\/uploads\/2022\/06\/1-\u1112\u1174\u11ab\u1107\u1162\u1100\u1167\u11bc-\u110b\u116f\u11ab\u1107\u1169\u11ab.png\",\"contentUrl\":\"https:\/\/mybeautydog-vitrine-com-dev.jupiter.cdigital.fr\/wp-content\/uploads\/2022\/06\/1-\u1112\u1174\u11ab\u1107\u1162\u1100\u1167\u11bc-\u110b\u116f\u11ab\u1107\u1169\u11ab.png\",\"width\":1000,\"height\":1000,\"caption\":\"My Beauty Dog\"},\"image\":{\"@id\":\"https:\/\/mybeautydogmonaco.com\/fr\/#\/schema\/logo\/image\/\"}}]}<\/script>\n<!-- \/ Yoast SEO plugin. -->","yoast_head_json":{"title":"FAQ - My Beauty Dog","robots":{"index":"index","follow":"follow","max-snippet":"max-snippet:-1","max-image-preview":"max-image-preview:large","max-video-preview":"max-video-preview:-1"},"canonical":"https:\/\/mybeautydogmonaco.com\/fr\/faq\/","og_locale":"fr_FR","og_type":"article","og_title":"FAQ - My Beauty Dog","og_description":"Les questions les plus fr\u00e9quentes des internautes","og_url":"https:\/\/mybeautydogmonaco.com\/fr\/faq\/","og_site_name":"My Beauty Dog","article_modified_time":"2022-11-11T11:15:33+00:00","twitter_card":"summary_large_image","twitter_misc":{"Dur\u00e9e de lecture estim\u00e9e":"1 minute"},"schema":{"@context":"https:\/\/schema.org","@graph":[{"@type":"WebPage","@id":"https:\/\/mybeautydogmonaco.com\/fr\/faq\/","url":"https:\/\/mybeautydogmonaco.com\/fr\/faq\/","name":"FAQ - My Beauty Dog","isPartOf":{"@id":"https:\/\/mybeautydogmonaco.com\/fr\/#website"},"datePublished":"2022-06-17T08:08:19+00:00","dateModified":"2022-11-11T11:15:33+00:00","breadcrumb":{"@id":"https:\/\/mybeautydogmonaco.com\/fr\/faq\/#breadcrumb"},"inLanguage":"fr-FR","potentialAction":[{"@type":"ReadAction","target":["https:\/\/mybeautydogmonaco.com\/fr\/faq\/"]}]},{"@type":"BreadcrumbList","@id":"https:\/\/mybeautydogmonaco.com\/fr\/faq\/#breadcrumb","itemListElement":[{"@type":"ListItem","position":1,"name":"HOME","item":"https:\/\/mybeautydogmonaco.com\/fr\/"},{"@type":"ListItem","position":2,"name":"FAQ"}]},{"@type":"WebSite","@id":"https:\/\/mybeautydogmonaco.com\/fr\/#website","url":"https:\/\/mybeautydogmonaco.com\/fr\/","name":"My Beauty Dog","description":"","publisher":{"@id":"https:\/\/mybeautydogmonaco.com\/fr\/#organization"},"potentialAction":[{"@type":"SearchAction","target":{"@type":"EntryPoint","urlTemplate":"https:\/\/mybeautydogmonaco.com\/fr\/?s={search_term_string}"},"query-input":{"@type":"PropertyValueSpecification","valueRequired":true,"valueName":"search_term_string"}}],"inLanguage":"fr-FR"},{"@type":"Organization","@id":"https:\/\/mybeautydogmonaco.com\/fr\/#organization","name":"My Beauty Dog","url":"https:\/\/mybeautydogmonaco.com\/fr\/","logo":{"@type":"ImageObject","inLanguage":"fr-FR","@id":"https:\/\/mybeautydogmonaco.com\/fr\/#\/schema\/logo\/image\/","url":"https:\/\/mybeautydog-vitrine-com-dev.jupiter.cdigital.fr\/wp-content\/uploads\/2022\/06\/1-\u1112\u1174\u11ab\u1107\u1162\u1100\u1167\u11bc-\u110b\u116f\u11ab\u1107\u1169\u11ab.png","contentUrl":"https:\/\/mybeautydog-vitrine-com-dev.jupiter.cdigital.fr\/wp-content\/uploads\/2022\/06\/1-\u1112\u1174\u11ab\u1107\u1162\u1100\u1167\u11bc-\u110b\u116f\u11ab\u1107\u1169\u11ab.png","width":1000,"height":1000,"caption":"My Beauty Dog"},"image":{"@id":"https:\/\/mybeautydogmonaco.com\/fr\/#\/schema\/logo\/image\/"}}]}},"_links":{"self":[{"href":"https:\/\/mybeautydogmonaco.com\/fr\/wp-json\/wp\/v2\/pages\/474","targetHints":{"allow":["GET"]}}],"collection":[{"href":"https:\/\/mybeautydogmonaco.com\/fr\/wp-json\/wp\/v2\/pages"}],"about":[{"href":"https:\/\/mybeautydogmonaco.com\/fr\/wp-json\/wp\/v2\/types\/page"}],"author":[{"embeddable":true,"href":"https:\/\/mybeautydogmonaco.com\/fr\/wp-json\/wp\/v2\/users\/101"}],"replies":[{"embeddable":true,"href":"https:\/\/mybeautydogmonaco.com\/fr\/wp-json\/wp\/v2\/comments?post=474"}],"version-history":[{"count":3,"href":"https:\/\/mybeautydogmonaco.com\/fr\/wp-json\/wp\/v2\/pages\/474\/revisions"}],"predecessor-version":[{"id":2518,"href":"https:\/\/mybeautydogmonaco.com\/fr\/wp-json\/wp\/v2\/pages\/474\/revisions\/2518"}],"wp:attachment":[{"href":"https:\/\/mybeautydogmonaco.com\/fr\/wp-json\/wp\/v2\/media?parent=474"}],"curies":[{"name":"wp","href":"https:\/\/api.w.org\/{rel}","templated":true}]}}