{"id":477,"date":"2022-06-17T10:08:02","date_gmt":"2022-06-17T08:08:02","guid":{"rendered":"https:\/\/mybeautydogmonaco-com-dev.jupiter.cdigital.fr\/general-terms-and-condition-of-sales\/"},"modified":"2022-09-05T15:03:40","modified_gmt":"2022-09-05T13:03:40","slug":"conditions-generales-de-vente","status":"publish","type":"page","link":"https:\/\/mybeautydogmonaco.com\/fr\/conditions-generales-de-vente\/","title":{"rendered":"Conditions g\u00e9n\u00e9rales de vente"},"content":{"rendered":"<p><b>1 : Objet<\/b><\/p>\n<p><span style=\"font-weight: 400;\">Les conditions g\u00e9n\u00e9rales de vente d\u00e9crites ci-apr\u00e8s d\u00e9taillent les droits et obligations de la <\/span><i><span style=\"font-weight: 400;\">soci\u00e9t\u00e9 MY BEAUTY DOG<\/span><\/i><span style=\"font-weight: 400;\"> et de son client dans le cadre de la vente des marchandises suivantes : accessoires pour animaux.<\/span><span style=\"font-weight: 400;\"><br \/>\n<\/span><span style=\"font-weight: 400;\">Toute prestation accomplie par la <\/span><i><span style=\"font-weight: 400;\">soci\u00e9t\u00e9 MY BEAUTY DOG<\/span><\/i><span style=\"font-weight: 400;\"> implique donc l&rsquo;adh\u00e9sion sans r\u00e9serve de l&rsquo;acheteur aux pr\u00e9sentes conditions g\u00e9n\u00e9rales de vente afin que le client puisse commander sur la boutique du site internet <\/span><a href=\"http:\/\/www.mybeautydog-vitrine-com-dev.jupiter.cdigital.fr\"><span style=\"font-weight: 400;\">www.mybeautydog-vitrine-com-dev.jupiter.cdigital.fr<\/span><\/a><span style=\"font-weight: 400;\"> .<\/span> <span style=\"font-weight: 400;\">Ces conditions ne s&rsquo;appliquent pas aux achats effectu\u00e9s dans d\u2019autres points de vente<\/span><span style=\"font-weight: 400;\">.<\/span><\/p>\n<p><span style=\"font-weight: 400;\">La <\/span><i><span style=\"font-weight: 400;\">soci\u00e9t\u00e9 My Beauty Dog<\/span><\/i><span style=\"font-weight: 400;\"> peut modifier \u00e0 tout moment les dispositions de ces pr\u00e9sentes conditions g\u00e9n\u00e9rales d\u2019utilisation et de vente.<\/span><\/p>\n<p>&nbsp;<\/p>\n<p><b>2\u00a0: Inscription<\/b><\/p>\n<p><span style=\"font-weight: 400;\">Le client particulier peut effectuer une commande en tant qu\u2019invit\u00e9 ou en cr\u00e9ant un compte personnel afin que ses informations personnelles soient pr\u00e9enregistr\u00e9e pour ses prochaines commandes. Le client professionnel devra <\/span><span style=\"font-weight: 400;\">obligatoirement<\/span><span style=\"font-weight: 400;\"> cr\u00e9er un compte professionnel afin de profiter de prix\u00a0 r\u00e9serv\u00e9s aux professionnels et passer une commande\u00a0; Le client professionnel devra faire parvenir \u00e0 la <\/span><i><span style=\"font-weight: 400;\">soci\u00e9t\u00e9 My Beauty Dog<\/span><\/i><span style=\"font-weight: 400;\"> lors de la cr\u00e9ation de son compte personnel des justificatifs de l\u2019existence de son statut de professionnel.<\/span><\/p>\n<p><span style=\"font-weight: 400;\">Le client est l\u2019unique responsable du maintient de la confidentialit\u00e9 de son identifiant et de son mot de passe\u00a0 lui permettant de se connecter \u00e0 son espace personnel.<\/span><\/p>\n<p><span style=\"font-weight: 400;\">Si la <\/span><i><span style=\"font-weight: 400;\">soci\u00e9t\u00e9 My Beauty Dog<\/span><\/i><span style=\"font-weight: 400;\"> s\u2019aper\u00e7oit qu\u2019un client particulier ou professionnel a communiqu\u00e9 lors de son inscription des informations fausses, erron\u00e9es ou incompl\u00e8tes, le compte personnel sera imm\u00e9diatement suspendu sans aucun pr\u00e9avis.<\/span><\/p>\n<p>&nbsp;<\/p>\n<p><b>3\u00a0: ARTICLES<\/b><\/p>\n<p><span style=\"font-weight: 400;\">Les articles vendus sur le site internet <\/span><span style=\"font-weight: 400;\">mybeautydog-vitrine-com-dev.jupiter.cdigital.fr<\/span><span style=\"font-weight: 400;\"> sont propos\u00e9s \u00e0 la vente jusqu\u2019\u00e0 \u00e9puisement des stocks. En cas de commande apr\u00e8s rupture de stocks, la <\/span><i><span style=\"font-weight: 400;\">soci\u00e9t\u00e9 my beauty<\/span><\/i> <i><span style=\"font-weight: 400;\">dog<\/span><\/i><span style=\"font-weight: 400;\"> s\u2019engage \u00e0 pr\u00e9venir dans un d\u00e9lais de 7jours ouvrables le client afin de lui proposer des solutions\u00a0: soit en indiquant au client en combien de temps cet article pourrait \u00eatre disponible, soit en proposant au client un avoir ou un remboursement de ce produit. Le remboursement du prix d\u2019un article s\u2019effectue dans un d\u00e9lai de 30 jours ouvrables suivant la demande \u00e9crite du client.<\/span><\/p>\n<p><span style=\"font-weight: 400;\">Les articles propos\u00e9s \u00e0 la vente sont tous accompagn\u00e9s d\u2019un descriptif d\u00e9taill\u00e9 ainsi que de photographies afin que le client puisse conna\u00eetre les caract\u00e9ristiques essentielles des produits qu\u2019il souhaite acheter. Attention\u00a0: les photographies des articles ne sont pas contractuelles et la responsabilit\u00e9 de la soci\u00e9t\u00e9 My Beauty Dog ne peut pas \u00eatre engag\u00e9e si des erreurs sont pr\u00e9sentes dans le descriptif d\u00e9taill\u00e9 des articles.<\/span><\/p>\n<p><b>4\u00a0: Prix<\/b><\/p>\n<p><span style=\"font-weight: 400;\">Les prix des marchandises vendues sont ceux en vigueur au jour de la prise de commande. Ils sont libell\u00e9s en euros et toutes taxes comprises pour un client particulier, et Hors taxes pour un client professionnel, \u00e0 condition que le client professionnel ait eu son compte client approuv\u00e9 en tant que professionnel par la <\/span><i><span style=\"font-weight: 400;\">soci\u00e9t\u00e9 My beauty dog<\/span><\/i><span style=\"font-weight: 400;\">. <\/span><span style=\"font-weight: 400;\">Pour \u00eatre identifi\u00e9 en tant que professionnel, le client devra cr\u00e9er un compte en indiquant un num\u00e9ro siret valide, un num\u00e9ro de taxe intracommunautaire et une adresse email professionnelle. Un code lui sera alors communiqu\u00e9 afin qu\u2019il puisse profiter de prix r\u00e9serv\u00e9s aux professionnels.<\/span><\/p>\n<p><span style=\"font-weight: 400;\">Des frais de transport applicables au jour de la commande seront ajout\u00e9s suivant le choix du client, et apparaitrons lors de la finalisation de la commande. <\/span><span style=\"font-weight: 400;\"><br \/>\n<\/span><span style=\"font-weight: 400;\">La <\/span><i><span style=\"font-weight: 400;\">soci\u00e9t\u00e9 My Beauty Dog<\/span><\/i><span style=\"font-weight: 400;\"> s&rsquo;accorde le droit de modifier ses tarifs \u00e0 tout moment. Toutefois, elle s&rsquo;engage \u00e0 facturer les marchandises command\u00e9es aux prix indiqu\u00e9s lors de l&rsquo;enregistrement de la commande.<\/span><\/p>\n<p>&nbsp;<\/p>\n<h2><b>5 : Escompte<\/b><\/h2>\n<p><span style=\"font-weight: 400;\">Aucun escompte ne sera consenti en cas de paiement anticip\u00e9.<\/span><\/p>\n<p>&nbsp;<\/p>\n<p><b>6: Livraison\/Retard<\/b><\/p>\n<p><span style=\"font-weight: 400;\">La commande sera exp\u00e9di\u00e9e dans un d\u00e9lai de 7jours \u00e0 compter de la date ou le client aura finaliser et pay\u00e9 sa commande. Il appartient au client de v\u00e9rifier lors de la finalisation de sa commande l\u2019exactitude de l\u2019adresse de livraison. En cas d\u2019informations erron\u00e9es ayant entrain\u00e9 l\u2019impossibilit\u00e9 pour le transporteur de proc\u00e9der \u00e0 la livraison, une seconde livraison \u00e0 la charge du client sera possible. Le client devra alors s\u2019acquitter des frais de livraisons une seconde fois avant que ses articles lui soient renvoy\u00e9s. Le paiement de ces frais de livraison se fera par virement bancaire.\u00a0<\/span><\/p>\n<p><span style=\"font-weight: 400;\">La livraison est effectu\u00e9e selon le type de livraison choisi par le client au moment de la finalisation de sa commande.\u00a0Le d\u00e9lai de livraison indiqu\u00e9 lors du choix de type de livraison n&rsquo;est donn\u00e9 qu&rsquo;\u00e0 titre indicatif et n&rsquo;est aucunement garanti.<\/span><\/p>\n<p><span style=\"font-weight: 400;\">Par voie de cons\u00e9quence, tout retard raisonnable dans la livraison des produits ne pourra pas donner lieu au profit de l&rsquo;acheteur \u00e0 l\u2019allocation de dommages et int\u00e9r\u00eats ou l\u2019annulation de la commande.<\/span><\/p>\n<p><span style=\"font-weight: 400;\">Le risque du transport est support\u00e9 en totalit\u00e9 par l&rsquo;acheteur. Lors du transport, il se peut que les colis puissent \u00eatre endommag\u00e9s\u00a0; c\u2019est pour cela que nous vous recommandons de v\u00e9rifier l\u2019\u00e9tat des colis en pr\u00e9sence du prestataire de transport, et en cas d\u2019anomalie, le stipuler sur les bordereaux de r\u00e9ception de colis afin d\u2019avoir une preuve et t\u00e9moin \u00e0 vos cot\u00e9s.\u00a0<\/span><\/p>\n<p><span style=\"font-weight: 400;\"><br \/>\n<\/span><span style=\"font-weight: 400;\">En cas d\u2019erreur de livraison (produits manquants ou non conformes \u00e0 la commande) de la <\/span><i><span style=\"font-weight: 400;\">soci\u00e9t\u00e9 My Beauty Dog<\/span><\/i><span style=\"font-weight: 400;\">, le clients devra <\/span><span style=\"font-weight: 400;\">IMPERATIVEMENT<\/span><span style=\"font-weight: 400;\"> signaler le probl\u00e8me par courrier email a l\u2019adresse <\/span><a href=\"mailto:info@mybeautydog-vitrine-com-dev.jupiter.cdigital.fr\"><span style=\"font-weight: 400;\">info@mybeautydog-vitrine-com-dev.jupiter.cdigital.fr<\/span><\/a><span style=\"font-weight: 400;\"> dans les 48h suivant la r\u00e9ception de cette commande\u00a0; le cas \u00e9ch\u00e9ant, toute r\u00e9clamation formul\u00e9e au del\u00e0 de ce d\u00e9lai sera rejet\u00e9e.<\/span><\/p>\n<p><span style=\"font-weight: 400;\">La <\/span><i><span style=\"font-weight: 400;\">soci\u00e9t\u00e9 My Beauty Dog<\/span><\/i><span style=\"font-weight: 400;\"> n\u2019est pas responsable du d\u00e9gradement de la marchandise lors de la livraison.\u00a0<\/span><\/p>\n<p><span style=\"font-weight: 400;\">Les tarifs de livraisons sont indiqu\u00e9s lors de la finalisation de la commande. Votre colis sera livr\u00e9 chez vous sous 48h \u00e0 96h en envoie COLISSIMO, le d\u00e9lai pouvant varier en fonction du poids et de la zone g\u00e9ographique.<\/span><\/p>\n<p><span style=\"font-weight: 400;\">Conditions tarifaires\u00a0:<\/span><\/p>\n<p><i><span style=\"font-weight: 400;\">-Concernant les PARTICULIERS<\/span><\/i><span style=\"font-weight: 400;\"> :<\/span><\/p>\n<p><span style=\"font-weight: 400;\">Les Frais de ports sont offerts \u00e0 partir de 89euros TTC \u00e0 destination de l\u2019Union Europ\u00e9enne et de la Suisse hors Corse et \u00eeles.\u00a0\u00a0<\/span><\/p>\n<p><span style=\"font-weight: 400;\">Pour des commandes dont le montant est inf\u00e9rieur \u00e0 89euros TTC , des frais forfaitaires d\u2019emballage, pr\u00e9paration et d\u2019exp\u00e9dition vous seront factur\u00e9s 7,5euros TTC .<\/span><\/p>\n<p><span style=\"font-weight: 400;\">Pour les autres destinations, n\u2019h\u00e9sitez pas \u00e0 nous contacter pour avoir un devis, nous livrons dans le monde entier.<\/span><\/p>\n<p><span style=\"font-weight: 400;\">Attention<\/span><span style=\"font-weight: 400;\">\u00a0: l\u2019envoi de certains articles encombrants peut \u00eatre soumis \u00e0 une tarification diff\u00e9rente\u00a0; merci de nous contacter au pr\u00e9alable si cela est indiqu\u00e9 dans la description de cet article.<\/span><\/p>\n<p><i><span style=\"font-weight: 400;\">-Concernant les PROFESSIONNELS\u00a0<\/span><\/i><span style=\"font-weight: 400;\">:<\/span><\/p>\n<p><span style=\"font-weight: 400;\">Les Frais de ports sont offerts \u00e0 partir de 250euros HT \u00e0 destination de l\u2019Union Europ\u00e9enne et de la Suisse hors Corse et \u00eeles.\u00a0<\/span><\/p>\n<p><span style=\"font-weight: 400;\">Pour des commandes dont le montant est inf\u00e9rieur \u00e0 250euros HT, des frais forfaitaires d\u2019emballage, pr\u00e9paration et d\u2019exp\u00e9dition vous seront factur\u00e9s 14.90 euros HT .<\/span><\/p>\n<p><span style=\"font-weight: 400;\">Pour les autres destinations, n\u2019h\u00e9sitez pas \u00e0 nous contacter pour avoir un devis, nous livrons dans le monde entier.<\/span><\/p>\n<p><span style=\"font-weight: 400;\">Attention\u00a0<\/span><span style=\"font-weight: 400;\">: l\u2019envoi de certains articles encombrants peut \u00eatre soumis \u00e0 une tarification diff\u00e9rente\u00a0; merci de nous contacter au pr\u00e9alable si cela est indiqu\u00e9 dans la description de cet article.<\/span><\/p>\n<p>&nbsp;<\/p>\n<h2><b>7 : Modalit\u00e9s de paiement et s\u00e9curit\u00e9 bancaires<\/b><\/h2>\n<p><span style=\"font-weight: 400;\">Le montant d\u00fb par le client est indiqu\u00e9 suite \u00e0 la confirmation de la commande. Le r\u00e8glement de la commande s&rsquo;effectue soit par carte bancaire, soit par virement paypal. La soci\u00e9t\u00e9 My Beauty Dog se r\u00e9serve le droit de refuser toute commande ou livraison en cas de litige existant ou ayant exist\u00e9 avec le client.<\/span><\/p>\n<p><span style=\"font-weight: 400;\">\u00a0Les commandes ne seront pas exp\u00e9di\u00e9es ou remises au client avant d\u2019avoir eu la preuve du paiement de cette commande par les instances financi\u00e8res de la <\/span><i><span style=\"font-weight: 400;\">soci\u00e9t\u00e9 My Beauty Dog.<\/span><\/i><\/p>\n<p><span style=\"font-weight: 400;\">Aucune donn\u00e9e personnelle bancaire du client n&rsquo;est conserv\u00e9e ou communiqu\u00e9e \u00e0 des tiers. Au moment de confirmer sa commande, le client est redirig\u00e9 vers le site de paiement s\u00e9curis\u00e9 du prestataire bancaire.<\/span><\/p>\n<p>&nbsp;<\/p>\n<p><b>8\u00a0: ECHANGES\/REMBOURSEMENT<\/b><\/p>\n<p><span style=\"font-weight: 400;\">Pour des raisons d&rsquo;hygi\u00e8ne, les v\u00eatements (Manteau, robe, T-shirt, sous v\u00eatements, chaussettes\u2026), harnais fa\u00e7on vestes et museli\u00e8res ne seront pas \u00e9chang\u00e9s ou rembours\u00e9s.\u00a0<\/span><span style=\"font-weight: 400;\"><br \/>\n<\/span><span style=\"font-weight: 400;\">Si vous avez le moindre doute sur une taille, n\u2019h\u00e9sitez pas \u00e0 vous r\u00e9f\u00e9rer au guide de taille pr\u00e9sent sur chaque fiche produit, ou a nous contacter via l\u2019application whatts\u2019app, Service client disponible du Mardi au Samedi de 10h \u00e017h.<\/span><\/p>\n<p>&nbsp;<\/p>\n<p><span style=\"font-weight: 400;\">Le client dispose d\u2019un droit de r\u00e9tractation de 7jours ouvrables pour changer d\u2019avis. En cas d\u2019\u00e9change ou demande de remboursement, l\u2019article devra \u00eatre retourn\u00e9\u00a0 \u00e0 la <\/span><i><span style=\"font-weight: 400;\">soci\u00e9t\u00e9 My Beauty Dog<\/span><\/i><span style=\"font-weight: 400;\"> dans son ensemble, \u00e9tat neuf et dans son emballage d\u2019origine \u00e0 l\u2019adresse suivante en colis recommand\u00e9 \u00e0 la charge du client : 2 boulevard d\u2019Italie, immeuble le grand palais 98000 Monaco. Pour \u00eatre accept\u00e9, tout retour devra \u00eatre signal\u00e9 au pr\u00e9alable \u00e0 la <\/span><i><span style=\"font-weight: 400;\">soci\u00e9t\u00e9 My Beauty Dog<\/span><\/i><span style=\"font-weight: 400;\">.<\/span><\/p>\n<p><span style=\"font-weight: 400;\">Le remboursement se fera dans un d\u00e9lai de 30jours \u00e0 hauteur des sommes vers\u00e9es par le client hors frais de port. En cas de demande d\u2019\u00e9change, un nouvel article sera renvoy\u00e9 au client apr\u00e8s que le client se soit affranchi des nouveaux frais de port.<\/span><\/p>\n<p>&nbsp;<\/p>\n<p><b>9 : Clause de r\u00e9serve de propri\u00e9t\u00e9<\/b><\/p>\n<p><span style=\"font-weight: 400;\">La <\/span><i><span style=\"font-weight: 400;\">soci\u00e9t\u00e9 MY BEAUTY DOG<\/span><\/i><span style=\"font-weight: 400;\"> conserve la propri\u00e9t\u00e9 des biens vendus jusqu&rsquo;au paiement int\u00e9gral du prix, en principal et en accessoires. \u00c0 ce titre, si l&rsquo;acheteur fait l&rsquo;objet d&rsquo;un redressement ou d&rsquo;une liquidation judiciaire, la soci\u00e9t\u00e9 MY BEAUTY DOG se r\u00e9serve le droit de revendiquer, dans le cadre de la proc\u00e9dure collective, les marchandises vendues et rest\u00e9es impay\u00e9es.\u00a0<\/span><\/p>\n<p><span style=\"font-weight: 400;\">Les textes Logos et photographies pr\u00e9sents sur le site <\/span><a href=\"http:\/\/www.mybeautydog-vitrine-com-dev.jupiter.cdigital.fr\"><span style=\"font-weight: 400;\">www.mybeautydog-vitrine-com-dev.jupiter.cdigital.fr<\/span><\/a><span style=\"font-weight: 400;\"> sont prot\u00e9g\u00e9s par tous droit de propri\u00e9t\u00e9 intellectuelle. Tout acte de reproduction et de copies feront l\u2019objet de poursuites judiciaires<\/span><\/p>\n<p><b>10 : Force majeure<\/b><\/p>\n<p><span style=\"font-weight: 400;\">La responsabilit\u00e9 de la <\/span><i><span style=\"font-weight: 400;\">soci\u00e9t\u00e9 My Beauty Dog<\/span><\/i><span style=\"font-weight: 400;\"> ne pourra pas \u00eatre mise en \u0153uvre si la non-ex\u00e9cution ou le retard dans l&rsquo;ex\u00e9cution de l&rsquo;une de ses obligations d\u00e9crites dans les pr\u00e9sentes conditions g\u00e9n\u00e9rales de vente d\u00e9coule d&rsquo;un cas de force majeure. \u00c0 ce titre, la force majeure s&rsquo;entend de tout \u00e9v\u00e9nement ext\u00e9rieur, impr\u00e9visible et irr\u00e9sistible reconnu comme tels par la cours et tribunal mon\u00e9gasque.<\/span><\/p>\n<p>&nbsp;<\/p>\n<p><b>11 : Tribunal comp\u00e9tent<\/b><\/p>\n<p><span style=\"font-weight: 400;\">Tout litige relatif \u00e0 l&rsquo;interpr\u00e9tation et \u00e0 l&rsquo;ex\u00e9cution des pr\u00e9sentes conditions g\u00e9n\u00e9rales de vente est soumis au droit mon\u00e9gasque.<\/span><\/p>\n<p><span style=\"font-weight: 400;\">\u00c0 d\u00e9faut de r\u00e9solution amiable, le litige sera port\u00e9 devant le Tribunal de la principaut\u00e9 de Monaco.<\/span><\/p>\n<p><span style=\"font-weight: 400;\">\u00a0<\/span><\/p>\n<p>&nbsp;<\/p>\n","protected":false},"excerpt":{"rendered":"<p>1 : Objet Les conditions g\u00e9n\u00e9rales de vente d\u00e9crites ci-apr\u00e8s d\u00e9taillent les droits et obligations de la soci\u00e9t\u00e9 MY BEAUTY DOG et de son client dans le cadre de la vente des marchandises suivantes : accessoires pour animaux. Toute prestation accomplie par la soci\u00e9t\u00e9 MY BEAUTY DOG implique donc l&rsquo;adh\u00e9sion sans r\u00e9serve de l&rsquo;acheteur aux [&hellip;]<\/p>\n","protected":false},"author":101,"featured_media":0,"parent":0,"menu_order":0,"comment_status":"closed","ping_status":"closed","template":"","meta":{"_acf_changed":false,"footnotes":""},"class_list":["post-477","page","type-page","status-publish","hentry"],"acf":[],"yoast_head":"<!-- This site is optimized with the Yoast SEO plugin v27.2 - https:\/\/yoast.com\/product\/yoast-seo-wordpress\/ -->\n<title>Conditions g\u00e9n\u00e9rales de vente - My Beauty Dog<\/title>\n<meta name=\"robots\" content=\"index, follow, max-snippet:-1, max-image-preview:large, max-video-preview:-1\" \/>\n<link rel=\"canonical\" href=\"https:\/\/mybeautydogmonaco.com\/fr\/conditions-generales-de-vente\/\" \/>\n<meta property=\"og:locale\" content=\"fr_FR\" \/>\n<meta property=\"og:type\" content=\"article\" \/>\n<meta property=\"og:title\" content=\"Conditions g\u00e9n\u00e9rales de vente - My Beauty Dog\" \/>\n<meta property=\"og:description\" content=\"1 : Objet Les conditions g\u00e9n\u00e9rales de vente d\u00e9crites ci-apr\u00e8s d\u00e9taillent les droits et obligations de la soci\u00e9t\u00e9 MY BEAUTY DOG et de son client dans le cadre de la vente des marchandises suivantes : accessoires pour animaux. Toute prestation accomplie par la soci\u00e9t\u00e9 MY BEAUTY DOG implique donc l&rsquo;adh\u00e9sion sans r\u00e9serve de l&rsquo;acheteur aux [&hellip;]\" \/>\n<meta property=\"og:url\" content=\"https:\/\/mybeautydogmonaco.com\/fr\/conditions-generales-de-vente\/\" \/>\n<meta property=\"og:site_name\" content=\"My Beauty Dog\" \/>\n<meta property=\"article:modified_time\" content=\"2022-09-05T13:03:40+00:00\" \/>\n<meta name=\"twitter:card\" content=\"summary_large_image\" \/>\n<meta name=\"twitter:label1\" content=\"Dur\u00e9e de lecture estim\u00e9e\" \/>\n\t<meta name=\"twitter:data1\" content=\"8 minutes\" \/>\n<script type=\"application\/ld+json\" class=\"yoast-schema-graph\">{\"@context\":\"https:\/\/schema.org\",\"@graph\":[{\"@type\":\"WebPage\",\"@id\":\"https:\/\/mybeautydogmonaco.com\/fr\/conditions-generales-de-vente\/\",\"url\":\"https:\/\/mybeautydogmonaco.com\/fr\/conditions-generales-de-vente\/\",\"name\":\"Conditions g\u00e9n\u00e9rales de vente - My Beauty Dog\",\"isPartOf\":{\"@id\":\"https:\/\/mybeautydogmonaco.com\/fr\/#website\"},\"datePublished\":\"2022-06-17T08:08:02+00:00\",\"dateModified\":\"2022-09-05T13:03:40+00:00\",\"breadcrumb\":{\"@id\":\"https:\/\/mybeautydogmonaco.com\/fr\/conditions-generales-de-vente\/#breadcrumb\"},\"inLanguage\":\"fr-FR\",\"potentialAction\":[{\"@type\":\"ReadAction\",\"target\":[\"https:\/\/mybeautydogmonaco.com\/fr\/conditions-generales-de-vente\/\"]}]},{\"@type\":\"BreadcrumbList\",\"@id\":\"https:\/\/mybeautydogmonaco.com\/fr\/conditions-generales-de-vente\/#breadcrumb\",\"itemListElement\":[{\"@type\":\"ListItem\",\"position\":1,\"name\":\"HOME\",\"item\":\"https:\/\/mybeautydogmonaco.com\/fr\/\"},{\"@type\":\"ListItem\",\"position\":2,\"name\":\"Conditions g\u00e9n\u00e9rales de vente\"}]},{\"@type\":\"WebSite\",\"@id\":\"https:\/\/mybeautydogmonaco.com\/fr\/#website\",\"url\":\"https:\/\/mybeautydogmonaco.com\/fr\/\",\"name\":\"My Beauty Dog\",\"description\":\"\",\"publisher\":{\"@id\":\"https:\/\/mybeautydogmonaco.com\/fr\/#organization\"},\"potentialAction\":[{\"@type\":\"SearchAction\",\"target\":{\"@type\":\"EntryPoint\",\"urlTemplate\":\"https:\/\/mybeautydogmonaco.com\/fr\/?s={search_term_string}\"},\"query-input\":{\"@type\":\"PropertyValueSpecification\",\"valueRequired\":true,\"valueName\":\"search_term_string\"}}],\"inLanguage\":\"fr-FR\"},{\"@type\":\"Organization\",\"@id\":\"https:\/\/mybeautydogmonaco.com\/fr\/#organization\",\"name\":\"My Beauty Dog\",\"url\":\"https:\/\/mybeautydogmonaco.com\/fr\/\",\"logo\":{\"@type\":\"ImageObject\",\"inLanguage\":\"fr-FR\",\"@id\":\"https:\/\/mybeautydogmonaco.com\/fr\/#\/schema\/logo\/image\/\",\"url\":\"https:\/\/mybeautydog-vitrine-com-dev.jupiter.cdigital.fr\/wp-content\/uploads\/2022\/06\/1-\u1112\u1174\u11ab\u1107\u1162\u1100\u1167\u11bc-\u110b\u116f\u11ab\u1107\u1169\u11ab.png\",\"contentUrl\":\"https:\/\/mybeautydog-vitrine-com-dev.jupiter.cdigital.fr\/wp-content\/uploads\/2022\/06\/1-\u1112\u1174\u11ab\u1107\u1162\u1100\u1167\u11bc-\u110b\u116f\u11ab\u1107\u1169\u11ab.png\",\"width\":1000,\"height\":1000,\"caption\":\"My Beauty Dog\"},\"image\":{\"@id\":\"https:\/\/mybeautydogmonaco.com\/fr\/#\/schema\/logo\/image\/\"}}]}<\/script>\n<!-- \/ Yoast SEO plugin. -->","yoast_head_json":{"title":"Conditions g\u00e9n\u00e9rales de vente - My Beauty Dog","robots":{"index":"index","follow":"follow","max-snippet":"max-snippet:-1","max-image-preview":"max-image-preview:large","max-video-preview":"max-video-preview:-1"},"canonical":"https:\/\/mybeautydogmonaco.com\/fr\/conditions-generales-de-vente\/","og_locale":"fr_FR","og_type":"article","og_title":"Conditions g\u00e9n\u00e9rales de vente - My Beauty Dog","og_description":"1 : Objet Les conditions g\u00e9n\u00e9rales de vente d\u00e9crites ci-apr\u00e8s d\u00e9taillent les droits et obligations de la soci\u00e9t\u00e9 MY BEAUTY DOG et de son client dans le cadre de la vente des marchandises suivantes : accessoires pour animaux. Toute prestation accomplie par la soci\u00e9t\u00e9 MY BEAUTY DOG implique donc l&rsquo;adh\u00e9sion sans r\u00e9serve de l&rsquo;acheteur aux [&hellip;]","og_url":"https:\/\/mybeautydogmonaco.com\/fr\/conditions-generales-de-vente\/","og_site_name":"My Beauty Dog","article_modified_time":"2022-09-05T13:03:40+00:00","twitter_card":"summary_large_image","twitter_misc":{"Dur\u00e9e de lecture estim\u00e9e":"8 minutes"},"schema":{"@context":"https:\/\/schema.org","@graph":[{"@type":"WebPage","@id":"https:\/\/mybeautydogmonaco.com\/fr\/conditions-generales-de-vente\/","url":"https:\/\/mybeautydogmonaco.com\/fr\/conditions-generales-de-vente\/","name":"Conditions g\u00e9n\u00e9rales de vente - My Beauty Dog","isPartOf":{"@id":"https:\/\/mybeautydogmonaco.com\/fr\/#website"},"datePublished":"2022-06-17T08:08:02+00:00","dateModified":"2022-09-05T13:03:40+00:00","breadcrumb":{"@id":"https:\/\/mybeautydogmonaco.com\/fr\/conditions-generales-de-vente\/#breadcrumb"},"inLanguage":"fr-FR","potentialAction":[{"@type":"ReadAction","target":["https:\/\/mybeautydogmonaco.com\/fr\/conditions-generales-de-vente\/"]}]},{"@type":"BreadcrumbList","@id":"https:\/\/mybeautydogmonaco.com\/fr\/conditions-generales-de-vente\/#breadcrumb","itemListElement":[{"@type":"ListItem","position":1,"name":"HOME","item":"https:\/\/mybeautydogmonaco.com\/fr\/"},{"@type":"ListItem","position":2,"name":"Conditions g\u00e9n\u00e9rales de vente"}]},{"@type":"WebSite","@id":"https:\/\/mybeautydogmonaco.com\/fr\/#website","url":"https:\/\/mybeautydogmonaco.com\/fr\/","name":"My Beauty Dog","description":"","publisher":{"@id":"https:\/\/mybeautydogmonaco.com\/fr\/#organization"},"potentialAction":[{"@type":"SearchAction","target":{"@type":"EntryPoint","urlTemplate":"https:\/\/mybeautydogmonaco.com\/fr\/?s={search_term_string}"},"query-input":{"@type":"PropertyValueSpecification","valueRequired":true,"valueName":"search_term_string"}}],"inLanguage":"fr-FR"},{"@type":"Organization","@id":"https:\/\/mybeautydogmonaco.com\/fr\/#organization","name":"My Beauty Dog","url":"https:\/\/mybeautydogmonaco.com\/fr\/","logo":{"@type":"ImageObject","inLanguage":"fr-FR","@id":"https:\/\/mybeautydogmonaco.com\/fr\/#\/schema\/logo\/image\/","url":"https:\/\/mybeautydog-vitrine-com-dev.jupiter.cdigital.fr\/wp-content\/uploads\/2022\/06\/1-\u1112\u1174\u11ab\u1107\u1162\u1100\u1167\u11bc-\u110b\u116f\u11ab\u1107\u1169\u11ab.png","contentUrl":"https:\/\/mybeautydog-vitrine-com-dev.jupiter.cdigital.fr\/wp-content\/uploads\/2022\/06\/1-\u1112\u1174\u11ab\u1107\u1162\u1100\u1167\u11bc-\u110b\u116f\u11ab\u1107\u1169\u11ab.png","width":1000,"height":1000,"caption":"My Beauty Dog"},"image":{"@id":"https:\/\/mybeautydogmonaco.com\/fr\/#\/schema\/logo\/image\/"}}]}},"_links":{"self":[{"href":"https:\/\/mybeautydogmonaco.com\/fr\/wp-json\/wp\/v2\/pages\/477","targetHints":{"allow":["GET"]}}],"collection":[{"href":"https:\/\/mybeautydogmonaco.com\/fr\/wp-json\/wp\/v2\/pages"}],"about":[{"href":"https:\/\/mybeautydogmonaco.com\/fr\/wp-json\/wp\/v2\/types\/page"}],"author":[{"embeddable":true,"href":"https:\/\/mybeautydogmonaco.com\/fr\/wp-json\/wp\/v2\/users\/101"}],"replies":[{"embeddable":true,"href":"https:\/\/mybeautydogmonaco.com\/fr\/wp-json\/wp\/v2\/comments?post=477"}],"version-history":[{"count":3,"href":"https:\/\/mybeautydogmonaco.com\/fr\/wp-json\/wp\/v2\/pages\/477\/revisions"}],"predecessor-version":[{"id":671,"href":"https:\/\/mybeautydogmonaco.com\/fr\/wp-json\/wp\/v2\/pages\/477\/revisions\/671"}],"wp:attachment":[{"href":"https:\/\/mybeautydogmonaco.com\/fr\/wp-json\/wp\/v2\/media?parent=477"}],"curies":[{"name":"wp","href":"https:\/\/api.w.org\/{rel}","templated":true}]}}