{"id":11218,"date":"2024-04-08T09:43:22","date_gmt":"2024-04-08T07:43:22","guid":{"rendered":"https:\/\/kpetworld.com\/?post_type=product&#038;p=11218"},"modified":"2026-02-17T02:23:06","modified_gmt":"2026-02-17T01:23:06","slug":"parfum-requal-millenium","status":"publish","type":"product","link":"https:\/\/mybeautydogmonaco.com\/fr\/product\/parfum-requal-millenium\/","title":{"rendered":"Parfum Requal Millenium"},"content":{"rendered":"","protected":false},"excerpt":{"rendered":"<p>Quelques pulv\u00e9risations apr\u00e8s le toilettage ou le matin au r\u00e9veil suffisent pour laisser \u00e0 votre animal une fragrance agr\u00e9able et durable qui rend chaque c\u00e2lin encore plus agr\u00e9able.<\/p>\n","protected":false},"featured_media":13397,"template":"","meta":{"_acf_changed":false},"product_brand":[],"product_cat":[205],"product_tag":[],"typologie":[268],"channels":[260],"bons_plans":[],"class_list":{"0":"post-11218","1":"product","2":"type-product","3":"status-publish","4":"has-post-thumbnail","6":"product_cat-hygiene-and-well-being-fr","7":"typologie-produits","8":"channels-online","10":"first","11":"instock","12":"taxable","13":"shipping-taxable","14":"purchasable","15":"product-type-variable"},"acf":[],"yoast_head":"<!-- This site is optimized with the Yoast SEO plugin v27.2 - https:\/\/yoast.com\/product\/yoast-seo-wordpress\/ -->\n<title>Parfum Requal Millenium - My Beauty Dog<\/title>\n<meta name=\"robots\" content=\"index, follow, max-snippet:-1, max-image-preview:large, max-video-preview:-1\" \/>\n<link rel=\"canonical\" href=\"https:\/\/mybeautydogmonaco.com\/fr\/product\/parfum-requal-millenium\/\" \/>\n<meta property=\"og:locale\" content=\"fr_FR\" \/>\n<meta property=\"og:type\" content=\"article\" \/>\n<meta property=\"og:title\" content=\"Parfum Requal Millenium - My Beauty Dog\" \/>\n<meta property=\"og:description\" content=\"Quelques pulv\u00e9risations apr\u00e8s le toilettage ou le matin au r\u00e9veil suffisent pour laisser \u00e0 votre animal une fragrance agr\u00e9able et durable qui rend chaque c\u00e2lin encore plus agr\u00e9able.\" \/>\n<meta property=\"og:url\" content=\"https:\/\/mybeautydogmonaco.com\/fr\/product\/parfum-requal-millenium\/\" \/>\n<meta property=\"og:site_name\" content=\"My Beauty Dog\" \/>\n<meta property=\"article:modified_time\" content=\"2026-02-17T01:23:06+00:00\" \/>\n<meta property=\"og:image\" content=\"https:\/\/mybeautydogmonaco.com\/wp-content\/uploads\/2024\/04\/requal-profumo-eau-de-qual-millenium.png\" \/>\n\t<meta property=\"og:image:width\" content=\"800\" \/>\n\t<meta property=\"og:image:height\" content=\"960\" \/>\n\t<meta property=\"og:image:type\" content=\"image\/png\" \/>\n<meta name=\"twitter:card\" content=\"summary_large_image\" \/>\n<meta name=\"twitter:label1\" content=\"Dur\u00e9e de lecture estim\u00e9e\" \/>\n\t<meta name=\"twitter:data1\" content=\"1 minute\" \/>\n<script type=\"application\/ld+json\" class=\"yoast-schema-graph\">{\"@context\":\"https:\/\/schema.org\",\"@graph\":[{\"@type\":\"WebPage\",\"@id\":\"https:\/\/mybeautydogmonaco.com\/fr\/product\/parfum-requal-millenium\/\",\"url\":\"https:\/\/mybeautydogmonaco.com\/fr\/product\/parfum-requal-millenium\/\",\"name\":\"Parfum Requal Millenium - My Beauty Dog\",\"isPartOf\":{\"@id\":\"https:\/\/mybeautydogmonaco.com\/fr\/#website\"},\"primaryImageOfPage\":{\"@id\":\"https:\/\/mybeautydogmonaco.com\/fr\/product\/parfum-requal-millenium\/#primaryimage\"},\"image\":{\"@id\":\"https:\/\/mybeautydogmonaco.com\/fr\/product\/parfum-requal-millenium\/#primaryimage\"},\"thumbnailUrl\":\"https:\/\/mybeautydogmonaco.com\/wp-content\/uploads\/2024\/04\/requal-profumo-eau-de-qual-millenium.png\",\"datePublished\":\"2024-04-08T07:43:22+00:00\",\"dateModified\":\"2026-02-17T01:23:06+00:00\",\"breadcrumb\":{\"@id\":\"https:\/\/mybeautydogmonaco.com\/fr\/product\/parfum-requal-millenium\/#breadcrumb\"},\"inLanguage\":\"fr-FR\",\"potentialAction\":[{\"@type\":\"ReadAction\",\"target\":[\"https:\/\/mybeautydogmonaco.com\/fr\/product\/parfum-requal-millenium\/\"]}]},{\"@type\":\"ImageObject\",\"inLanguage\":\"fr-FR\",\"@id\":\"https:\/\/mybeautydogmonaco.com\/fr\/product\/parfum-requal-millenium\/#primaryimage\",\"url\":\"https:\/\/mybeautydogmonaco.com\/wp-content\/uploads\/2024\/04\/requal-profumo-eau-de-qual-millenium.png\",\"contentUrl\":\"https:\/\/mybeautydogmonaco.com\/wp-content\/uploads\/2024\/04\/requal-profumo-eau-de-qual-millenium.png\",\"width\":800,\"height\":960},{\"@type\":\"BreadcrumbList\",\"@id\":\"https:\/\/mybeautydogmonaco.com\/fr\/product\/parfum-requal-millenium\/#breadcrumb\",\"itemListElement\":[{\"@type\":\"ListItem\",\"position\":1,\"name\":\"HOME\",\"item\":\"https:\/\/mybeautydogmonaco.com\/fr\/\"},{\"@type\":\"ListItem\",\"position\":2,\"name\":\"Boutique\",\"item\":\"https:\/\/mybeautydogmonaco.com\/shop\/\"},{\"@type\":\"ListItem\",\"position\":3,\"name\":\"Hygi\u00e8ne &amp; Bien \u00eatre\",\"item\":\"https:\/\/mybeautydogmonaco.com\/fr\/categorie-produit\/hygiene-and-well-being-fr\/\"},{\"@type\":\"ListItem\",\"position\":4,\"name\":\"Parfum Requal Millenium\"}]},{\"@type\":\"WebSite\",\"@id\":\"https:\/\/mybeautydogmonaco.com\/fr\/#website\",\"url\":\"https:\/\/mybeautydogmonaco.com\/fr\/\",\"name\":\"My Beauty Dog\",\"description\":\"\",\"publisher\":{\"@id\":\"https:\/\/mybeautydogmonaco.com\/fr\/#organization\"},\"potentialAction\":[{\"@type\":\"SearchAction\",\"target\":{\"@type\":\"EntryPoint\",\"urlTemplate\":\"https:\/\/mybeautydogmonaco.com\/fr\/?s={search_term_string}\"},\"query-input\":{\"@type\":\"PropertyValueSpecification\",\"valueRequired\":true,\"valueName\":\"search_term_string\"}}],\"inLanguage\":\"fr-FR\"},{\"@type\":\"Organization\",\"@id\":\"https:\/\/mybeautydogmonaco.com\/fr\/#organization\",\"name\":\"My Beauty Dog\",\"url\":\"https:\/\/mybeautydogmonaco.com\/fr\/\",\"logo\":{\"@type\":\"ImageObject\",\"inLanguage\":\"fr-FR\",\"@id\":\"https:\/\/mybeautydogmonaco.com\/fr\/#\/schema\/logo\/image\/\",\"url\":\"https:\/\/mybeautydog-vitrine-com-dev.jupiter.cdigital.fr\/wp-content\/uploads\/2022\/06\/1-\u1112\u1174\u11ab\u1107\u1162\u1100\u1167\u11bc-\u110b\u116f\u11ab\u1107\u1169\u11ab.png\",\"contentUrl\":\"https:\/\/mybeautydog-vitrine-com-dev.jupiter.cdigital.fr\/wp-content\/uploads\/2022\/06\/1-\u1112\u1174\u11ab\u1107\u1162\u1100\u1167\u11bc-\u110b\u116f\u11ab\u1107\u1169\u11ab.png\",\"width\":1000,\"height\":1000,\"caption\":\"My Beauty Dog\"},\"image\":{\"@id\":\"https:\/\/mybeautydogmonaco.com\/fr\/#\/schema\/logo\/image\/\"}}]}<\/script>\n<!-- \/ Yoast SEO plugin. -->","yoast_head_json":{"title":"Parfum Requal Millenium - My Beauty Dog","robots":{"index":"index","follow":"follow","max-snippet":"max-snippet:-1","max-image-preview":"max-image-preview:large","max-video-preview":"max-video-preview:-1"},"canonical":"https:\/\/mybeautydogmonaco.com\/fr\/product\/parfum-requal-millenium\/","og_locale":"fr_FR","og_type":"article","og_title":"Parfum Requal Millenium - My Beauty Dog","og_description":"Quelques pulv\u00e9risations apr\u00e8s le toilettage ou le matin au r\u00e9veil suffisent pour laisser \u00e0 votre animal une fragrance agr\u00e9able et durable qui rend chaque c\u00e2lin encore plus agr\u00e9able.","og_url":"https:\/\/mybeautydogmonaco.com\/fr\/product\/parfum-requal-millenium\/","og_site_name":"My Beauty Dog","article_modified_time":"2026-02-17T01:23:06+00:00","og_image":[{"width":800,"height":960,"url":"https:\/\/mybeautydogmonaco.com\/wp-content\/uploads\/2024\/04\/requal-profumo-eau-de-qual-millenium.png","type":"image\/png"}],"twitter_card":"summary_large_image","twitter_misc":{"Dur\u00e9e de lecture estim\u00e9e":"1 minute"},"schema":{"@context":"https:\/\/schema.org","@graph":[{"@type":"WebPage","@id":"https:\/\/mybeautydogmonaco.com\/fr\/product\/parfum-requal-millenium\/","url":"https:\/\/mybeautydogmonaco.com\/fr\/product\/parfum-requal-millenium\/","name":"Parfum Requal Millenium - My Beauty Dog","isPartOf":{"@id":"https:\/\/mybeautydogmonaco.com\/fr\/#website"},"primaryImageOfPage":{"@id":"https:\/\/mybeautydogmonaco.com\/fr\/product\/parfum-requal-millenium\/#primaryimage"},"image":{"@id":"https:\/\/mybeautydogmonaco.com\/fr\/product\/parfum-requal-millenium\/#primaryimage"},"thumbnailUrl":"https:\/\/mybeautydogmonaco.com\/wp-content\/uploads\/2024\/04\/requal-profumo-eau-de-qual-millenium.png","datePublished":"2024-04-08T07:43:22+00:00","dateModified":"2026-02-17T01:23:06+00:00","breadcrumb":{"@id":"https:\/\/mybeautydogmonaco.com\/fr\/product\/parfum-requal-millenium\/#breadcrumb"},"inLanguage":"fr-FR","potentialAction":[{"@type":"ReadAction","target":["https:\/\/mybeautydogmonaco.com\/fr\/product\/parfum-requal-millenium\/"]}]},{"@type":"ImageObject","inLanguage":"fr-FR","@id":"https:\/\/mybeautydogmonaco.com\/fr\/product\/parfum-requal-millenium\/#primaryimage","url":"https:\/\/mybeautydogmonaco.com\/wp-content\/uploads\/2024\/04\/requal-profumo-eau-de-qual-millenium.png","contentUrl":"https:\/\/mybeautydogmonaco.com\/wp-content\/uploads\/2024\/04\/requal-profumo-eau-de-qual-millenium.png","width":800,"height":960},{"@type":"BreadcrumbList","@id":"https:\/\/mybeautydogmonaco.com\/fr\/product\/parfum-requal-millenium\/#breadcrumb","itemListElement":[{"@type":"ListItem","position":1,"name":"HOME","item":"https:\/\/mybeautydogmonaco.com\/fr\/"},{"@type":"ListItem","position":2,"name":"Boutique","item":"https:\/\/mybeautydogmonaco.com\/shop\/"},{"@type":"ListItem","position":3,"name":"Hygi\u00e8ne &amp; Bien \u00eatre","item":"https:\/\/mybeautydogmonaco.com\/fr\/categorie-produit\/hygiene-and-well-being-fr\/"},{"@type":"ListItem","position":4,"name":"Parfum Requal Millenium"}]},{"@type":"WebSite","@id":"https:\/\/mybeautydogmonaco.com\/fr\/#website","url":"https:\/\/mybeautydogmonaco.com\/fr\/","name":"My Beauty Dog","description":"","publisher":{"@id":"https:\/\/mybeautydogmonaco.com\/fr\/#organization"},"potentialAction":[{"@type":"SearchAction","target":{"@type":"EntryPoint","urlTemplate":"https:\/\/mybeautydogmonaco.com\/fr\/?s={search_term_string}"},"query-input":{"@type":"PropertyValueSpecification","valueRequired":true,"valueName":"search_term_string"}}],"inLanguage":"fr-FR"},{"@type":"Organization","@id":"https:\/\/mybeautydogmonaco.com\/fr\/#organization","name":"My Beauty Dog","url":"https:\/\/mybeautydogmonaco.com\/fr\/","logo":{"@type":"ImageObject","inLanguage":"fr-FR","@id":"https:\/\/mybeautydogmonaco.com\/fr\/#\/schema\/logo\/image\/","url":"https:\/\/mybeautydog-vitrine-com-dev.jupiter.cdigital.fr\/wp-content\/uploads\/2022\/06\/1-\u1112\u1174\u11ab\u1107\u1162\u1100\u1167\u11bc-\u110b\u116f\u11ab\u1107\u1169\u11ab.png","contentUrl":"https:\/\/mybeautydog-vitrine-com-dev.jupiter.cdigital.fr\/wp-content\/uploads\/2022\/06\/1-\u1112\u1174\u11ab\u1107\u1162\u1100\u1167\u11bc-\u110b\u116f\u11ab\u1107\u1169\u11ab.png","width":1000,"height":1000,"caption":"My Beauty Dog"},"image":{"@id":"https:\/\/mybeautydogmonaco.com\/fr\/#\/schema\/logo\/image\/"}}]}},"_links":{"self":[{"href":"https:\/\/mybeautydogmonaco.com\/fr\/wp-json\/wp\/v2\/product\/11218","targetHints":{"allow":["GET"]}}],"collection":[{"href":"https:\/\/mybeautydogmonaco.com\/fr\/wp-json\/wp\/v2\/product"}],"about":[{"href":"https:\/\/mybeautydogmonaco.com\/fr\/wp-json\/wp\/v2\/types\/product"}],"wp:featuredmedia":[{"embeddable":true,"href":"https:\/\/mybeautydogmonaco.com\/fr\/wp-json\/wp\/v2\/media\/13397"}],"wp:attachment":[{"href":"https:\/\/mybeautydogmonaco.com\/fr\/wp-json\/wp\/v2\/media?parent=11218"}],"wp:term":[{"taxonomy":"product_brand","embeddable":true,"href":"https:\/\/mybeautydogmonaco.com\/fr\/wp-json\/wp\/v2\/product_brand?post=11218"},{"taxonomy":"product_cat","embeddable":true,"href":"https:\/\/mybeautydogmonaco.com\/fr\/wp-json\/wp\/v2\/product_cat?post=11218"},{"taxonomy":"product_tag","embeddable":true,"href":"https:\/\/mybeautydogmonaco.com\/fr\/wp-json\/wp\/v2\/product_tag?post=11218"},{"taxonomy":"typologie","embeddable":true,"href":"https:\/\/mybeautydogmonaco.com\/fr\/wp-json\/wp\/v2\/typologie?post=11218"},{"taxonomy":"channels","embeddable":true,"href":"https:\/\/mybeautydogmonaco.com\/fr\/wp-json\/wp\/v2\/channels?post=11218"},{"taxonomy":"bons_plans","embeddable":true,"href":"https:\/\/mybeautydogmonaco.com\/fr\/wp-json\/wp\/v2\/bons_plans?post=11218"}],"curies":[{"name":"wp","href":"https:\/\/api.w.org\/{rel}","templated":true}]}}