{"id":12094,"date":"2022-10-26T16:31:55","date_gmt":"2022-10-26T14:31:55","guid":{"rendered":"http:\/\/localhost:9090\/?post_type=product&#038;p=2309"},"modified":"2026-01-26T17:21:37","modified_gmt":"2026-01-26T16:21:37","slug":"grape-fr-2309","status":"publish","type":"product","link":"https:\/\/mybeautydogmonaco.com\/fr\/product\/grape-fr-2309\/","title":{"rendered":"Grappe de raisin"},"content":{"rendered":"<p>La grappe de raisin avec son look d\u00e9contract\u00e9 et sa texture douce et moelleuse est arriv\u00e9e.<br \/>\nVotre petit amour adorera le son lorsqu\u2019il le serrera dans sa bouche, et vous pourrez cacher des petits g\u00e2teaux r\u00e9compenses dans la poche centrale de ce jeu afin de d\u00e9velopper le sens de l\u2019odorat de votre toutou! Super fun!<br \/>\nFabriqu\u00e9 en tissue \u00e9ponge doux et extensible, il absorbera la salive et s\u00e8chera tr\u00e8s rapidement. <\/p>\n<p>Taille : 18cm x 10cm<br \/>\nParce qu\u2019il s\u2019agit d\u2019un produit fait \u00e0 la main, il peut y avoir une erreur de plus ou moins 2cm de longueur.<\/p>\n<p>Lavage \u00e0 la main possible dans de l\u2019eau ti\u00e8de avec un d\u00e9tergent doux.<\/p>\n<p>Fabriqu\u00e9 en Cor\u00e9e du Sud<\/p>\n","protected":false},"excerpt":{"rendered":"<p>Ce super jouet pour chien est fabriqu\u00e9 en tissu \u00e9ponge doux et extensible.<\/p>\n","protected":false},"featured_media":2175,"template":"","meta":{"_acf_changed":false},"product_brand":[],"product_cat":[209,207,208],"product_tag":[],"typologie":[268],"channels":[260],"bons_plans":[],"class_list":{"0":"post-12094","1":"product","2":"type-product","3":"status-publish","4":"has-post-thumbnail","6":"product_cat-jouets","7":"product_cat-nose-work-fr","8":"product_cat-peluche-fr","9":"typologie-produits","10":"channels-online","12":"first","13":"instock","14":"taxable","15":"shipping-taxable","16":"purchasable","17":"product-type-simple"},"acf":[],"yoast_head":"<!-- This site is optimized with the Yoast SEO plugin v27.4 - https:\/\/yoast.com\/product\/yoast-seo-wordpress\/ -->\n<title>Grape<\/title>\n<meta name=\"description\" content=\"Le jouet en forme de raisin, avec son allure d\u00e9contract\u00e9e et sa texture douce et moelleuse, est arriv\u00e9 ! Votre petit compagnon adorera le bruit qu&#039;il fera en le pressant dans sa gueule. Vous pouvez m\u00eame cacher des petits g\u00e2teaux en guise de r\u00e9compense dans la poche centrale pour d\u00e9velopper son odorat ! Un vrai r\u00e9gal ! Fabriqu\u00e9 en tissu \u00e9ponge doux et extensible, il absorbe la salive et s\u00e8che tr\u00e8s rapidement. Dimensions : 18 cm x 10 cm. \u00c9tant un produit fait main, une marge d&#039;erreur de \u00b1 2 cm est possible. Lavable \u00e0 la main \u00e0 l&#039;eau ti\u00e8de avec une lessive douce. Fabriqu\u00e9 en Cor\u00e9e du Sud.\" \/>\n<meta name=\"robots\" content=\"index, follow, max-snippet:-1, max-image-preview:large, max-video-preview:-1\" \/>\n<link rel=\"canonical\" href=\"https:\/\/mybeautydogmonaco.com\/fr\/product\/grape-fr-2309\/\" \/>\n<meta property=\"og:locale\" content=\"fr_FR\" \/>\n<meta property=\"og:type\" content=\"article\" \/>\n<meta property=\"og:title\" content=\"Grape\" \/>\n<meta property=\"og:description\" content=\"The grape with its casual look and soft fluffy texture has arrived. your little love will love the sound when he squeezes it in his mouth, and you can hide reward cupcakes in the center pocket of this game to develop your pooch&#039;s sense of smell! great fun! made of soft and stretchy terry cloth, it will absorb saliva and dry very quickly. size: 18cm x 10cm because it is a handmade product, there may be an error of plus or minus 2cm in length. hand washable in lukewarm water with mild detergent. made in south korea\" \/>\n<meta property=\"og:url\" content=\"https:\/\/mybeautydogmonaco.com\/fr\/product\/grape-fr-2309\/\" \/>\n<meta property=\"og:site_name\" content=\"My Beauty Dog\" \/>\n<meta property=\"article:modified_time\" content=\"2026-01-26T16:21:37+00:00\" \/>\n<meta property=\"og:image\" content=\"https:\/\/mybeautydogmonaco.com\/wp-content\/uploads\/2022\/10\/grape_1.png\" \/>\n\t<meta property=\"og:image:width\" content=\"1250\" \/>\n\t<meta property=\"og:image:height\" content=\"968\" \/>\n\t<meta property=\"og:image:type\" content=\"image\/png\" \/>\n<meta name=\"twitter:card\" content=\"summary_large_image\" \/>\n<meta name=\"twitter:label1\" content=\"Dur\u00e9e de lecture estim\u00e9e\" \/>\n\t<meta name=\"twitter:data1\" content=\"1 minute\" \/>\n<script type=\"application\/ld+json\" class=\"yoast-schema-graph\">{\"@context\":\"https:\\\/\\\/schema.org\",\"@graph\":[{\"@type\":\"WebPage\",\"@id\":\"https:\\\/\\\/mybeautydogmonaco.com\\\/fr\\\/product\\\/grape-fr-2309\\\/\",\"url\":\"https:\\\/\\\/mybeautydogmonaco.com\\\/fr\\\/product\\\/grape-fr-2309\\\/\",\"name\":\"Grape\",\"isPartOf\":{\"@id\":\"https:\\\/\\\/mybeautydogmonaco.com\\\/fr\\\/#website\"},\"primaryImageOfPage\":{\"@id\":\"https:\\\/\\\/mybeautydogmonaco.com\\\/fr\\\/product\\\/grape-fr-2309\\\/#primaryimage\"},\"image\":{\"@id\":\"https:\\\/\\\/mybeautydogmonaco.com\\\/fr\\\/product\\\/grape-fr-2309\\\/#primaryimage\"},\"thumbnailUrl\":\"https:\\\/\\\/mybeautydogmonaco.com\\\/wp-content\\\/uploads\\\/2022\\\/10\\\/grape_1.png\",\"datePublished\":\"2022-10-26T14:31:55+00:00\",\"dateModified\":\"2026-01-26T16:21:37+00:00\",\"description\":\"Le jouet en forme de raisin, avec son allure d\u00e9contract\u00e9e et sa texture douce et moelleuse, est arriv\u00e9 ! Votre petit compagnon adorera le bruit qu'il fera en le pressant dans sa gueule. Vous pouvez m\u00eame cacher des petits g\u00e2teaux en guise de r\u00e9compense dans la poche centrale pour d\u00e9velopper son odorat ! Un vrai r\u00e9gal ! Fabriqu\u00e9 en tissu \u00e9ponge doux et extensible, il absorbe la salive et s\u00e8che tr\u00e8s rapidement. Dimensions : 18 cm x 10 cm. \u00c9tant un produit fait main, une marge d'erreur de \u00b1 2 cm est possible. Lavable \u00e0 la main \u00e0 l'eau ti\u00e8de avec une lessive douce. Fabriqu\u00e9 en Cor\u00e9e du Sud.\",\"breadcrumb\":{\"@id\":\"https:\\\/\\\/mybeautydogmonaco.com\\\/fr\\\/product\\\/grape-fr-2309\\\/#breadcrumb\"},\"inLanguage\":\"fr-FR\",\"potentialAction\":[{\"@type\":\"ReadAction\",\"target\":[\"https:\\\/\\\/mybeautydogmonaco.com\\\/fr\\\/product\\\/grape-fr-2309\\\/\"]}]},{\"@type\":\"ImageObject\",\"inLanguage\":\"fr-FR\",\"@id\":\"https:\\\/\\\/mybeautydogmonaco.com\\\/fr\\\/product\\\/grape-fr-2309\\\/#primaryimage\",\"url\":\"https:\\\/\\\/mybeautydogmonaco.com\\\/wp-content\\\/uploads\\\/2022\\\/10\\\/grape_1.png\",\"contentUrl\":\"https:\\\/\\\/mybeautydogmonaco.com\\\/wp-content\\\/uploads\\\/2022\\\/10\\\/grape_1.png\",\"width\":1250,\"height\":968},{\"@type\":\"BreadcrumbList\",\"@id\":\"https:\\\/\\\/mybeautydogmonaco.com\\\/fr\\\/product\\\/grape-fr-2309\\\/#breadcrumb\",\"itemListElement\":[{\"@type\":\"ListItem\",\"position\":1,\"name\":\"HOME\",\"item\":\"https:\\\/\\\/mybeautydogmonaco.com\\\/fr\\\/\"},{\"@type\":\"ListItem\",\"position\":2,\"name\":\"Boutique\",\"item\":\"https:\\\/\\\/mybeautydogmonaco.com\\\/shop\\\/\"},{\"@type\":\"ListItem\",\"position\":3,\"name\":\"Jouets\",\"item\":\"https:\\\/\\\/mybeautydogmonaco.com\\\/fr\\\/categorie-produit\\\/jouets\\\/\"},{\"@type\":\"ListItem\",\"position\":4,\"name\":\"Nose work\",\"item\":\"https:\\\/\\\/mybeautydogmonaco.com\\\/fr\\\/categorie-produit\\\/jouets\\\/nose-work-fr\\\/\"},{\"@type\":\"ListItem\",\"position\":5,\"name\":\"Grappe de raisin\"}]},{\"@type\":\"WebSite\",\"@id\":\"https:\\\/\\\/mybeautydogmonaco.com\\\/fr\\\/#website\",\"url\":\"https:\\\/\\\/mybeautydogmonaco.com\\\/fr\\\/\",\"name\":\"My Beauty Dog\",\"description\":\"\",\"publisher\":{\"@id\":\"https:\\\/\\\/mybeautydogmonaco.com\\\/fr\\\/#organization\"},\"potentialAction\":[{\"@type\":\"SearchAction\",\"target\":{\"@type\":\"EntryPoint\",\"urlTemplate\":\"https:\\\/\\\/mybeautydogmonaco.com\\\/fr\\\/?s={search_term_string}\"},\"query-input\":{\"@type\":\"PropertyValueSpecification\",\"valueRequired\":true,\"valueName\":\"search_term_string\"}}],\"inLanguage\":\"fr-FR\"},{\"@type\":\"Organization\",\"@id\":\"https:\\\/\\\/mybeautydogmonaco.com\\\/fr\\\/#organization\",\"name\":\"My Beauty Dog\",\"url\":\"https:\\\/\\\/mybeautydogmonaco.com\\\/fr\\\/\",\"logo\":{\"@type\":\"ImageObject\",\"inLanguage\":\"fr-FR\",\"@id\":\"https:\\\/\\\/mybeautydogmonaco.com\\\/fr\\\/#\\\/schema\\\/logo\\\/image\\\/\",\"url\":\"https:\\\/\\\/mybeautydog-vitrine-com-dev.jupiter.cdigital.fr\\\/wp-content\\\/uploads\\\/2022\\\/06\\\/1-\u1112\u1174\u11ab\u1107\u1162\u1100\u1167\u11bc-\u110b\u116f\u11ab\u1107\u1169\u11ab.png\",\"contentUrl\":\"https:\\\/\\\/mybeautydog-vitrine-com-dev.jupiter.cdigital.fr\\\/wp-content\\\/uploads\\\/2022\\\/06\\\/1-\u1112\u1174\u11ab\u1107\u1162\u1100\u1167\u11bc-\u110b\u116f\u11ab\u1107\u1169\u11ab.png\",\"width\":1000,\"height\":1000,\"caption\":\"My Beauty Dog\"},\"image\":{\"@id\":\"https:\\\/\\\/mybeautydogmonaco.com\\\/fr\\\/#\\\/schema\\\/logo\\\/image\\\/\"}}]}<\/script>\n<!-- \/ Yoast SEO plugin. -->","yoast_head_json":{"title":"Grape","description":"Le jouet en forme de raisin, avec son allure d\u00e9contract\u00e9e et sa texture douce et moelleuse, est arriv\u00e9 ! Votre petit compagnon adorera le bruit qu'il fera en le pressant dans sa gueule. Vous pouvez m\u00eame cacher des petits g\u00e2teaux en guise de r\u00e9compense dans la poche centrale pour d\u00e9velopper son odorat ! Un vrai r\u00e9gal ! Fabriqu\u00e9 en tissu \u00e9ponge doux et extensible, il absorbe la salive et s\u00e8che tr\u00e8s rapidement. Dimensions : 18 cm x 10 cm. \u00c9tant un produit fait main, une marge d'erreur de \u00b1 2 cm est possible. Lavable \u00e0 la main \u00e0 l'eau ti\u00e8de avec une lessive douce. Fabriqu\u00e9 en Cor\u00e9e du Sud.","robots":{"index":"index","follow":"follow","max-snippet":"max-snippet:-1","max-image-preview":"max-image-preview:large","max-video-preview":"max-video-preview:-1"},"canonical":"https:\/\/mybeautydogmonaco.com\/fr\/product\/grape-fr-2309\/","og_locale":"fr_FR","og_type":"article","og_title":"Grape","og_description":"The grape with its casual look and soft fluffy texture has arrived. your little love will love the sound when he squeezes it in his mouth, and you can hide reward cupcakes in the center pocket of this game to develop your pooch's sense of smell! great fun! made of soft and stretchy terry cloth, it will absorb saliva and dry very quickly. size: 18cm x 10cm because it is a handmade product, there may be an error of plus or minus 2cm in length. hand washable in lukewarm water with mild detergent. made in south korea","og_url":"https:\/\/mybeautydogmonaco.com\/fr\/product\/grape-fr-2309\/","og_site_name":"My Beauty Dog","article_modified_time":"2026-01-26T16:21:37+00:00","og_image":[{"width":1250,"height":968,"url":"https:\/\/mybeautydogmonaco.com\/wp-content\/uploads\/2022\/10\/grape_1.png","type":"image\/png"}],"twitter_card":"summary_large_image","twitter_misc":{"Dur\u00e9e de lecture estim\u00e9e":"1 minute"},"schema":{"@context":"https:\/\/schema.org","@graph":[{"@type":"WebPage","@id":"https:\/\/mybeautydogmonaco.com\/fr\/product\/grape-fr-2309\/","url":"https:\/\/mybeautydogmonaco.com\/fr\/product\/grape-fr-2309\/","name":"Grape","isPartOf":{"@id":"https:\/\/mybeautydogmonaco.com\/fr\/#website"},"primaryImageOfPage":{"@id":"https:\/\/mybeautydogmonaco.com\/fr\/product\/grape-fr-2309\/#primaryimage"},"image":{"@id":"https:\/\/mybeautydogmonaco.com\/fr\/product\/grape-fr-2309\/#primaryimage"},"thumbnailUrl":"https:\/\/mybeautydogmonaco.com\/wp-content\/uploads\/2022\/10\/grape_1.png","datePublished":"2022-10-26T14:31:55+00:00","dateModified":"2026-01-26T16:21:37+00:00","description":"Le jouet en forme de raisin, avec son allure d\u00e9contract\u00e9e et sa texture douce et moelleuse, est arriv\u00e9 ! Votre petit compagnon adorera le bruit qu'il fera en le pressant dans sa gueule. Vous pouvez m\u00eame cacher des petits g\u00e2teaux en guise de r\u00e9compense dans la poche centrale pour d\u00e9velopper son odorat ! Un vrai r\u00e9gal ! Fabriqu\u00e9 en tissu \u00e9ponge doux et extensible, il absorbe la salive et s\u00e8che tr\u00e8s rapidement. Dimensions : 18 cm x 10 cm. \u00c9tant un produit fait main, une marge d'erreur de \u00b1 2 cm est possible. Lavable \u00e0 la main \u00e0 l'eau ti\u00e8de avec une lessive douce. Fabriqu\u00e9 en Cor\u00e9e du Sud.","breadcrumb":{"@id":"https:\/\/mybeautydogmonaco.com\/fr\/product\/grape-fr-2309\/#breadcrumb"},"inLanguage":"fr-FR","potentialAction":[{"@type":"ReadAction","target":["https:\/\/mybeautydogmonaco.com\/fr\/product\/grape-fr-2309\/"]}]},{"@type":"ImageObject","inLanguage":"fr-FR","@id":"https:\/\/mybeautydogmonaco.com\/fr\/product\/grape-fr-2309\/#primaryimage","url":"https:\/\/mybeautydogmonaco.com\/wp-content\/uploads\/2022\/10\/grape_1.png","contentUrl":"https:\/\/mybeautydogmonaco.com\/wp-content\/uploads\/2022\/10\/grape_1.png","width":1250,"height":968},{"@type":"BreadcrumbList","@id":"https:\/\/mybeautydogmonaco.com\/fr\/product\/grape-fr-2309\/#breadcrumb","itemListElement":[{"@type":"ListItem","position":1,"name":"HOME","item":"https:\/\/mybeautydogmonaco.com\/fr\/"},{"@type":"ListItem","position":2,"name":"Boutique","item":"https:\/\/mybeautydogmonaco.com\/shop\/"},{"@type":"ListItem","position":3,"name":"Jouets","item":"https:\/\/mybeautydogmonaco.com\/fr\/categorie-produit\/jouets\/"},{"@type":"ListItem","position":4,"name":"Nose work","item":"https:\/\/mybeautydogmonaco.com\/fr\/categorie-produit\/jouets\/nose-work-fr\/"},{"@type":"ListItem","position":5,"name":"Grappe de raisin"}]},{"@type":"WebSite","@id":"https:\/\/mybeautydogmonaco.com\/fr\/#website","url":"https:\/\/mybeautydogmonaco.com\/fr\/","name":"My Beauty Dog","description":"","publisher":{"@id":"https:\/\/mybeautydogmonaco.com\/fr\/#organization"},"potentialAction":[{"@type":"SearchAction","target":{"@type":"EntryPoint","urlTemplate":"https:\/\/mybeautydogmonaco.com\/fr\/?s={search_term_string}"},"query-input":{"@type":"PropertyValueSpecification","valueRequired":true,"valueName":"search_term_string"}}],"inLanguage":"fr-FR"},{"@type":"Organization","@id":"https:\/\/mybeautydogmonaco.com\/fr\/#organization","name":"My Beauty Dog","url":"https:\/\/mybeautydogmonaco.com\/fr\/","logo":{"@type":"ImageObject","inLanguage":"fr-FR","@id":"https:\/\/mybeautydogmonaco.com\/fr\/#\/schema\/logo\/image\/","url":"https:\/\/mybeautydog-vitrine-com-dev.jupiter.cdigital.fr\/wp-content\/uploads\/2022\/06\/1-\u1112\u1174\u11ab\u1107\u1162\u1100\u1167\u11bc-\u110b\u116f\u11ab\u1107\u1169\u11ab.png","contentUrl":"https:\/\/mybeautydog-vitrine-com-dev.jupiter.cdigital.fr\/wp-content\/uploads\/2022\/06\/1-\u1112\u1174\u11ab\u1107\u1162\u1100\u1167\u11bc-\u110b\u116f\u11ab\u1107\u1169\u11ab.png","width":1000,"height":1000,"caption":"My Beauty Dog"},"image":{"@id":"https:\/\/mybeautydogmonaco.com\/fr\/#\/schema\/logo\/image\/"}}]}},"_links":{"self":[{"href":"https:\/\/mybeautydogmonaco.com\/fr\/wp-json\/wp\/v2\/product\/12094","targetHints":{"allow":["GET"]}}],"collection":[{"href":"https:\/\/mybeautydogmonaco.com\/fr\/wp-json\/wp\/v2\/product"}],"about":[{"href":"https:\/\/mybeautydogmonaco.com\/fr\/wp-json\/wp\/v2\/types\/product"}],"wp:featuredmedia":[{"embeddable":true,"href":"https:\/\/mybeautydogmonaco.com\/fr\/wp-json\/wp\/v2\/media\/2175"}],"wp:attachment":[{"href":"https:\/\/mybeautydogmonaco.com\/fr\/wp-json\/wp\/v2\/media?parent=12094"}],"wp:term":[{"taxonomy":"product_brand","embeddable":true,"href":"https:\/\/mybeautydogmonaco.com\/fr\/wp-json\/wp\/v2\/product_brand?post=12094"},{"taxonomy":"product_cat","embeddable":true,"href":"https:\/\/mybeautydogmonaco.com\/fr\/wp-json\/wp\/v2\/product_cat?post=12094"},{"taxonomy":"product_tag","embeddable":true,"href":"https:\/\/mybeautydogmonaco.com\/fr\/wp-json\/wp\/v2\/product_tag?post=12094"},{"taxonomy":"typologie","embeddable":true,"href":"https:\/\/mybeautydogmonaco.com\/fr\/wp-json\/wp\/v2\/typologie?post=12094"},{"taxonomy":"channels","embeddable":true,"href":"https:\/\/mybeautydogmonaco.com\/fr\/wp-json\/wp\/v2\/channels?post=12094"},{"taxonomy":"bons_plans","embeddable":true,"href":"https:\/\/mybeautydogmonaco.com\/fr\/wp-json\/wp\/v2\/bons_plans?post=12094"}],"curies":[{"name":"wp","href":"https:\/\/api.w.org\/{rel}","templated":true}]}}