{"id":12096,"date":"2022-10-26T16:32:27","date_gmt":"2022-10-26T14:32:27","guid":{"rendered":"http:\/\/localhost:9090\/?post_type=product&p=2313"},"modified":"2023-04-14T11:18:51","modified_gmt":"2023-04-14T09:18:51","slug":"cucumber-fr-2313","status":"publish","type":"product","link":"https:\/\/mybeautydogmonaco.com\/fr\/product\/cucumber-fr-2313\/","title":{"rendered":"Concombre"},"content":{"rendered":"<p>Le concombre avec son look d\u00e9contract\u00e9 est arriv\u00e9.<br \/>\nVotre petit amour adorera le son lorsqu\u2019il le serrera dans sa bouche, et vous pourrez cacher des petits g\u00e2teaux r\u00e9compenses dans la poche centrale de ce jeu afin de d\u00e9velopper le sens de l\u2019odorat de votre toutou! Super fun!<br \/>\nFabriqu\u00e9 en tissue \u00e9ponge doux et extensible, il absorbera la salive et s\u00e8chera tr\u00e8s rapidement. <\/p>\n<p>Taille : 7,5cm x 2,5cm<br \/>\nParce qu\u2019il s\u2019agit d\u2019un produit fait \u00e0 la main, il peut y avoir une erreur de plus ou moins 2cm de longueur.<\/p>\n<p>Lavage \u00e0 la main possible dans de l\u2019eau ti\u00e8de avec un d\u00e9tergent doux.<\/p>\n<p>Fabriqu\u00e9 en Cor\u00e9e du Sud<\/p>\n","protected":false},"excerpt":{"rendered":"<p>Vous pourrez cacher des petits g\u00e2teaux r\u00e9compenses dans la poche centrale de ce jeu afin de d\u00e9velopper le sens de l\u2019odorat de votre toutou! Super fun!<\/p>\n","protected":false},"featured_media":2701,"template":"","meta":{"_acf_changed":false},"product_brand":[],"product_cat":[209,207,208],"product_tag":[],"typologie":[268],"channels":[260],"bons_plans":[],"class_list":{"0":"post-12096","1":"product","2":"type-product","3":"status-publish","4":"has-post-thumbnail","6":"product_cat-jouets","7":"product_cat-nose-work-fr","8":"product_cat-peluche-fr","9":"typologie-produits","10":"channels-online","12":"first","13":"instock","14":"taxable","15":"shipping-taxable","16":"purchasable","17":"product-type-simple"},"acf":[],"yoast_head":"<!-- This site is optimized with the Yoast SEO plugin v27.4 - https:\/\/yoast.com\/product\/yoast-seo-wordpress\/ -->\n<title>Cucumber<\/title>\n<meta name=\"description\" content=\"The cucumber with its casual look has arrived. your little love will love the sound when he squeezes it in his mouth, and you can hide reward cupcakes in the center pocket of this game to develop your pooch&#039;s sense of smell! great fun! made of soft and stretchy terry cloth, it will absorb saliva and dry very quickly. size: 7.5cm x 2.5cm because it is a handmade product, there may be an error of plus or minus 2cm in length. hand washable in lukewarm water with mild detergent. made in south korea\" \/>\n<meta name=\"robots\" content=\"index, follow, max-snippet:-1, max-image-preview:large, max-video-preview:-1\" \/>\n<link rel=\"canonical\" href=\"https:\/\/mybeautydogmonaco.com\/fr\/product\/cucumber-fr-2313\/\" \/>\n<meta property=\"og:locale\" content=\"fr_FR\" \/>\n<meta property=\"og:type\" content=\"article\" \/>\n<meta property=\"og:title\" content=\"Cucumber\" \/>\n<meta property=\"og:description\" content=\"The cucumber with its casual look has arrived. your little love will love the sound when he squeezes it in his mouth, and you can hide reward cupcakes in the center pocket of this game to develop your pooch&#039;s sense of smell! great fun! made of soft and stretchy terry cloth, it will absorb saliva and dry very quickly. size: 7.5cm x 2.5cm because it is a handmade product, there may be an error of plus or minus 2cm in length. hand washable in lukewarm water with mild detergent. made in south korea\" \/>\n<meta property=\"og:url\" content=\"https:\/\/mybeautydogmonaco.com\/fr\/product\/cucumber-fr-2313\/\" \/>\n<meta property=\"og:site_name\" content=\"My Beauty Dog\" \/>\n<meta property=\"article:modified_time\" content=\"2023-04-14T09:18:51+00:00\" \/>\n<meta property=\"og:image\" content=\"https:\/\/mybeautydogmonaco.com\/wp-content\/uploads\/2022\/10\/cucumber_2.png\" \/>\n\t<meta property=\"og:image:width\" content=\"1402\" \/>\n\t<meta property=\"og:image:height\" content=\"1300\" \/>\n\t<meta property=\"og:image:type\" content=\"image\/png\" \/>\n<meta name=\"twitter:card\" content=\"summary_large_image\" \/>\n<script type=\"application\/ld+json\" class=\"yoast-schema-graph\">{\"@context\":\"https:\\\/\\\/schema.org\",\"@graph\":[{\"@type\":\"WebPage\",\"@id\":\"https:\\\/\\\/mybeautydogmonaco.com\\\/fr\\\/product\\\/cucumber-fr-2313\\\/\",\"url\":\"https:\\\/\\\/mybeautydogmonaco.com\\\/fr\\\/product\\\/cucumber-fr-2313\\\/\",\"name\":\"Cucumber\",\"isPartOf\":{\"@id\":\"https:\\\/\\\/mybeautydogmonaco.com\\\/fr\\\/#website\"},\"primaryImageOfPage\":{\"@id\":\"https:\\\/\\\/mybeautydogmonaco.com\\\/fr\\\/product\\\/cucumber-fr-2313\\\/#primaryimage\"},\"image\":{\"@id\":\"https:\\\/\\\/mybeautydogmonaco.com\\\/fr\\\/product\\\/cucumber-fr-2313\\\/#primaryimage\"},\"thumbnailUrl\":\"https:\\\/\\\/mybeautydogmonaco.com\\\/wp-content\\\/uploads\\\/2022\\\/10\\\/cucumber_2.png\",\"datePublished\":\"2022-10-26T14:32:27+00:00\",\"dateModified\":\"2023-04-14T09:18:51+00:00\",\"description\":\"The cucumber with its casual look has arrived. your little love will love the sound when he squeezes it in his mouth, and you can hide reward cupcakes in the center pocket of this game to develop your pooch's sense of smell! great fun! made of soft and stretchy terry cloth, it will absorb saliva and dry very quickly. size: 7.5cm x 2.5cm because it is a handmade product, there may be an error of plus or minus 2cm in length. hand washable in lukewarm water with mild detergent. made in south korea\",\"breadcrumb\":{\"@id\":\"https:\\\/\\\/mybeautydogmonaco.com\\\/fr\\\/product\\\/cucumber-fr-2313\\\/#breadcrumb\"},\"inLanguage\":\"fr-FR\",\"potentialAction\":[{\"@type\":\"ReadAction\",\"target\":[\"https:\\\/\\\/mybeautydogmonaco.com\\\/fr\\\/product\\\/cucumber-fr-2313\\\/\"]}]},{\"@type\":\"ImageObject\",\"inLanguage\":\"fr-FR\",\"@id\":\"https:\\\/\\\/mybeautydogmonaco.com\\\/fr\\\/product\\\/cucumber-fr-2313\\\/#primaryimage\",\"url\":\"https:\\\/\\\/mybeautydogmonaco.com\\\/wp-content\\\/uploads\\\/2022\\\/10\\\/cucumber_2.png\",\"contentUrl\":\"https:\\\/\\\/mybeautydogmonaco.com\\\/wp-content\\\/uploads\\\/2022\\\/10\\\/cucumber_2.png\",\"width\":1402,\"height\":1300},{\"@type\":\"BreadcrumbList\",\"@id\":\"https:\\\/\\\/mybeautydogmonaco.com\\\/fr\\\/product\\\/cucumber-fr-2313\\\/#breadcrumb\",\"itemListElement\":[{\"@type\":\"ListItem\",\"position\":1,\"name\":\"HOME\",\"item\":\"https:\\\/\\\/mybeautydogmonaco.com\\\/fr\\\/\"},{\"@type\":\"ListItem\",\"position\":2,\"name\":\"Boutique\",\"item\":\"https:\\\/\\\/mybeautydogmonaco.com\\\/shop\\\/\"},{\"@type\":\"ListItem\",\"position\":3,\"name\":\"Jouets\",\"item\":\"https:\\\/\\\/mybeautydogmonaco.com\\\/fr\\\/categorie-produit\\\/jouets\\\/\"},{\"@type\":\"ListItem\",\"position\":4,\"name\":\"Nose work\",\"item\":\"https:\\\/\\\/mybeautydogmonaco.com\\\/fr\\\/categorie-produit\\\/jouets\\\/nose-work-fr\\\/\"},{\"@type\":\"ListItem\",\"position\":5,\"name\":\"Concombre\"}]},{\"@type\":\"WebSite\",\"@id\":\"https:\\\/\\\/mybeautydogmonaco.com\\\/fr\\\/#website\",\"url\":\"https:\\\/\\\/mybeautydogmonaco.com\\\/fr\\\/\",\"name\":\"My Beauty Dog\",\"description\":\"\",\"publisher\":{\"@id\":\"https:\\\/\\\/mybeautydogmonaco.com\\\/fr\\\/#organization\"},\"potentialAction\":[{\"@type\":\"SearchAction\",\"target\":{\"@type\":\"EntryPoint\",\"urlTemplate\":\"https:\\\/\\\/mybeautydogmonaco.com\\\/fr\\\/?s={search_term_string}\"},\"query-input\":{\"@type\":\"PropertyValueSpecification\",\"valueRequired\":true,\"valueName\":\"search_term_string\"}}],\"inLanguage\":\"fr-FR\"},{\"@type\":\"Organization\",\"@id\":\"https:\\\/\\\/mybeautydogmonaco.com\\\/fr\\\/#organization\",\"name\":\"My Beauty Dog\",\"url\":\"https:\\\/\\\/mybeautydogmonaco.com\\\/fr\\\/\",\"logo\":{\"@type\":\"ImageObject\",\"inLanguage\":\"fr-FR\",\"@id\":\"https:\\\/\\\/mybeautydogmonaco.com\\\/fr\\\/#\\\/schema\\\/logo\\\/image\\\/\",\"url\":\"https:\\\/\\\/mybeautydog-vitrine-com-dev.jupiter.cdigital.fr\\\/wp-content\\\/uploads\\\/2022\\\/06\\\/1-\u1112\u1174\u11ab\u1107\u1162\u1100\u1167\u11bc-\u110b\u116f\u11ab\u1107\u1169\u11ab.png\",\"contentUrl\":\"https:\\\/\\\/mybeautydog-vitrine-com-dev.jupiter.cdigital.fr\\\/wp-content\\\/uploads\\\/2022\\\/06\\\/1-\u1112\u1174\u11ab\u1107\u1162\u1100\u1167\u11bc-\u110b\u116f\u11ab\u1107\u1169\u11ab.png\",\"width\":1000,\"height\":1000,\"caption\":\"My Beauty Dog\"},\"image\":{\"@id\":\"https:\\\/\\\/mybeautydogmonaco.com\\\/fr\\\/#\\\/schema\\\/logo\\\/image\\\/\"}}]}<\/script>\n<!-- \/ Yoast SEO plugin. -->","yoast_head_json":{"title":"Cucumber","description":"The cucumber with its casual look has arrived. your little love will love the sound when he squeezes it in his mouth, and you can hide reward cupcakes in the center pocket of this game to develop your pooch's sense of smell! great fun! made of soft and stretchy terry cloth, it will absorb saliva and dry very quickly. size: 7.5cm x 2.5cm because it is a handmade product, there may be an error of plus or minus 2cm in length. hand washable in lukewarm water with mild detergent. made in south korea","robots":{"index":"index","follow":"follow","max-snippet":"max-snippet:-1","max-image-preview":"max-image-preview:large","max-video-preview":"max-video-preview:-1"},"canonical":"https:\/\/mybeautydogmonaco.com\/fr\/product\/cucumber-fr-2313\/","og_locale":"fr_FR","og_type":"article","og_title":"Cucumber","og_description":"The cucumber with its casual look has arrived. your little love will love the sound when he squeezes it in his mouth, and you can hide reward cupcakes in the center pocket of this game to develop your pooch's sense of smell! great fun! made of soft and stretchy terry cloth, it will absorb saliva and dry very quickly. size: 7.5cm x 2.5cm because it is a handmade product, there may be an error of plus or minus 2cm in length. hand washable in lukewarm water with mild detergent. made in south korea","og_url":"https:\/\/mybeautydogmonaco.com\/fr\/product\/cucumber-fr-2313\/","og_site_name":"My Beauty Dog","article_modified_time":"2023-04-14T09:18:51+00:00","og_image":[{"width":1402,"height":1300,"url":"https:\/\/mybeautydogmonaco.com\/wp-content\/uploads\/2022\/10\/cucumber_2.png","type":"image\/png"}],"twitter_card":"summary_large_image","schema":{"@context":"https:\/\/schema.org","@graph":[{"@type":"WebPage","@id":"https:\/\/mybeautydogmonaco.com\/fr\/product\/cucumber-fr-2313\/","url":"https:\/\/mybeautydogmonaco.com\/fr\/product\/cucumber-fr-2313\/","name":"Cucumber","isPartOf":{"@id":"https:\/\/mybeautydogmonaco.com\/fr\/#website"},"primaryImageOfPage":{"@id":"https:\/\/mybeautydogmonaco.com\/fr\/product\/cucumber-fr-2313\/#primaryimage"},"image":{"@id":"https:\/\/mybeautydogmonaco.com\/fr\/product\/cucumber-fr-2313\/#primaryimage"},"thumbnailUrl":"https:\/\/mybeautydogmonaco.com\/wp-content\/uploads\/2022\/10\/cucumber_2.png","datePublished":"2022-10-26T14:32:27+00:00","dateModified":"2023-04-14T09:18:51+00:00","description":"The cucumber with its casual look has arrived. your little love will love the sound when he squeezes it in his mouth, and you can hide reward cupcakes in the center pocket of this game to develop your pooch's sense of smell! great fun! made of soft and stretchy terry cloth, it will absorb saliva and dry very quickly. size: 7.5cm x 2.5cm because it is a handmade product, there may be an error of plus or minus 2cm in length. hand washable in lukewarm water with mild detergent. made in south korea","breadcrumb":{"@id":"https:\/\/mybeautydogmonaco.com\/fr\/product\/cucumber-fr-2313\/#breadcrumb"},"inLanguage":"fr-FR","potentialAction":[{"@type":"ReadAction","target":["https:\/\/mybeautydogmonaco.com\/fr\/product\/cucumber-fr-2313\/"]}]},{"@type":"ImageObject","inLanguage":"fr-FR","@id":"https:\/\/mybeautydogmonaco.com\/fr\/product\/cucumber-fr-2313\/#primaryimage","url":"https:\/\/mybeautydogmonaco.com\/wp-content\/uploads\/2022\/10\/cucumber_2.png","contentUrl":"https:\/\/mybeautydogmonaco.com\/wp-content\/uploads\/2022\/10\/cucumber_2.png","width":1402,"height":1300},{"@type":"BreadcrumbList","@id":"https:\/\/mybeautydogmonaco.com\/fr\/product\/cucumber-fr-2313\/#breadcrumb","itemListElement":[{"@type":"ListItem","position":1,"name":"HOME","item":"https:\/\/mybeautydogmonaco.com\/fr\/"},{"@type":"ListItem","position":2,"name":"Boutique","item":"https:\/\/mybeautydogmonaco.com\/shop\/"},{"@type":"ListItem","position":3,"name":"Jouets","item":"https:\/\/mybeautydogmonaco.com\/fr\/categorie-produit\/jouets\/"},{"@type":"ListItem","position":4,"name":"Nose work","item":"https:\/\/mybeautydogmonaco.com\/fr\/categorie-produit\/jouets\/nose-work-fr\/"},{"@type":"ListItem","position":5,"name":"Concombre"}]},{"@type":"WebSite","@id":"https:\/\/mybeautydogmonaco.com\/fr\/#website","url":"https:\/\/mybeautydogmonaco.com\/fr\/","name":"My Beauty Dog","description":"","publisher":{"@id":"https:\/\/mybeautydogmonaco.com\/fr\/#organization"},"potentialAction":[{"@type":"SearchAction","target":{"@type":"EntryPoint","urlTemplate":"https:\/\/mybeautydogmonaco.com\/fr\/?s={search_term_string}"},"query-input":{"@type":"PropertyValueSpecification","valueRequired":true,"valueName":"search_term_string"}}],"inLanguage":"fr-FR"},{"@type":"Organization","@id":"https:\/\/mybeautydogmonaco.com\/fr\/#organization","name":"My Beauty Dog","url":"https:\/\/mybeautydogmonaco.com\/fr\/","logo":{"@type":"ImageObject","inLanguage":"fr-FR","@id":"https:\/\/mybeautydogmonaco.com\/fr\/#\/schema\/logo\/image\/","url":"https:\/\/mybeautydog-vitrine-com-dev.jupiter.cdigital.fr\/wp-content\/uploads\/2022\/06\/1-\u1112\u1174\u11ab\u1107\u1162\u1100\u1167\u11bc-\u110b\u116f\u11ab\u1107\u1169\u11ab.png","contentUrl":"https:\/\/mybeautydog-vitrine-com-dev.jupiter.cdigital.fr\/wp-content\/uploads\/2022\/06\/1-\u1112\u1174\u11ab\u1107\u1162\u1100\u1167\u11bc-\u110b\u116f\u11ab\u1107\u1169\u11ab.png","width":1000,"height":1000,"caption":"My Beauty Dog"},"image":{"@id":"https:\/\/mybeautydogmonaco.com\/fr\/#\/schema\/logo\/image\/"}}]}},"_links":{"self":[{"href":"https:\/\/mybeautydogmonaco.com\/fr\/wp-json\/wp\/v2\/product\/12096","targetHints":{"allow":["GET"]}}],"collection":[{"href":"https:\/\/mybeautydogmonaco.com\/fr\/wp-json\/wp\/v2\/product"}],"about":[{"href":"https:\/\/mybeautydogmonaco.com\/fr\/wp-json\/wp\/v2\/types\/product"}],"wp:featuredmedia":[{"embeddable":true,"href":"https:\/\/mybeautydogmonaco.com\/fr\/wp-json\/wp\/v2\/media\/2701"}],"wp:attachment":[{"href":"https:\/\/mybeautydogmonaco.com\/fr\/wp-json\/wp\/v2\/media?parent=12096"}],"wp:term":[{"taxonomy":"product_brand","embeddable":true,"href":"https:\/\/mybeautydogmonaco.com\/fr\/wp-json\/wp\/v2\/product_brand?post=12096"},{"taxonomy":"product_cat","embeddable":true,"href":"https:\/\/mybeautydogmonaco.com\/fr\/wp-json\/wp\/v2\/product_cat?post=12096"},{"taxonomy":"product_tag","embeddable":true,"href":"https:\/\/mybeautydogmonaco.com\/fr\/wp-json\/wp\/v2\/product_tag?post=12096"},{"taxonomy":"typologie","embeddable":true,"href":"https:\/\/mybeautydogmonaco.com\/fr\/wp-json\/wp\/v2\/typologie?post=12096"},{"taxonomy":"channels","embeddable":true,"href":"https:\/\/mybeautydogmonaco.com\/fr\/wp-json\/wp\/v2\/channels?post=12096"},{"taxonomy":"bons_plans","embeddable":true,"href":"https:\/\/mybeautydogmonaco.com\/fr\/wp-json\/wp\/v2\/bons_plans?post=12096"}],"curies":[{"name":"wp","href":"https:\/\/api.w.org\/{rel}","templated":true}]}}