{"id":12842,"date":"2025-03-16T21:09:48","date_gmt":"2025-03-16T20:09:48","guid":{"rendered":"https:\/\/mybeautydogmonaco.com\/?post_type=product&#038;p=12842"},"modified":"2026-02-08T06:43:46","modified_gmt":"2026-02-08T05:43:46","slug":"pull-capuche-cardigan","status":"publish","type":"product","link":"https:\/\/mybeautydogmonaco.com\/fr\/product\/pull-capuche-cardigan\/","title":{"rendered":"Pull capuche Cardigan"},"content":{"rendered":"","protected":false},"excerpt":{"rendered":"<p>Son design \u00e0 la fois \u00e9l\u00e9gant et simple, combin\u00e9 d\u2019une excellente \u00e9lasticit\u00e9, garantit un ajustement parfait pour votre petit amour.<\/p>\n","protected":false},"featured_media":8894,"template":"","meta":{"_acf_changed":false},"product_brand":[],"product_cat":[215,80],"product_tag":[],"typologie":[268],"channels":[260],"bons_plans":[],"class_list":{"0":"post-12842","1":"product","2":"type-product","3":"status-publish","4":"has-post-thumbnail","6":"product_cat-pull-sweat-jogging","7":"product_cat-vetements","8":"typologie-produits","9":"channels-online","11":"first","12":"instock","13":"taxable","14":"shipping-taxable","15":"purchasable","16":"product-type-variable","17":"has-default-attributes"},"acf":[],"yoast_head":"<!-- This site is optimized with the Yoast SEO plugin v27.2 - https:\/\/yoast.com\/product\/yoast-seo-wordpress\/ -->\n<title>Pull capuche Cardigan - My Beauty Dog<\/title>\n<meta name=\"robots\" content=\"index, follow, max-snippet:-1, max-image-preview:large, max-video-preview:-1\" \/>\n<link rel=\"canonical\" href=\"https:\/\/mybeautydogmonaco.com\/fr\/product\/pull-capuche-cardigan\/\" \/>\n<meta property=\"og:locale\" content=\"fr_FR\" \/>\n<meta property=\"og:type\" content=\"article\" \/>\n<meta property=\"og:title\" content=\"Pull capuche Cardigan - My Beauty Dog\" \/>\n<meta property=\"og:description\" content=\"Son design \u00e0 la fois \u00e9l\u00e9gant et simple, combin\u00e9 d\u2019une excellente \u00e9lasticit\u00e9, garantit un ajustement parfait pour votre petit amour.\" \/>\n<meta property=\"og:url\" content=\"https:\/\/mybeautydogmonaco.com\/fr\/product\/pull-capuche-cardigan\/\" \/>\n<meta property=\"og:site_name\" content=\"My Beauty Dog\" \/>\n<meta property=\"article:modified_time\" content=\"2026-02-08T05:43:46+00:00\" \/>\n<meta property=\"og:image\" content=\"https:\/\/mybeautydogmonaco.com\/wp-content\/uploads\/2022\/10\/doublebuttonhoodie-cardigan_1-2-700x525.png\" \/>\n\t<meta property=\"og:image:width\" content=\"700\" \/>\n\t<meta property=\"og:image:height\" content=\"525\" \/>\n\t<meta property=\"og:image:type\" content=\"image\/png\" \/>\n<meta name=\"twitter:card\" content=\"summary_large_image\" \/>\n<script type=\"application\/ld+json\" class=\"yoast-schema-graph\">{\"@context\":\"https:\/\/schema.org\",\"@graph\":[{\"@type\":\"WebPage\",\"@id\":\"https:\/\/mybeautydogmonaco.com\/fr\/product\/pull-capuche-cardigan\/\",\"url\":\"https:\/\/mybeautydogmonaco.com\/fr\/product\/pull-capuche-cardigan\/\",\"name\":\"Pull capuche Cardigan - My Beauty Dog\",\"isPartOf\":{\"@id\":\"https:\/\/mybeautydogmonaco.com\/fr\/#website\"},\"primaryImageOfPage\":{\"@id\":\"https:\/\/mybeautydogmonaco.com\/fr\/product\/pull-capuche-cardigan\/#primaryimage\"},\"image\":{\"@id\":\"https:\/\/mybeautydogmonaco.com\/fr\/product\/pull-capuche-cardigan\/#primaryimage\"},\"thumbnailUrl\":\"https:\/\/mybeautydogmonaco.com\/wp-content\/uploads\/2022\/10\/doublebuttonhoodie-cardigan_1-2.png\",\"datePublished\":\"2025-03-16T20:09:48+00:00\",\"dateModified\":\"2026-02-08T05:43:46+00:00\",\"breadcrumb\":{\"@id\":\"https:\/\/mybeautydogmonaco.com\/fr\/product\/pull-capuche-cardigan\/#breadcrumb\"},\"inLanguage\":\"fr-FR\",\"potentialAction\":[{\"@type\":\"ReadAction\",\"target\":[\"https:\/\/mybeautydogmonaco.com\/fr\/product\/pull-capuche-cardigan\/\"]}]},{\"@type\":\"ImageObject\",\"inLanguage\":\"fr-FR\",\"@id\":\"https:\/\/mybeautydogmonaco.com\/fr\/product\/pull-capuche-cardigan\/#primaryimage\",\"url\":\"https:\/\/mybeautydogmonaco.com\/wp-content\/uploads\/2022\/10\/doublebuttonhoodie-cardigan_1-2.png\",\"contentUrl\":\"https:\/\/mybeautydogmonaco.com\/wp-content\/uploads\/2022\/10\/doublebuttonhoodie-cardigan_1-2.png\",\"width\":1892,\"height\":1418},{\"@type\":\"BreadcrumbList\",\"@id\":\"https:\/\/mybeautydogmonaco.com\/fr\/product\/pull-capuche-cardigan\/#breadcrumb\",\"itemListElement\":[{\"@type\":\"ListItem\",\"position\":1,\"name\":\"HOME\",\"item\":\"https:\/\/mybeautydogmonaco.com\/fr\/\"},{\"@type\":\"ListItem\",\"position\":2,\"name\":\"Boutique\",\"item\":\"https:\/\/mybeautydogmonaco.com\/shop\/\"},{\"@type\":\"ListItem\",\"position\":3,\"name\":\"V\u00eatements\",\"item\":\"https:\/\/mybeautydogmonaco.com\/fr\/categorie-produit\/vetements\/\"},{\"@type\":\"ListItem\",\"position\":4,\"name\":\"Pull\/ sweat jogging\",\"item\":\"https:\/\/mybeautydogmonaco.com\/fr\/categorie-produit\/vetements\/pull-sweat-jogging\/\"},{\"@type\":\"ListItem\",\"position\":5,\"name\":\"Pull capuche Cardigan\"}]},{\"@type\":\"WebSite\",\"@id\":\"https:\/\/mybeautydogmonaco.com\/fr\/#website\",\"url\":\"https:\/\/mybeautydogmonaco.com\/fr\/\",\"name\":\"My Beauty Dog\",\"description\":\"\",\"publisher\":{\"@id\":\"https:\/\/mybeautydogmonaco.com\/fr\/#organization\"},\"potentialAction\":[{\"@type\":\"SearchAction\",\"target\":{\"@type\":\"EntryPoint\",\"urlTemplate\":\"https:\/\/mybeautydogmonaco.com\/fr\/?s={search_term_string}\"},\"query-input\":{\"@type\":\"PropertyValueSpecification\",\"valueRequired\":true,\"valueName\":\"search_term_string\"}}],\"inLanguage\":\"fr-FR\"},{\"@type\":\"Organization\",\"@id\":\"https:\/\/mybeautydogmonaco.com\/fr\/#organization\",\"name\":\"My Beauty Dog\",\"url\":\"https:\/\/mybeautydogmonaco.com\/fr\/\",\"logo\":{\"@type\":\"ImageObject\",\"inLanguage\":\"fr-FR\",\"@id\":\"https:\/\/mybeautydogmonaco.com\/fr\/#\/schema\/logo\/image\/\",\"url\":\"https:\/\/mybeautydog-vitrine-com-dev.jupiter.cdigital.fr\/wp-content\/uploads\/2022\/06\/1-\u1112\u1174\u11ab\u1107\u1162\u1100\u1167\u11bc-\u110b\u116f\u11ab\u1107\u1169\u11ab.png\",\"contentUrl\":\"https:\/\/mybeautydog-vitrine-com-dev.jupiter.cdigital.fr\/wp-content\/uploads\/2022\/06\/1-\u1112\u1174\u11ab\u1107\u1162\u1100\u1167\u11bc-\u110b\u116f\u11ab\u1107\u1169\u11ab.png\",\"width\":1000,\"height\":1000,\"caption\":\"My Beauty Dog\"},\"image\":{\"@id\":\"https:\/\/mybeautydogmonaco.com\/fr\/#\/schema\/logo\/image\/\"}}]}<\/script>\n<!-- \/ Yoast SEO plugin. -->","yoast_head_json":{"title":"Pull capuche Cardigan - My Beauty Dog","robots":{"index":"index","follow":"follow","max-snippet":"max-snippet:-1","max-image-preview":"max-image-preview:large","max-video-preview":"max-video-preview:-1"},"canonical":"https:\/\/mybeautydogmonaco.com\/fr\/product\/pull-capuche-cardigan\/","og_locale":"fr_FR","og_type":"article","og_title":"Pull capuche Cardigan - My Beauty Dog","og_description":"Son design \u00e0 la fois \u00e9l\u00e9gant et simple, combin\u00e9 d\u2019une excellente \u00e9lasticit\u00e9, garantit un ajustement parfait pour votre petit amour.","og_url":"https:\/\/mybeautydogmonaco.com\/fr\/product\/pull-capuche-cardigan\/","og_site_name":"My Beauty Dog","article_modified_time":"2026-02-08T05:43:46+00:00","og_image":[{"width":700,"height":525,"url":"https:\/\/mybeautydogmonaco.com\/wp-content\/uploads\/2022\/10\/doublebuttonhoodie-cardigan_1-2-700x525.png","type":"image\/png"}],"twitter_card":"summary_large_image","schema":{"@context":"https:\/\/schema.org","@graph":[{"@type":"WebPage","@id":"https:\/\/mybeautydogmonaco.com\/fr\/product\/pull-capuche-cardigan\/","url":"https:\/\/mybeautydogmonaco.com\/fr\/product\/pull-capuche-cardigan\/","name":"Pull capuche Cardigan - My Beauty Dog","isPartOf":{"@id":"https:\/\/mybeautydogmonaco.com\/fr\/#website"},"primaryImageOfPage":{"@id":"https:\/\/mybeautydogmonaco.com\/fr\/product\/pull-capuche-cardigan\/#primaryimage"},"image":{"@id":"https:\/\/mybeautydogmonaco.com\/fr\/product\/pull-capuche-cardigan\/#primaryimage"},"thumbnailUrl":"https:\/\/mybeautydogmonaco.com\/wp-content\/uploads\/2022\/10\/doublebuttonhoodie-cardigan_1-2.png","datePublished":"2025-03-16T20:09:48+00:00","dateModified":"2026-02-08T05:43:46+00:00","breadcrumb":{"@id":"https:\/\/mybeautydogmonaco.com\/fr\/product\/pull-capuche-cardigan\/#breadcrumb"},"inLanguage":"fr-FR","potentialAction":[{"@type":"ReadAction","target":["https:\/\/mybeautydogmonaco.com\/fr\/product\/pull-capuche-cardigan\/"]}]},{"@type":"ImageObject","inLanguage":"fr-FR","@id":"https:\/\/mybeautydogmonaco.com\/fr\/product\/pull-capuche-cardigan\/#primaryimage","url":"https:\/\/mybeautydogmonaco.com\/wp-content\/uploads\/2022\/10\/doublebuttonhoodie-cardigan_1-2.png","contentUrl":"https:\/\/mybeautydogmonaco.com\/wp-content\/uploads\/2022\/10\/doublebuttonhoodie-cardigan_1-2.png","width":1892,"height":1418},{"@type":"BreadcrumbList","@id":"https:\/\/mybeautydogmonaco.com\/fr\/product\/pull-capuche-cardigan\/#breadcrumb","itemListElement":[{"@type":"ListItem","position":1,"name":"HOME","item":"https:\/\/mybeautydogmonaco.com\/fr\/"},{"@type":"ListItem","position":2,"name":"Boutique","item":"https:\/\/mybeautydogmonaco.com\/shop\/"},{"@type":"ListItem","position":3,"name":"V\u00eatements","item":"https:\/\/mybeautydogmonaco.com\/fr\/categorie-produit\/vetements\/"},{"@type":"ListItem","position":4,"name":"Pull\/ sweat jogging","item":"https:\/\/mybeautydogmonaco.com\/fr\/categorie-produit\/vetements\/pull-sweat-jogging\/"},{"@type":"ListItem","position":5,"name":"Pull capuche Cardigan"}]},{"@type":"WebSite","@id":"https:\/\/mybeautydogmonaco.com\/fr\/#website","url":"https:\/\/mybeautydogmonaco.com\/fr\/","name":"My Beauty Dog","description":"","publisher":{"@id":"https:\/\/mybeautydogmonaco.com\/fr\/#organization"},"potentialAction":[{"@type":"SearchAction","target":{"@type":"EntryPoint","urlTemplate":"https:\/\/mybeautydogmonaco.com\/fr\/?s={search_term_string}"},"query-input":{"@type":"PropertyValueSpecification","valueRequired":true,"valueName":"search_term_string"}}],"inLanguage":"fr-FR"},{"@type":"Organization","@id":"https:\/\/mybeautydogmonaco.com\/fr\/#organization","name":"My Beauty Dog","url":"https:\/\/mybeautydogmonaco.com\/fr\/","logo":{"@type":"ImageObject","inLanguage":"fr-FR","@id":"https:\/\/mybeautydogmonaco.com\/fr\/#\/schema\/logo\/image\/","url":"https:\/\/mybeautydog-vitrine-com-dev.jupiter.cdigital.fr\/wp-content\/uploads\/2022\/06\/1-\u1112\u1174\u11ab\u1107\u1162\u1100\u1167\u11bc-\u110b\u116f\u11ab\u1107\u1169\u11ab.png","contentUrl":"https:\/\/mybeautydog-vitrine-com-dev.jupiter.cdigital.fr\/wp-content\/uploads\/2022\/06\/1-\u1112\u1174\u11ab\u1107\u1162\u1100\u1167\u11bc-\u110b\u116f\u11ab\u1107\u1169\u11ab.png","width":1000,"height":1000,"caption":"My Beauty Dog"},"image":{"@id":"https:\/\/mybeautydogmonaco.com\/fr\/#\/schema\/logo\/image\/"}}]}},"_links":{"self":[{"href":"https:\/\/mybeautydogmonaco.com\/fr\/wp-json\/wp\/v2\/product\/12842","targetHints":{"allow":["GET"]}}],"collection":[{"href":"https:\/\/mybeautydogmonaco.com\/fr\/wp-json\/wp\/v2\/product"}],"about":[{"href":"https:\/\/mybeautydogmonaco.com\/fr\/wp-json\/wp\/v2\/types\/product"}],"wp:featuredmedia":[{"embeddable":true,"href":"https:\/\/mybeautydogmonaco.com\/fr\/wp-json\/wp\/v2\/media\/8894"}],"wp:attachment":[{"href":"https:\/\/mybeautydogmonaco.com\/fr\/wp-json\/wp\/v2\/media?parent=12842"}],"wp:term":[{"taxonomy":"product_brand","embeddable":true,"href":"https:\/\/mybeautydogmonaco.com\/fr\/wp-json\/wp\/v2\/product_brand?post=12842"},{"taxonomy":"product_cat","embeddable":true,"href":"https:\/\/mybeautydogmonaco.com\/fr\/wp-json\/wp\/v2\/product_cat?post=12842"},{"taxonomy":"product_tag","embeddable":true,"href":"https:\/\/mybeautydogmonaco.com\/fr\/wp-json\/wp\/v2\/product_tag?post=12842"},{"taxonomy":"typologie","embeddable":true,"href":"https:\/\/mybeautydogmonaco.com\/fr\/wp-json\/wp\/v2\/typologie?post=12842"},{"taxonomy":"channels","embeddable":true,"href":"https:\/\/mybeautydogmonaco.com\/fr\/wp-json\/wp\/v2\/channels?post=12842"},{"taxonomy":"bons_plans","embeddable":true,"href":"https:\/\/mybeautydogmonaco.com\/fr\/wp-json\/wp\/v2\/bons_plans?post=12842"}],"curies":[{"name":"wp","href":"https:\/\/api.w.org\/{rel}","templated":true}]}}