{"id":13215,"date":"2026-02-16T10:23:14","date_gmt":"2026-02-16T09:23:14","guid":{"rendered":"https:\/\/mybeautydogmonaco.com\/?post_type=product&#038;p=13215"},"modified":"2026-02-16T10:25:33","modified_gmt":"2026-02-16T09:25:33","slug":"veste-en-cotton-doux-baby-lapin","status":"publish","type":"product","link":"https:\/\/mybeautydogmonaco.com\/fr\/product\/veste-en-cotton-doux-baby-lapin\/","title":{"rendered":"Veste en Cotton doux Baby Lapin"},"content":{"rendered":"","protected":false},"excerpt":{"rendered":"<p>\u00c9quip\u00e9 de boutons pression \u00e0 l\u2019arri\u00e8re, il est tr\u00e8s facile de le mettre et l\u2019enlever.<\/p>\n","protected":false},"featured_media":13211,"template":"","meta":{"_acf_changed":false},"product_brand":[],"product_cat":[97,215,80],"product_tag":[],"typologie":[268],"channels":[260],"bons_plans":[100],"class_list":{"0":"post-13215","1":"product","2":"type-product","3":"status-publish","4":"has-post-thumbnail","6":"product_cat-hoodies-fr","7":"product_cat-pull-sweat-jogging","8":"product_cat-vetements","9":"pa_color-ivory-fr","10":"pa_color-menthe","11":"typologie-produits","12":"channels-online","13":"bons_plans-meilleures-ventes","15":"first","16":"instock","17":"taxable","18":"shipping-taxable","19":"purchasable","20":"product-type-variable"},"acf":[],"yoast_head":"<!-- This site is optimized with the Yoast SEO plugin v27.2 - https:\/\/yoast.com\/product\/yoast-seo-wordpress\/ -->\n<title>Veste en Cotton doux Baby Lapin - My Beauty Dog<\/title>\n<meta name=\"robots\" content=\"index, follow, max-snippet:-1, max-image-preview:large, max-video-preview:-1\" \/>\n<link rel=\"canonical\" href=\"https:\/\/mybeautydogmonaco.com\/fr\/product\/veste-en-cotton-doux-baby-lapin\/\" \/>\n<meta property=\"og:locale\" content=\"fr_FR\" \/>\n<meta property=\"og:type\" content=\"article\" \/>\n<meta property=\"og:title\" content=\"Veste en Cotton doux Baby Lapin - My Beauty Dog\" \/>\n<meta property=\"og:description\" content=\"\u00c9quip\u00e9 de boutons pression \u00e0 l\u2019arri\u00e8re, il est tr\u00e8s facile de le mettre et l\u2019enlever.\" \/>\n<meta property=\"og:url\" content=\"https:\/\/mybeautydogmonaco.com\/fr\/product\/veste-en-cotton-doux-baby-lapin\/\" \/>\n<meta property=\"og:site_name\" content=\"My Beauty Dog\" \/>\n<meta property=\"article:modified_time\" content=\"2026-02-16T09:25:33+00:00\" \/>\n<meta property=\"og:image\" content=\"https:\/\/mybeautydogmonaco.com\/wp-content\/uploads\/2026\/02\/Screenshot-2025-02-17-at-11.46.16-am.png\" \/>\n\t<meta property=\"og:image:width\" content=\"1634\" \/>\n\t<meta property=\"og:image:height\" content=\"1394\" \/>\n\t<meta property=\"og:image:type\" content=\"image\/png\" \/>\n<meta name=\"twitter:card\" content=\"summary_large_image\" \/>\n<script type=\"application\/ld+json\" class=\"yoast-schema-graph\">{\"@context\":\"https:\/\/schema.org\",\"@graph\":[{\"@type\":\"WebPage\",\"@id\":\"https:\/\/mybeautydogmonaco.com\/fr\/product\/veste-en-cotton-doux-baby-lapin\/\",\"url\":\"https:\/\/mybeautydogmonaco.com\/fr\/product\/veste-en-cotton-doux-baby-lapin\/\",\"name\":\"Veste en Cotton doux Baby Lapin - My Beauty Dog\",\"isPartOf\":{\"@id\":\"https:\/\/mybeautydogmonaco.com\/fr\/#website\"},\"primaryImageOfPage\":{\"@id\":\"https:\/\/mybeautydogmonaco.com\/fr\/product\/veste-en-cotton-doux-baby-lapin\/#primaryimage\"},\"image\":{\"@id\":\"https:\/\/mybeautydogmonaco.com\/fr\/product\/veste-en-cotton-doux-baby-lapin\/#primaryimage\"},\"thumbnailUrl\":\"https:\/\/mybeautydogmonaco.com\/wp-content\/uploads\/2026\/02\/Screenshot-2025-02-17-at-11.46.16-am.png\",\"datePublished\":\"2026-02-16T09:23:14+00:00\",\"dateModified\":\"2026-02-16T09:25:33+00:00\",\"breadcrumb\":{\"@id\":\"https:\/\/mybeautydogmonaco.com\/fr\/product\/veste-en-cotton-doux-baby-lapin\/#breadcrumb\"},\"inLanguage\":\"fr-FR\",\"potentialAction\":[{\"@type\":\"ReadAction\",\"target\":[\"https:\/\/mybeautydogmonaco.com\/fr\/product\/veste-en-cotton-doux-baby-lapin\/\"]}]},{\"@type\":\"ImageObject\",\"inLanguage\":\"fr-FR\",\"@id\":\"https:\/\/mybeautydogmonaco.com\/fr\/product\/veste-en-cotton-doux-baby-lapin\/#primaryimage\",\"url\":\"https:\/\/mybeautydogmonaco.com\/wp-content\/uploads\/2026\/02\/Screenshot-2025-02-17-at-11.46.16-am.png\",\"contentUrl\":\"https:\/\/mybeautydogmonaco.com\/wp-content\/uploads\/2026\/02\/Screenshot-2025-02-17-at-11.46.16-am.png\",\"width\":1634,\"height\":1394},{\"@type\":\"BreadcrumbList\",\"@id\":\"https:\/\/mybeautydogmonaco.com\/fr\/product\/veste-en-cotton-doux-baby-lapin\/#breadcrumb\",\"itemListElement\":[{\"@type\":\"ListItem\",\"position\":1,\"name\":\"HOME\",\"item\":\"https:\/\/mybeautydogmonaco.com\/fr\/\"},{\"@type\":\"ListItem\",\"position\":2,\"name\":\"Boutique\",\"item\":\"https:\/\/mybeautydogmonaco.com\/shop\/\"},{\"@type\":\"ListItem\",\"position\":3,\"name\":\"V\u00eatements\",\"item\":\"https:\/\/mybeautydogmonaco.com\/fr\/categorie-produit\/vetements\/\"},{\"@type\":\"ListItem\",\"position\":4,\"name\":\"Veste en Cotton doux Baby Lapin\"}]},{\"@type\":\"WebSite\",\"@id\":\"https:\/\/mybeautydogmonaco.com\/fr\/#website\",\"url\":\"https:\/\/mybeautydogmonaco.com\/fr\/\",\"name\":\"My Beauty Dog\",\"description\":\"\",\"publisher\":{\"@id\":\"https:\/\/mybeautydogmonaco.com\/fr\/#organization\"},\"potentialAction\":[{\"@type\":\"SearchAction\",\"target\":{\"@type\":\"EntryPoint\",\"urlTemplate\":\"https:\/\/mybeautydogmonaco.com\/fr\/?s={search_term_string}\"},\"query-input\":{\"@type\":\"PropertyValueSpecification\",\"valueRequired\":true,\"valueName\":\"search_term_string\"}}],\"inLanguage\":\"fr-FR\"},{\"@type\":\"Organization\",\"@id\":\"https:\/\/mybeautydogmonaco.com\/fr\/#organization\",\"name\":\"My Beauty Dog\",\"url\":\"https:\/\/mybeautydogmonaco.com\/fr\/\",\"logo\":{\"@type\":\"ImageObject\",\"inLanguage\":\"fr-FR\",\"@id\":\"https:\/\/mybeautydogmonaco.com\/fr\/#\/schema\/logo\/image\/\",\"url\":\"https:\/\/mybeautydog-vitrine-com-dev.jupiter.cdigital.fr\/wp-content\/uploads\/2022\/06\/1-\u1112\u1174\u11ab\u1107\u1162\u1100\u1167\u11bc-\u110b\u116f\u11ab\u1107\u1169\u11ab.png\",\"contentUrl\":\"https:\/\/mybeautydog-vitrine-com-dev.jupiter.cdigital.fr\/wp-content\/uploads\/2022\/06\/1-\u1112\u1174\u11ab\u1107\u1162\u1100\u1167\u11bc-\u110b\u116f\u11ab\u1107\u1169\u11ab.png\",\"width\":1000,\"height\":1000,\"caption\":\"My Beauty Dog\"},\"image\":{\"@id\":\"https:\/\/mybeautydogmonaco.com\/fr\/#\/schema\/logo\/image\/\"}}]}<\/script>\n<!-- \/ Yoast SEO plugin. -->","yoast_head_json":{"title":"Veste en Cotton doux Baby Lapin - My Beauty Dog","robots":{"index":"index","follow":"follow","max-snippet":"max-snippet:-1","max-image-preview":"max-image-preview:large","max-video-preview":"max-video-preview:-1"},"canonical":"https:\/\/mybeautydogmonaco.com\/fr\/product\/veste-en-cotton-doux-baby-lapin\/","og_locale":"fr_FR","og_type":"article","og_title":"Veste en Cotton doux Baby Lapin - My Beauty Dog","og_description":"\u00c9quip\u00e9 de boutons pression \u00e0 l\u2019arri\u00e8re, il est tr\u00e8s facile de le mettre et l\u2019enlever.","og_url":"https:\/\/mybeautydogmonaco.com\/fr\/product\/veste-en-cotton-doux-baby-lapin\/","og_site_name":"My Beauty Dog","article_modified_time":"2026-02-16T09:25:33+00:00","og_image":[{"width":1634,"height":1394,"url":"https:\/\/mybeautydogmonaco.com\/wp-content\/uploads\/2026\/02\/Screenshot-2025-02-17-at-11.46.16-am.png","type":"image\/png"}],"twitter_card":"summary_large_image","schema":{"@context":"https:\/\/schema.org","@graph":[{"@type":"WebPage","@id":"https:\/\/mybeautydogmonaco.com\/fr\/product\/veste-en-cotton-doux-baby-lapin\/","url":"https:\/\/mybeautydogmonaco.com\/fr\/product\/veste-en-cotton-doux-baby-lapin\/","name":"Veste en Cotton doux Baby Lapin - My Beauty Dog","isPartOf":{"@id":"https:\/\/mybeautydogmonaco.com\/fr\/#website"},"primaryImageOfPage":{"@id":"https:\/\/mybeautydogmonaco.com\/fr\/product\/veste-en-cotton-doux-baby-lapin\/#primaryimage"},"image":{"@id":"https:\/\/mybeautydogmonaco.com\/fr\/product\/veste-en-cotton-doux-baby-lapin\/#primaryimage"},"thumbnailUrl":"https:\/\/mybeautydogmonaco.com\/wp-content\/uploads\/2026\/02\/Screenshot-2025-02-17-at-11.46.16-am.png","datePublished":"2026-02-16T09:23:14+00:00","dateModified":"2026-02-16T09:25:33+00:00","breadcrumb":{"@id":"https:\/\/mybeautydogmonaco.com\/fr\/product\/veste-en-cotton-doux-baby-lapin\/#breadcrumb"},"inLanguage":"fr-FR","potentialAction":[{"@type":"ReadAction","target":["https:\/\/mybeautydogmonaco.com\/fr\/product\/veste-en-cotton-doux-baby-lapin\/"]}]},{"@type":"ImageObject","inLanguage":"fr-FR","@id":"https:\/\/mybeautydogmonaco.com\/fr\/product\/veste-en-cotton-doux-baby-lapin\/#primaryimage","url":"https:\/\/mybeautydogmonaco.com\/wp-content\/uploads\/2026\/02\/Screenshot-2025-02-17-at-11.46.16-am.png","contentUrl":"https:\/\/mybeautydogmonaco.com\/wp-content\/uploads\/2026\/02\/Screenshot-2025-02-17-at-11.46.16-am.png","width":1634,"height":1394},{"@type":"BreadcrumbList","@id":"https:\/\/mybeautydogmonaco.com\/fr\/product\/veste-en-cotton-doux-baby-lapin\/#breadcrumb","itemListElement":[{"@type":"ListItem","position":1,"name":"HOME","item":"https:\/\/mybeautydogmonaco.com\/fr\/"},{"@type":"ListItem","position":2,"name":"Boutique","item":"https:\/\/mybeautydogmonaco.com\/shop\/"},{"@type":"ListItem","position":3,"name":"V\u00eatements","item":"https:\/\/mybeautydogmonaco.com\/fr\/categorie-produit\/vetements\/"},{"@type":"ListItem","position":4,"name":"Veste en Cotton doux Baby Lapin"}]},{"@type":"WebSite","@id":"https:\/\/mybeautydogmonaco.com\/fr\/#website","url":"https:\/\/mybeautydogmonaco.com\/fr\/","name":"My Beauty Dog","description":"","publisher":{"@id":"https:\/\/mybeautydogmonaco.com\/fr\/#organization"},"potentialAction":[{"@type":"SearchAction","target":{"@type":"EntryPoint","urlTemplate":"https:\/\/mybeautydogmonaco.com\/fr\/?s={search_term_string}"},"query-input":{"@type":"PropertyValueSpecification","valueRequired":true,"valueName":"search_term_string"}}],"inLanguage":"fr-FR"},{"@type":"Organization","@id":"https:\/\/mybeautydogmonaco.com\/fr\/#organization","name":"My Beauty Dog","url":"https:\/\/mybeautydogmonaco.com\/fr\/","logo":{"@type":"ImageObject","inLanguage":"fr-FR","@id":"https:\/\/mybeautydogmonaco.com\/fr\/#\/schema\/logo\/image\/","url":"https:\/\/mybeautydog-vitrine-com-dev.jupiter.cdigital.fr\/wp-content\/uploads\/2022\/06\/1-\u1112\u1174\u11ab\u1107\u1162\u1100\u1167\u11bc-\u110b\u116f\u11ab\u1107\u1169\u11ab.png","contentUrl":"https:\/\/mybeautydog-vitrine-com-dev.jupiter.cdigital.fr\/wp-content\/uploads\/2022\/06\/1-\u1112\u1174\u11ab\u1107\u1162\u1100\u1167\u11bc-\u110b\u116f\u11ab\u1107\u1169\u11ab.png","width":1000,"height":1000,"caption":"My Beauty Dog"},"image":{"@id":"https:\/\/mybeautydogmonaco.com\/fr\/#\/schema\/logo\/image\/"}}]}},"_links":{"self":[{"href":"https:\/\/mybeautydogmonaco.com\/fr\/wp-json\/wp\/v2\/product\/13215","targetHints":{"allow":["GET"]}}],"collection":[{"href":"https:\/\/mybeautydogmonaco.com\/fr\/wp-json\/wp\/v2\/product"}],"about":[{"href":"https:\/\/mybeautydogmonaco.com\/fr\/wp-json\/wp\/v2\/types\/product"}],"wp:featuredmedia":[{"embeddable":true,"href":"https:\/\/mybeautydogmonaco.com\/fr\/wp-json\/wp\/v2\/media\/13211"}],"wp:attachment":[{"href":"https:\/\/mybeautydogmonaco.com\/fr\/wp-json\/wp\/v2\/media?parent=13215"}],"wp:term":[{"taxonomy":"product_brand","embeddable":true,"href":"https:\/\/mybeautydogmonaco.com\/fr\/wp-json\/wp\/v2\/product_brand?post=13215"},{"taxonomy":"product_cat","embeddable":true,"href":"https:\/\/mybeautydogmonaco.com\/fr\/wp-json\/wp\/v2\/product_cat?post=13215"},{"taxonomy":"product_tag","embeddable":true,"href":"https:\/\/mybeautydogmonaco.com\/fr\/wp-json\/wp\/v2\/product_tag?post=13215"},{"taxonomy":"typologie","embeddable":true,"href":"https:\/\/mybeautydogmonaco.com\/fr\/wp-json\/wp\/v2\/typologie?post=13215"},{"taxonomy":"channels","embeddable":true,"href":"https:\/\/mybeautydogmonaco.com\/fr\/wp-json\/wp\/v2\/channels?post=13215"},{"taxonomy":"bons_plans","embeddable":true,"href":"https:\/\/mybeautydogmonaco.com\/fr\/wp-json\/wp\/v2\/bons_plans?post=13215"}],"curies":[{"name":"wp","href":"https:\/\/api.w.org\/{rel}","templated":true}]}}