{"id":2304,"date":"2022-10-26T16:32:42","date_gmt":"2022-10-26T14:32:42","guid":{"rendered":"https:\/\/mybeautydogmonaco-com-dev.jupiter.cdigital.fr\/produit\/big-ball\/"},"modified":"2025-03-08T10:44:37","modified_gmt":"2025-03-08T09:44:37","slug":"big-ball","status":"publish","type":"product","link":"https:\/\/mybeautydogmonaco.com\/fr\/product\/big-ball\/","title":{"rendered":"Balle tiss\u00e9e"},"content":{"rendered":"<p>La balle tiss\u00e9e avec son look cool et sa texture douce et moelleuse est arriv\u00e9e. Cette balle est remplie de coton microfibre.<br \/>\nVotre petit amour adorera le son lorsqu\u2019il le serrera dans sa bouche. Super fun!<br \/>\nFabriqu\u00e9 en tissue \u00e9ponge doux et extensible de haute qualit\u00e9, il absorbera la salive et s\u00e8chera tr\u00e8s rapidement. Ce n\u2019est pas une balle dure.<\/p>\n<p>Taille : 10cm de diam\u00e8tre<br \/>\nParce qu\u2019il s\u2019agit d\u2019un produit fait \u00e0 la main, il peut y avoir une erreur de plus ou moins 2cm de longueur.<\/p>\n<p>Lavage \u00e0 la main possible dans de l\u2019eau ti\u00e8de avec un d\u00e9tergent doux.<\/p>\n<p>Fabriqu\u00e9 en Cor\u00e9e du Sud<\/p>\n","protected":false},"excerpt":{"rendered":"<p>Cette balle pour chien est confectionn\u00e9e \u00e0 partir de tissu \u00e9ponge de haute qualit\u00e9.<\/p>\n","protected":false},"featured_media":1542,"template":"","meta":{"_acf_changed":false},"product_brand":[],"product_cat":[209,207,208],"product_tag":[],"typologie":[268],"channels":[260],"bons_plans":[],"class_list":{"0":"post-2304","1":"product","2":"type-product","3":"status-publish","4":"has-post-thumbnail","6":"product_cat-jouets","7":"product_cat-nose-work-fr","8":"product_cat-peluche-fr","9":"pa_color-blue","10":"pa_color-gris","11":"pa_color-pink","12":"typologie-produits","13":"channels-online","15":"first","16":"instock","17":"taxable","18":"shipping-taxable","19":"purchasable","20":"product-type-variable","21":"has-default-attributes"},"acf":[],"yoast_head":"<!-- This site is optimized with the Yoast SEO plugin v27.4 - https:\/\/yoast.com\/product\/yoast-seo-wordpress\/ -->\n<title>Big ball<\/title>\n<meta name=\"description\" content=\"The woven ball with its cool look and soft fluffy texture has arrived. this ball is filled with microfiber cotton. your little love will love the sound when he squeezes it in his mouth. great fun! made of high quality soft and stretchy terry cloth, it will absorb saliva and dry very quickly. it&#039;s not a hard ball size: 10cm in diameter because it is a handmade product, there may be an error of plus or minus 2cm in length. hand washable in lukewarm water with mild detergent. made in south korea\" \/>\n<meta name=\"robots\" content=\"index, follow, max-snippet:-1, max-image-preview:large, max-video-preview:-1\" \/>\n<link rel=\"canonical\" href=\"https:\/\/mybeautydogmonaco.com\/fr\/product\/big-ball\/\" \/>\n<meta property=\"og:locale\" content=\"fr_FR\" \/>\n<meta property=\"og:type\" content=\"article\" \/>\n<meta property=\"og:title\" content=\"Big ball\" \/>\n<meta property=\"og:description\" content=\"The woven ball with its cool look and soft fluffy texture has arrived. this ball is filled with microfiber cotton. your little love will love the sound when he squeezes it in his mouth. great fun! made of high quality soft and stretchy terry cloth, it will absorb saliva and dry very quickly. it&#039;s not a hard ball size: 10cm in diameter because it is a handmade product, there may be an error of plus or minus 2cm in length. hand washable in lukewarm water with mild detergent. made in south korea\" \/>\n<meta property=\"og:url\" content=\"https:\/\/mybeautydogmonaco.com\/fr\/product\/big-ball\/\" \/>\n<meta property=\"og:site_name\" content=\"My Beauty Dog\" \/>\n<meta property=\"article:modified_time\" content=\"2025-03-08T09:44:37+00:00\" \/>\n<meta property=\"og:image\" content=\"https:\/\/mybeautydogmonaco.com\/wp-content\/uploads\/2022\/10\/bigballblue_4.png\" \/>\n\t<meta property=\"og:image:width\" content=\"1526\" \/>\n\t<meta property=\"og:image:height\" content=\"1282\" \/>\n\t<meta property=\"og:image:type\" content=\"image\/png\" \/>\n<meta name=\"twitter:card\" content=\"summary_large_image\" \/>\n<meta name=\"twitter:label1\" content=\"Dur\u00e9e de lecture estim\u00e9e\" \/>\n\t<meta name=\"twitter:data1\" content=\"1 minute\" \/>\n<script type=\"application\/ld+json\" class=\"yoast-schema-graph\">{\"@context\":\"https:\\\/\\\/schema.org\",\"@graph\":[{\"@type\":\"WebPage\",\"@id\":\"https:\\\/\\\/mybeautydogmonaco.com\\\/fr\\\/product\\\/big-ball\\\/\",\"url\":\"https:\\\/\\\/mybeautydogmonaco.com\\\/fr\\\/product\\\/big-ball\\\/\",\"name\":\"Big ball\",\"isPartOf\":{\"@id\":\"https:\\\/\\\/mybeautydogmonaco.com\\\/fr\\\/#website\"},\"primaryImageOfPage\":{\"@id\":\"https:\\\/\\\/mybeautydogmonaco.com\\\/fr\\\/product\\\/big-ball\\\/#primaryimage\"},\"image\":{\"@id\":\"https:\\\/\\\/mybeautydogmonaco.com\\\/fr\\\/product\\\/big-ball\\\/#primaryimage\"},\"thumbnailUrl\":\"https:\\\/\\\/mybeautydogmonaco.com\\\/wp-content\\\/uploads\\\/2022\\\/10\\\/bigballblue_4.png\",\"datePublished\":\"2022-10-26T14:32:42+00:00\",\"dateModified\":\"2025-03-08T09:44:37+00:00\",\"description\":\"The woven ball with its cool look and soft fluffy texture has arrived. this ball is filled with microfiber cotton. your little love will love the sound when he squeezes it in his mouth. great fun! made of high quality soft and stretchy terry cloth, it will absorb saliva and dry very quickly. it's not a hard ball size: 10cm in diameter because it is a handmade product, there may be an error of plus or minus 2cm in length. hand washable in lukewarm water with mild detergent. made in south korea\",\"breadcrumb\":{\"@id\":\"https:\\\/\\\/mybeautydogmonaco.com\\\/fr\\\/product\\\/big-ball\\\/#breadcrumb\"},\"inLanguage\":\"fr-FR\",\"potentialAction\":[{\"@type\":\"ReadAction\",\"target\":[\"https:\\\/\\\/mybeautydogmonaco.com\\\/fr\\\/product\\\/big-ball\\\/\"]}]},{\"@type\":\"ImageObject\",\"inLanguage\":\"fr-FR\",\"@id\":\"https:\\\/\\\/mybeautydogmonaco.com\\\/fr\\\/product\\\/big-ball\\\/#primaryimage\",\"url\":\"https:\\\/\\\/mybeautydogmonaco.com\\\/wp-content\\\/uploads\\\/2022\\\/10\\\/bigballblue_4.png\",\"contentUrl\":\"https:\\\/\\\/mybeautydogmonaco.com\\\/wp-content\\\/uploads\\\/2022\\\/10\\\/bigballblue_4.png\",\"width\":1526,\"height\":1282},{\"@type\":\"BreadcrumbList\",\"@id\":\"https:\\\/\\\/mybeautydogmonaco.com\\\/fr\\\/product\\\/big-ball\\\/#breadcrumb\",\"itemListElement\":[{\"@type\":\"ListItem\",\"position\":1,\"name\":\"HOME\",\"item\":\"https:\\\/\\\/mybeautydogmonaco.com\\\/fr\\\/\"},{\"@type\":\"ListItem\",\"position\":2,\"name\":\"Boutique\",\"item\":\"https:\\\/\\\/mybeautydogmonaco.com\\\/shop\\\/\"},{\"@type\":\"ListItem\",\"position\":3,\"name\":\"Jouets\",\"item\":\"https:\\\/\\\/mybeautydogmonaco.com\\\/fr\\\/categorie-produit\\\/jouets\\\/\"},{\"@type\":\"ListItem\",\"position\":4,\"name\":\"Nose work\",\"item\":\"https:\\\/\\\/mybeautydogmonaco.com\\\/fr\\\/categorie-produit\\\/jouets\\\/nose-work-fr\\\/\"},{\"@type\":\"ListItem\",\"position\":5,\"name\":\"Balle tiss\u00e9e\"}]},{\"@type\":\"WebSite\",\"@id\":\"https:\\\/\\\/mybeautydogmonaco.com\\\/fr\\\/#website\",\"url\":\"https:\\\/\\\/mybeautydogmonaco.com\\\/fr\\\/\",\"name\":\"My Beauty Dog\",\"description\":\"\",\"publisher\":{\"@id\":\"https:\\\/\\\/mybeautydogmonaco.com\\\/fr\\\/#organization\"},\"potentialAction\":[{\"@type\":\"SearchAction\",\"target\":{\"@type\":\"EntryPoint\",\"urlTemplate\":\"https:\\\/\\\/mybeautydogmonaco.com\\\/fr\\\/?s={search_term_string}\"},\"query-input\":{\"@type\":\"PropertyValueSpecification\",\"valueRequired\":true,\"valueName\":\"search_term_string\"}}],\"inLanguage\":\"fr-FR\"},{\"@type\":\"Organization\",\"@id\":\"https:\\\/\\\/mybeautydogmonaco.com\\\/fr\\\/#organization\",\"name\":\"My Beauty Dog\",\"url\":\"https:\\\/\\\/mybeautydogmonaco.com\\\/fr\\\/\",\"logo\":{\"@type\":\"ImageObject\",\"inLanguage\":\"fr-FR\",\"@id\":\"https:\\\/\\\/mybeautydogmonaco.com\\\/fr\\\/#\\\/schema\\\/logo\\\/image\\\/\",\"url\":\"https:\\\/\\\/mybeautydog-vitrine-com-dev.jupiter.cdigital.fr\\\/wp-content\\\/uploads\\\/2022\\\/06\\\/1-\u1112\u1174\u11ab\u1107\u1162\u1100\u1167\u11bc-\u110b\u116f\u11ab\u1107\u1169\u11ab.png\",\"contentUrl\":\"https:\\\/\\\/mybeautydog-vitrine-com-dev.jupiter.cdigital.fr\\\/wp-content\\\/uploads\\\/2022\\\/06\\\/1-\u1112\u1174\u11ab\u1107\u1162\u1100\u1167\u11bc-\u110b\u116f\u11ab\u1107\u1169\u11ab.png\",\"width\":1000,\"height\":1000,\"caption\":\"My Beauty Dog\"},\"image\":{\"@id\":\"https:\\\/\\\/mybeautydogmonaco.com\\\/fr\\\/#\\\/schema\\\/logo\\\/image\\\/\"}}]}<\/script>\n<!-- \/ Yoast SEO plugin. -->","yoast_head_json":{"title":"Big ball","description":"The woven ball with its cool look and soft fluffy texture has arrived. this ball is filled with microfiber cotton. your little love will love the sound when he squeezes it in his mouth. great fun! made of high quality soft and stretchy terry cloth, it will absorb saliva and dry very quickly. it's not a hard ball size: 10cm in diameter because it is a handmade product, there may be an error of plus or minus 2cm in length. hand washable in lukewarm water with mild detergent. made in south korea","robots":{"index":"index","follow":"follow","max-snippet":"max-snippet:-1","max-image-preview":"max-image-preview:large","max-video-preview":"max-video-preview:-1"},"canonical":"https:\/\/mybeautydogmonaco.com\/fr\/product\/big-ball\/","og_locale":"fr_FR","og_type":"article","og_title":"Big ball","og_description":"The woven ball with its cool look and soft fluffy texture has arrived. this ball is filled with microfiber cotton. your little love will love the sound when he squeezes it in his mouth. great fun! made of high quality soft and stretchy terry cloth, it will absorb saliva and dry very quickly. it's not a hard ball size: 10cm in diameter because it is a handmade product, there may be an error of plus or minus 2cm in length. hand washable in lukewarm water with mild detergent. made in south korea","og_url":"https:\/\/mybeautydogmonaco.com\/fr\/product\/big-ball\/","og_site_name":"My Beauty Dog","article_modified_time":"2025-03-08T09:44:37+00:00","og_image":[{"width":1526,"height":1282,"url":"https:\/\/mybeautydogmonaco.com\/wp-content\/uploads\/2022\/10\/bigballblue_4.png","type":"image\/png"}],"twitter_card":"summary_large_image","twitter_misc":{"Dur\u00e9e de lecture estim\u00e9e":"1 minute"},"schema":{"@context":"https:\/\/schema.org","@graph":[{"@type":"WebPage","@id":"https:\/\/mybeautydogmonaco.com\/fr\/product\/big-ball\/","url":"https:\/\/mybeautydogmonaco.com\/fr\/product\/big-ball\/","name":"Big ball","isPartOf":{"@id":"https:\/\/mybeautydogmonaco.com\/fr\/#website"},"primaryImageOfPage":{"@id":"https:\/\/mybeautydogmonaco.com\/fr\/product\/big-ball\/#primaryimage"},"image":{"@id":"https:\/\/mybeautydogmonaco.com\/fr\/product\/big-ball\/#primaryimage"},"thumbnailUrl":"https:\/\/mybeautydogmonaco.com\/wp-content\/uploads\/2022\/10\/bigballblue_4.png","datePublished":"2022-10-26T14:32:42+00:00","dateModified":"2025-03-08T09:44:37+00:00","description":"The woven ball with its cool look and soft fluffy texture has arrived. this ball is filled with microfiber cotton. your little love will love the sound when he squeezes it in his mouth. great fun! made of high quality soft and stretchy terry cloth, it will absorb saliva and dry very quickly. it's not a hard ball size: 10cm in diameter because it is a handmade product, there may be an error of plus or minus 2cm in length. hand washable in lukewarm water with mild detergent. made in south korea","breadcrumb":{"@id":"https:\/\/mybeautydogmonaco.com\/fr\/product\/big-ball\/#breadcrumb"},"inLanguage":"fr-FR","potentialAction":[{"@type":"ReadAction","target":["https:\/\/mybeautydogmonaco.com\/fr\/product\/big-ball\/"]}]},{"@type":"ImageObject","inLanguage":"fr-FR","@id":"https:\/\/mybeautydogmonaco.com\/fr\/product\/big-ball\/#primaryimage","url":"https:\/\/mybeautydogmonaco.com\/wp-content\/uploads\/2022\/10\/bigballblue_4.png","contentUrl":"https:\/\/mybeautydogmonaco.com\/wp-content\/uploads\/2022\/10\/bigballblue_4.png","width":1526,"height":1282},{"@type":"BreadcrumbList","@id":"https:\/\/mybeautydogmonaco.com\/fr\/product\/big-ball\/#breadcrumb","itemListElement":[{"@type":"ListItem","position":1,"name":"HOME","item":"https:\/\/mybeautydogmonaco.com\/fr\/"},{"@type":"ListItem","position":2,"name":"Boutique","item":"https:\/\/mybeautydogmonaco.com\/shop\/"},{"@type":"ListItem","position":3,"name":"Jouets","item":"https:\/\/mybeautydogmonaco.com\/fr\/categorie-produit\/jouets\/"},{"@type":"ListItem","position":4,"name":"Nose work","item":"https:\/\/mybeautydogmonaco.com\/fr\/categorie-produit\/jouets\/nose-work-fr\/"},{"@type":"ListItem","position":5,"name":"Balle tiss\u00e9e"}]},{"@type":"WebSite","@id":"https:\/\/mybeautydogmonaco.com\/fr\/#website","url":"https:\/\/mybeautydogmonaco.com\/fr\/","name":"My Beauty Dog","description":"","publisher":{"@id":"https:\/\/mybeautydogmonaco.com\/fr\/#organization"},"potentialAction":[{"@type":"SearchAction","target":{"@type":"EntryPoint","urlTemplate":"https:\/\/mybeautydogmonaco.com\/fr\/?s={search_term_string}"},"query-input":{"@type":"PropertyValueSpecification","valueRequired":true,"valueName":"search_term_string"}}],"inLanguage":"fr-FR"},{"@type":"Organization","@id":"https:\/\/mybeautydogmonaco.com\/fr\/#organization","name":"My Beauty Dog","url":"https:\/\/mybeautydogmonaco.com\/fr\/","logo":{"@type":"ImageObject","inLanguage":"fr-FR","@id":"https:\/\/mybeautydogmonaco.com\/fr\/#\/schema\/logo\/image\/","url":"https:\/\/mybeautydog-vitrine-com-dev.jupiter.cdigital.fr\/wp-content\/uploads\/2022\/06\/1-\u1112\u1174\u11ab\u1107\u1162\u1100\u1167\u11bc-\u110b\u116f\u11ab\u1107\u1169\u11ab.png","contentUrl":"https:\/\/mybeautydog-vitrine-com-dev.jupiter.cdigital.fr\/wp-content\/uploads\/2022\/06\/1-\u1112\u1174\u11ab\u1107\u1162\u1100\u1167\u11bc-\u110b\u116f\u11ab\u1107\u1169\u11ab.png","width":1000,"height":1000,"caption":"My Beauty Dog"},"image":{"@id":"https:\/\/mybeautydogmonaco.com\/fr\/#\/schema\/logo\/image\/"}}]}},"_links":{"self":[{"href":"https:\/\/mybeautydogmonaco.com\/fr\/wp-json\/wp\/v2\/product\/2304","targetHints":{"allow":["GET"]}}],"collection":[{"href":"https:\/\/mybeautydogmonaco.com\/fr\/wp-json\/wp\/v2\/product"}],"about":[{"href":"https:\/\/mybeautydogmonaco.com\/fr\/wp-json\/wp\/v2\/types\/product"}],"wp:featuredmedia":[{"embeddable":true,"href":"https:\/\/mybeautydogmonaco.com\/fr\/wp-json\/wp\/v2\/media\/1542"}],"wp:attachment":[{"href":"https:\/\/mybeautydogmonaco.com\/fr\/wp-json\/wp\/v2\/media?parent=2304"}],"wp:term":[{"taxonomy":"product_brand","embeddable":true,"href":"https:\/\/mybeautydogmonaco.com\/fr\/wp-json\/wp\/v2\/product_brand?post=2304"},{"taxonomy":"product_cat","embeddable":true,"href":"https:\/\/mybeautydogmonaco.com\/fr\/wp-json\/wp\/v2\/product_cat?post=2304"},{"taxonomy":"product_tag","embeddable":true,"href":"https:\/\/mybeautydogmonaco.com\/fr\/wp-json\/wp\/v2\/product_tag?post=2304"},{"taxonomy":"typologie","embeddable":true,"href":"https:\/\/mybeautydogmonaco.com\/fr\/wp-json\/wp\/v2\/typologie?post=2304"},{"taxonomy":"channels","embeddable":true,"href":"https:\/\/mybeautydogmonaco.com\/fr\/wp-json\/wp\/v2\/channels?post=2304"},{"taxonomy":"bons_plans","embeddable":true,"href":"https:\/\/mybeautydogmonaco.com\/fr\/wp-json\/wp\/v2\/bons_plans?post=2304"}],"curies":[{"name":"wp","href":"https:\/\/api.w.org\/{rel}","templated":true}]}}