{"id":2311,"date":"2022-10-26T16:31:55","date_gmt":"2022-10-26T14:31:55","guid":{"rendered":"https:\/\/mybeautydogmonaco-com-dev.jupiter.cdigital.fr\/produit\/watermelon\/"},"modified":"2025-01-31T12:51:01","modified_gmt":"2025-01-31T11:51:01","slug":"watermelon","status":"publish","type":"product","link":"https:\/\/mybeautydogmonaco.com\/fr\/product\/watermelon\/","title":{"rendered":"Past\u00e8que"},"content":{"rendered":"<p>La past\u00e8que avec son look tout mignon et sa texture douce et moelleuse est arriv\u00e9e.<br \/>\nVotre petit amour adorera le son lorsqu\u2019il le serrera dans sa bouche,<br \/>\nFabriqu\u00e9 en tissue \u00e9ponge doux et extensible de haute qualit\u00e9, il absorbera la salive et s\u00e8chera tr\u00e8s rapidement.<br \/>\nSi votre toutou arrive \u00e0 couper un des fils de couture, il est tr\u00e8s facile de refaire un n\u0153ud avec afin que le jouet dure plus longtemps.<\/p>\n<p>Taille : 14cm<br \/>\nParce qu\u2019il s\u2019agit d\u2019un produit fait \u00e0 la main, il peut y avoir une erreur de plus ou moins 2cm de longueur.<\/p>\n<p>Lavage \u00e0 la main possible dans de l\u2019eau ti\u00e8de avec un d\u00e9tergent doux.<\/p>\n<p>Fabriqu\u00e9 en Cor\u00e9e du Sud<\/p>\n","protected":false},"excerpt":{"rendered":"<p>Frais et super mignon!<\/p>\n","protected":false},"featured_media":2103,"template":"","meta":{"_acf_changed":false},"product_brand":[],"product_cat":[209,208],"product_tag":[],"typologie":[268],"channels":[260],"bons_plans":[236],"class_list":{"0":"post-2311","1":"product","2":"type-product","3":"status-publish","4":"has-post-thumbnail","6":"product_cat-jouets","7":"product_cat-peluche-fr","8":"pa_color-yellow","9":"pa_color-pink","10":"pa_color-rouge","11":"typologie-produits","12":"channels-online","13":"bons_plans-les-nouveautes","15":"first","16":"instock","17":"taxable","18":"shipping-taxable","19":"purchasable","20":"product-type-variable"},"acf":[],"yoast_head":"<!-- This site is optimized with the Yoast SEO plugin v27.4 - https:\/\/yoast.com\/product\/yoast-seo-wordpress\/ -->\n<title>Watermelon<\/title>\n<meta name=\"description\" content=\"The watermelon with its cute look and its soft and fluffy texture has arrived. your little love will love the sound when he squeezes it in his mouth, made of high quality soft and stretchy terry cloth, it will absorb saliva and dry very quickly. if your pooch manages to cut one of the sewing threads, it is very easy to tie a knot again with it so that the toy lasts longer. size: 14cm because it is a handmade product, there may be an error of plus or minus 2cm in length. hand washable in lukewarm water with mild detergent. made in south korea\" \/>\n<meta name=\"robots\" content=\"index, follow, max-snippet:-1, max-image-preview:large, max-video-preview:-1\" \/>\n<link rel=\"canonical\" href=\"https:\/\/mybeautydogmonaco.com\/fr\/product\/watermelon\/\" \/>\n<meta property=\"og:locale\" content=\"fr_FR\" \/>\n<meta property=\"og:type\" content=\"article\" \/>\n<meta property=\"og:title\" content=\"Watermelon\" \/>\n<meta property=\"og:description\" content=\"The watermelon with its cute look and its soft and fluffy texture has arrived. your little love will love the sound when he squeezes it in his mouth, made of high quality soft and stretchy terry cloth, it will absorb saliva and dry very quickly. if your pooch manages to cut one of the sewing threads, it is very easy to tie a knot again with it so that the toy lasts longer. size: 14cm because it is a handmade product, there may be an error of plus or minus 2cm in length. hand washable in lukewarm water with mild detergent. made in south korea\" \/>\n<meta property=\"og:url\" content=\"https:\/\/mybeautydogmonaco.com\/fr\/product\/watermelon\/\" \/>\n<meta property=\"og:site_name\" content=\"My Beauty Dog\" \/>\n<meta property=\"article:modified_time\" content=\"2025-01-31T11:51:01+00:00\" \/>\n<meta property=\"og:image\" content=\"https:\/\/mybeautydogmonaco.com\/wp-content\/uploads\/2022\/10\/watermelon_1.jpg\" \/>\n\t<meta property=\"og:image:width\" content=\"1526\" \/>\n\t<meta property=\"og:image:height\" content=\"1124\" \/>\n\t<meta property=\"og:image:type\" content=\"image\/jpeg\" \/>\n<meta name=\"twitter:card\" content=\"summary_large_image\" \/>\n<meta name=\"twitter:label1\" content=\"Dur\u00e9e de lecture estim\u00e9e\" \/>\n\t<meta name=\"twitter:data1\" content=\"1 minute\" \/>\n<script type=\"application\/ld+json\" class=\"yoast-schema-graph\">{\"@context\":\"https:\\\/\\\/schema.org\",\"@graph\":[{\"@type\":\"WebPage\",\"@id\":\"https:\\\/\\\/mybeautydogmonaco.com\\\/fr\\\/product\\\/watermelon\\\/\",\"url\":\"https:\\\/\\\/mybeautydogmonaco.com\\\/fr\\\/product\\\/watermelon\\\/\",\"name\":\"Watermelon\",\"isPartOf\":{\"@id\":\"https:\\\/\\\/mybeautydogmonaco.com\\\/fr\\\/#website\"},\"primaryImageOfPage\":{\"@id\":\"https:\\\/\\\/mybeautydogmonaco.com\\\/fr\\\/product\\\/watermelon\\\/#primaryimage\"},\"image\":{\"@id\":\"https:\\\/\\\/mybeautydogmonaco.com\\\/fr\\\/product\\\/watermelon\\\/#primaryimage\"},\"thumbnailUrl\":\"https:\\\/\\\/mybeautydogmonaco.com\\\/wp-content\\\/uploads\\\/2022\\\/10\\\/watermelon_1.jpg\",\"datePublished\":\"2022-10-26T14:31:55+00:00\",\"dateModified\":\"2025-01-31T11:51:01+00:00\",\"description\":\"The watermelon with its cute look and its soft and fluffy texture has arrived. your little love will love the sound when he squeezes it in his mouth, made of high quality soft and stretchy terry cloth, it will absorb saliva and dry very quickly. if your pooch manages to cut one of the sewing threads, it is very easy to tie a knot again with it so that the toy lasts longer. size: 14cm because it is a handmade product, there may be an error of plus or minus 2cm in length. hand washable in lukewarm water with mild detergent. made in south korea\",\"breadcrumb\":{\"@id\":\"https:\\\/\\\/mybeautydogmonaco.com\\\/fr\\\/product\\\/watermelon\\\/#breadcrumb\"},\"inLanguage\":\"fr-FR\",\"potentialAction\":[{\"@type\":\"ReadAction\",\"target\":[\"https:\\\/\\\/mybeautydogmonaco.com\\\/fr\\\/product\\\/watermelon\\\/\"]}]},{\"@type\":\"ImageObject\",\"inLanguage\":\"fr-FR\",\"@id\":\"https:\\\/\\\/mybeautydogmonaco.com\\\/fr\\\/product\\\/watermelon\\\/#primaryimage\",\"url\":\"https:\\\/\\\/mybeautydogmonaco.com\\\/wp-content\\\/uploads\\\/2022\\\/10\\\/watermelon_1.jpg\",\"contentUrl\":\"https:\\\/\\\/mybeautydogmonaco.com\\\/wp-content\\\/uploads\\\/2022\\\/10\\\/watermelon_1.jpg\",\"width\":1526,\"height\":1124},{\"@type\":\"BreadcrumbList\",\"@id\":\"https:\\\/\\\/mybeautydogmonaco.com\\\/fr\\\/product\\\/watermelon\\\/#breadcrumb\",\"itemListElement\":[{\"@type\":\"ListItem\",\"position\":1,\"name\":\"HOME\",\"item\":\"https:\\\/\\\/mybeautydogmonaco.com\\\/fr\\\/\"},{\"@type\":\"ListItem\",\"position\":2,\"name\":\"Boutique\",\"item\":\"https:\\\/\\\/mybeautydogmonaco.com\\\/shop\\\/\"},{\"@type\":\"ListItem\",\"position\":3,\"name\":\"Jouets\",\"item\":\"https:\\\/\\\/mybeautydogmonaco.com\\\/fr\\\/categorie-produit\\\/jouets\\\/\"},{\"@type\":\"ListItem\",\"position\":4,\"name\":\"Past\u00e8que\"}]},{\"@type\":\"WebSite\",\"@id\":\"https:\\\/\\\/mybeautydogmonaco.com\\\/fr\\\/#website\",\"url\":\"https:\\\/\\\/mybeautydogmonaco.com\\\/fr\\\/\",\"name\":\"My Beauty Dog\",\"description\":\"\",\"publisher\":{\"@id\":\"https:\\\/\\\/mybeautydogmonaco.com\\\/fr\\\/#organization\"},\"potentialAction\":[{\"@type\":\"SearchAction\",\"target\":{\"@type\":\"EntryPoint\",\"urlTemplate\":\"https:\\\/\\\/mybeautydogmonaco.com\\\/fr\\\/?s={search_term_string}\"},\"query-input\":{\"@type\":\"PropertyValueSpecification\",\"valueRequired\":true,\"valueName\":\"search_term_string\"}}],\"inLanguage\":\"fr-FR\"},{\"@type\":\"Organization\",\"@id\":\"https:\\\/\\\/mybeautydogmonaco.com\\\/fr\\\/#organization\",\"name\":\"My Beauty Dog\",\"url\":\"https:\\\/\\\/mybeautydogmonaco.com\\\/fr\\\/\",\"logo\":{\"@type\":\"ImageObject\",\"inLanguage\":\"fr-FR\",\"@id\":\"https:\\\/\\\/mybeautydogmonaco.com\\\/fr\\\/#\\\/schema\\\/logo\\\/image\\\/\",\"url\":\"https:\\\/\\\/mybeautydog-vitrine-com-dev.jupiter.cdigital.fr\\\/wp-content\\\/uploads\\\/2022\\\/06\\\/1-\u1112\u1174\u11ab\u1107\u1162\u1100\u1167\u11bc-\u110b\u116f\u11ab\u1107\u1169\u11ab.png\",\"contentUrl\":\"https:\\\/\\\/mybeautydog-vitrine-com-dev.jupiter.cdigital.fr\\\/wp-content\\\/uploads\\\/2022\\\/06\\\/1-\u1112\u1174\u11ab\u1107\u1162\u1100\u1167\u11bc-\u110b\u116f\u11ab\u1107\u1169\u11ab.png\",\"width\":1000,\"height\":1000,\"caption\":\"My Beauty Dog\"},\"image\":{\"@id\":\"https:\\\/\\\/mybeautydogmonaco.com\\\/fr\\\/#\\\/schema\\\/logo\\\/image\\\/\"}}]}<\/script>\n<!-- \/ Yoast SEO plugin. -->","yoast_head_json":{"title":"Watermelon","description":"The watermelon with its cute look and its soft and fluffy texture has arrived. your little love will love the sound when he squeezes it in his mouth, made of high quality soft and stretchy terry cloth, it will absorb saliva and dry very quickly. if your pooch manages to cut one of the sewing threads, it is very easy to tie a knot again with it so that the toy lasts longer. size: 14cm because it is a handmade product, there may be an error of plus or minus 2cm in length. hand washable in lukewarm water with mild detergent. made in south korea","robots":{"index":"index","follow":"follow","max-snippet":"max-snippet:-1","max-image-preview":"max-image-preview:large","max-video-preview":"max-video-preview:-1"},"canonical":"https:\/\/mybeautydogmonaco.com\/fr\/product\/watermelon\/","og_locale":"fr_FR","og_type":"article","og_title":"Watermelon","og_description":"The watermelon with its cute look and its soft and fluffy texture has arrived. your little love will love the sound when he squeezes it in his mouth, made of high quality soft and stretchy terry cloth, it will absorb saliva and dry very quickly. if your pooch manages to cut one of the sewing threads, it is very easy to tie a knot again with it so that the toy lasts longer. size: 14cm because it is a handmade product, there may be an error of plus or minus 2cm in length. hand washable in lukewarm water with mild detergent. made in south korea","og_url":"https:\/\/mybeautydogmonaco.com\/fr\/product\/watermelon\/","og_site_name":"My Beauty Dog","article_modified_time":"2025-01-31T11:51:01+00:00","og_image":[{"width":1526,"height":1124,"url":"https:\/\/mybeautydogmonaco.com\/wp-content\/uploads\/2022\/10\/watermelon_1.jpg","type":"image\/jpeg"}],"twitter_card":"summary_large_image","twitter_misc":{"Dur\u00e9e de lecture estim\u00e9e":"1 minute"},"schema":{"@context":"https:\/\/schema.org","@graph":[{"@type":"WebPage","@id":"https:\/\/mybeautydogmonaco.com\/fr\/product\/watermelon\/","url":"https:\/\/mybeautydogmonaco.com\/fr\/product\/watermelon\/","name":"Watermelon","isPartOf":{"@id":"https:\/\/mybeautydogmonaco.com\/fr\/#website"},"primaryImageOfPage":{"@id":"https:\/\/mybeautydogmonaco.com\/fr\/product\/watermelon\/#primaryimage"},"image":{"@id":"https:\/\/mybeautydogmonaco.com\/fr\/product\/watermelon\/#primaryimage"},"thumbnailUrl":"https:\/\/mybeautydogmonaco.com\/wp-content\/uploads\/2022\/10\/watermelon_1.jpg","datePublished":"2022-10-26T14:31:55+00:00","dateModified":"2025-01-31T11:51:01+00:00","description":"The watermelon with its cute look and its soft and fluffy texture has arrived. your little love will love the sound when he squeezes it in his mouth, made of high quality soft and stretchy terry cloth, it will absorb saliva and dry very quickly. if your pooch manages to cut one of the sewing threads, it is very easy to tie a knot again with it so that the toy lasts longer. size: 14cm because it is a handmade product, there may be an error of plus or minus 2cm in length. hand washable in lukewarm water with mild detergent. made in south korea","breadcrumb":{"@id":"https:\/\/mybeautydogmonaco.com\/fr\/product\/watermelon\/#breadcrumb"},"inLanguage":"fr-FR","potentialAction":[{"@type":"ReadAction","target":["https:\/\/mybeautydogmonaco.com\/fr\/product\/watermelon\/"]}]},{"@type":"ImageObject","inLanguage":"fr-FR","@id":"https:\/\/mybeautydogmonaco.com\/fr\/product\/watermelon\/#primaryimage","url":"https:\/\/mybeautydogmonaco.com\/wp-content\/uploads\/2022\/10\/watermelon_1.jpg","contentUrl":"https:\/\/mybeautydogmonaco.com\/wp-content\/uploads\/2022\/10\/watermelon_1.jpg","width":1526,"height":1124},{"@type":"BreadcrumbList","@id":"https:\/\/mybeautydogmonaco.com\/fr\/product\/watermelon\/#breadcrumb","itemListElement":[{"@type":"ListItem","position":1,"name":"HOME","item":"https:\/\/mybeautydogmonaco.com\/fr\/"},{"@type":"ListItem","position":2,"name":"Boutique","item":"https:\/\/mybeautydogmonaco.com\/shop\/"},{"@type":"ListItem","position":3,"name":"Jouets","item":"https:\/\/mybeautydogmonaco.com\/fr\/categorie-produit\/jouets\/"},{"@type":"ListItem","position":4,"name":"Past\u00e8que"}]},{"@type":"WebSite","@id":"https:\/\/mybeautydogmonaco.com\/fr\/#website","url":"https:\/\/mybeautydogmonaco.com\/fr\/","name":"My Beauty Dog","description":"","publisher":{"@id":"https:\/\/mybeautydogmonaco.com\/fr\/#organization"},"potentialAction":[{"@type":"SearchAction","target":{"@type":"EntryPoint","urlTemplate":"https:\/\/mybeautydogmonaco.com\/fr\/?s={search_term_string}"},"query-input":{"@type":"PropertyValueSpecification","valueRequired":true,"valueName":"search_term_string"}}],"inLanguage":"fr-FR"},{"@type":"Organization","@id":"https:\/\/mybeautydogmonaco.com\/fr\/#organization","name":"My Beauty Dog","url":"https:\/\/mybeautydogmonaco.com\/fr\/","logo":{"@type":"ImageObject","inLanguage":"fr-FR","@id":"https:\/\/mybeautydogmonaco.com\/fr\/#\/schema\/logo\/image\/","url":"https:\/\/mybeautydog-vitrine-com-dev.jupiter.cdigital.fr\/wp-content\/uploads\/2022\/06\/1-\u1112\u1174\u11ab\u1107\u1162\u1100\u1167\u11bc-\u110b\u116f\u11ab\u1107\u1169\u11ab.png","contentUrl":"https:\/\/mybeautydog-vitrine-com-dev.jupiter.cdigital.fr\/wp-content\/uploads\/2022\/06\/1-\u1112\u1174\u11ab\u1107\u1162\u1100\u1167\u11bc-\u110b\u116f\u11ab\u1107\u1169\u11ab.png","width":1000,"height":1000,"caption":"My Beauty Dog"},"image":{"@id":"https:\/\/mybeautydogmonaco.com\/fr\/#\/schema\/logo\/image\/"}}]}},"_links":{"self":[{"href":"https:\/\/mybeautydogmonaco.com\/fr\/wp-json\/wp\/v2\/product\/2311","targetHints":{"allow":["GET"]}}],"collection":[{"href":"https:\/\/mybeautydogmonaco.com\/fr\/wp-json\/wp\/v2\/product"}],"about":[{"href":"https:\/\/mybeautydogmonaco.com\/fr\/wp-json\/wp\/v2\/types\/product"}],"wp:featuredmedia":[{"embeddable":true,"href":"https:\/\/mybeautydogmonaco.com\/fr\/wp-json\/wp\/v2\/media\/2103"}],"wp:attachment":[{"href":"https:\/\/mybeautydogmonaco.com\/fr\/wp-json\/wp\/v2\/media?parent=2311"}],"wp:term":[{"taxonomy":"product_brand","embeddable":true,"href":"https:\/\/mybeautydogmonaco.com\/fr\/wp-json\/wp\/v2\/product_brand?post=2311"},{"taxonomy":"product_cat","embeddable":true,"href":"https:\/\/mybeautydogmonaco.com\/fr\/wp-json\/wp\/v2\/product_cat?post=2311"},{"taxonomy":"product_tag","embeddable":true,"href":"https:\/\/mybeautydogmonaco.com\/fr\/wp-json\/wp\/v2\/product_tag?post=2311"},{"taxonomy":"typologie","embeddable":true,"href":"https:\/\/mybeautydogmonaco.com\/fr\/wp-json\/wp\/v2\/typologie?post=2311"},{"taxonomy":"channels","embeddable":true,"href":"https:\/\/mybeautydogmonaco.com\/fr\/wp-json\/wp\/v2\/channels?post=2311"},{"taxonomy":"bons_plans","embeddable":true,"href":"https:\/\/mybeautydogmonaco.com\/fr\/wp-json\/wp\/v2\/bons_plans?post=2311"}],"curies":[{"name":"wp","href":"https:\/\/api.w.org\/{rel}","templated":true}]}}