{"id":2357,"date":"2022-10-26T16:31:55","date_gmt":"2022-10-26T14:31:55","guid":{"rendered":"https:\/\/mybeautydogmonaco-com-dev.jupiter.cdigital.fr\/produit\/angel-harness\/"},"modified":"2026-02-08T08:38:47","modified_gmt":"2026-02-08T07:38:47","slug":"angel-harness","status":"publish","type":"product","link":"https:\/\/mybeautydogmonaco.com\/fr\/product\/angel-harness\/","title":{"rendered":"Harnais Angel"},"content":{"rendered":"<p>Le tissue Liberty \u00e0 motif fleuris et les ailes blanches rendent notre compagnon encore plus adorable. Cet harnais s\u2019adapte \u00e0 la morphologie de notre compagnon gr\u00e2ce \u00e0 une boucle \u00e0 clip r\u00e9glable, avec une doublure en MeSH qui est excellente pour la respirabilit\u00e9.<br \/>\nComposition : Cotton, polyester, nylon.<br \/>\nLavage \u00e0 la main conseill\u00e9.<\/p>\n<p>Mod\u00e8le : Maltais 2,4kg avec un harnais de taille S, Caniche 2,4kg avec un harnais de taille S, Bichon fris\u00e9 3kg avec un harnais de taille S.<\/p>\n<p>Fabriqu\u00e9 en Cor\u00e9e du sud<\/p>\n","protected":false},"excerpt":{"rendered":"<p>Cet harnais s\u2019adapte \u00e0 la morphologie de votre compagnon gr\u00e2ce \u00e0 une boucle \u00e0 clip r\u00e9glable.<\/p>\n","protected":false},"featured_media":13060,"template":"","meta":{"_acf_changed":false},"product_brand":[],"product_cat":[230,228],"product_tag":[],"typologie":[268],"channels":[260],"bons_plans":[],"class_list":{"0":"post-2357","1":"product","2":"type-product","3":"status-publish","4":"has-post-thumbnail","6":"product_cat-harnais","7":"product_cat-sellerie","8":"pa_color-blue","9":"pa_color-pink","10":"typologie-produits","11":"channels-online","13":"first","14":"instock","15":"taxable","16":"shipping-taxable","17":"purchasable","18":"product-type-variable","19":"has-default-attributes"},"acf":[],"yoast_head":"<!-- This site is optimized with the Yoast SEO plugin v27.2 - https:\/\/yoast.com\/product\/yoast-seo-wordpress\/ -->\n<title>Angel harness<\/title>\n<meta name=\"description\" content=\"The flower patterned liberty fabric and White wings make our compagnon more adorable. this harness is wrapped around the back to fit the body shape. the mesh lining is also excellent for breathability. composition : cotton, polyester, nylon handwash lighly with mild detergent. models : maltese 2,4kg wearing s size, poodle 2,4kg wearing s size, bichonfris\u00e9 3kg wearing s size. made in south korea\" \/>\n<meta name=\"robots\" content=\"index, follow, max-snippet:-1, max-image-preview:large, max-video-preview:-1\" \/>\n<link rel=\"canonical\" href=\"https:\/\/mybeautydogmonaco.com\/fr\/product\/angel-harness\/\" \/>\n<meta property=\"og:locale\" content=\"fr_FR\" \/>\n<meta property=\"og:type\" content=\"article\" \/>\n<meta property=\"og:title\" content=\"Angel harness\" \/>\n<meta property=\"og:description\" content=\"The flower patterned liberty fabric and White wings make our compagnon more adorable. this harness is wrapped around the back to fit the body shape. the mesh lining is also excellent for breathability. composition : cotton, polyester, nylon handwash lighly with mild detergent. models : maltese 2,4kg wearing s size, poodle 2,4kg wearing s size, bichonfris\u00e9 3kg wearing s size. made in south korea\" \/>\n<meta property=\"og:url\" content=\"https:\/\/mybeautydogmonaco.com\/fr\/product\/angel-harness\/\" \/>\n<meta property=\"og:site_name\" content=\"My Beauty Dog\" \/>\n<meta property=\"article:modified_time\" content=\"2026-02-08T07:38:47+00:00\" \/>\n<meta property=\"og:image\" content=\"https:\/\/mybeautydogmonaco.com\/wp-content\/uploads\/2022\/10\/harnaisangelrose_10-1.jpg\" \/>\n\t<meta property=\"og:image:width\" content=\"2048\" \/>\n\t<meta property=\"og:image:height\" content=\"1236\" \/>\n\t<meta property=\"og:image:type\" content=\"image\/jpeg\" \/>\n<meta name=\"twitter:card\" content=\"summary_large_image\" \/>\n<meta name=\"twitter:label1\" content=\"Dur\u00e9e de lecture estim\u00e9e\" \/>\n\t<meta name=\"twitter:data1\" content=\"1 minute\" \/>\n<script type=\"application\/ld+json\" class=\"yoast-schema-graph\">{\"@context\":\"https:\/\/schema.org\",\"@graph\":[{\"@type\":\"WebPage\",\"@id\":\"https:\/\/mybeautydogmonaco.com\/fr\/product\/angel-harness\/\",\"url\":\"https:\/\/mybeautydogmonaco.com\/fr\/product\/angel-harness\/\",\"name\":\"Angel harness\",\"isPartOf\":{\"@id\":\"https:\/\/mybeautydogmonaco.com\/fr\/#website\"},\"primaryImageOfPage\":{\"@id\":\"https:\/\/mybeautydogmonaco.com\/fr\/product\/angel-harness\/#primaryimage\"},\"image\":{\"@id\":\"https:\/\/mybeautydogmonaco.com\/fr\/product\/angel-harness\/#primaryimage\"},\"thumbnailUrl\":\"https:\/\/mybeautydogmonaco.com\/wp-content\/uploads\/2022\/10\/harnaisangelrose_10-1.jpg\",\"datePublished\":\"2022-10-26T14:31:55+00:00\",\"dateModified\":\"2026-02-08T07:38:47+00:00\",\"description\":\"The flower patterned liberty fabric and White wings make our compagnon more adorable. this harness is wrapped around the back to fit the body shape. the mesh lining is also excellent for breathability. composition : cotton, polyester, nylon handwash lighly with mild detergent. models : maltese 2,4kg wearing s size, poodle 2,4kg wearing s size, bichonfris\u00e9 3kg wearing s size. made in south korea\",\"breadcrumb\":{\"@id\":\"https:\/\/mybeautydogmonaco.com\/fr\/product\/angel-harness\/#breadcrumb\"},\"inLanguage\":\"fr-FR\",\"potentialAction\":[{\"@type\":\"ReadAction\",\"target\":[\"https:\/\/mybeautydogmonaco.com\/fr\/product\/angel-harness\/\"]}]},{\"@type\":\"ImageObject\",\"inLanguage\":\"fr-FR\",\"@id\":\"https:\/\/mybeautydogmonaco.com\/fr\/product\/angel-harness\/#primaryimage\",\"url\":\"https:\/\/mybeautydogmonaco.com\/wp-content\/uploads\/2022\/10\/harnaisangelrose_10-1.jpg\",\"contentUrl\":\"https:\/\/mybeautydogmonaco.com\/wp-content\/uploads\/2022\/10\/harnaisangelrose_10-1.jpg\",\"width\":2048,\"height\":1236},{\"@type\":\"BreadcrumbList\",\"@id\":\"https:\/\/mybeautydogmonaco.com\/fr\/product\/angel-harness\/#breadcrumb\",\"itemListElement\":[{\"@type\":\"ListItem\",\"position\":1,\"name\":\"HOME\",\"item\":\"https:\/\/mybeautydogmonaco.com\/fr\/\"},{\"@type\":\"ListItem\",\"position\":2,\"name\":\"Boutique\",\"item\":\"https:\/\/mybeautydogmonaco.com\/shop\/\"},{\"@type\":\"ListItem\",\"position\":3,\"name\":\"Sellerie\",\"item\":\"https:\/\/mybeautydogmonaco.com\/fr\/categorie-produit\/sellerie\/\"},{\"@type\":\"ListItem\",\"position\":4,\"name\":\"Harnais Angel\"}]},{\"@type\":\"WebSite\",\"@id\":\"https:\/\/mybeautydogmonaco.com\/fr\/#website\",\"url\":\"https:\/\/mybeautydogmonaco.com\/fr\/\",\"name\":\"My Beauty Dog\",\"description\":\"\",\"publisher\":{\"@id\":\"https:\/\/mybeautydogmonaco.com\/fr\/#organization\"},\"potentialAction\":[{\"@type\":\"SearchAction\",\"target\":{\"@type\":\"EntryPoint\",\"urlTemplate\":\"https:\/\/mybeautydogmonaco.com\/fr\/?s={search_term_string}\"},\"query-input\":{\"@type\":\"PropertyValueSpecification\",\"valueRequired\":true,\"valueName\":\"search_term_string\"}}],\"inLanguage\":\"fr-FR\"},{\"@type\":\"Organization\",\"@id\":\"https:\/\/mybeautydogmonaco.com\/fr\/#organization\",\"name\":\"My Beauty Dog\",\"url\":\"https:\/\/mybeautydogmonaco.com\/fr\/\",\"logo\":{\"@type\":\"ImageObject\",\"inLanguage\":\"fr-FR\",\"@id\":\"https:\/\/mybeautydogmonaco.com\/fr\/#\/schema\/logo\/image\/\",\"url\":\"https:\/\/mybeautydog-vitrine-com-dev.jupiter.cdigital.fr\/wp-content\/uploads\/2022\/06\/1-\u1112\u1174\u11ab\u1107\u1162\u1100\u1167\u11bc-\u110b\u116f\u11ab\u1107\u1169\u11ab.png\",\"contentUrl\":\"https:\/\/mybeautydog-vitrine-com-dev.jupiter.cdigital.fr\/wp-content\/uploads\/2022\/06\/1-\u1112\u1174\u11ab\u1107\u1162\u1100\u1167\u11bc-\u110b\u116f\u11ab\u1107\u1169\u11ab.png\",\"width\":1000,\"height\":1000,\"caption\":\"My Beauty Dog\"},\"image\":{\"@id\":\"https:\/\/mybeautydogmonaco.com\/fr\/#\/schema\/logo\/image\/\"}}]}<\/script>\n<!-- \/ Yoast SEO plugin. -->","yoast_head_json":{"title":"Angel harness","description":"The flower patterned liberty fabric and White wings make our compagnon more adorable. this harness is wrapped around the back to fit the body shape. the mesh lining is also excellent for breathability. composition : cotton, polyester, nylon handwash lighly with mild detergent. models : maltese 2,4kg wearing s size, poodle 2,4kg wearing s size, bichonfris\u00e9 3kg wearing s size. made in south korea","robots":{"index":"index","follow":"follow","max-snippet":"max-snippet:-1","max-image-preview":"max-image-preview:large","max-video-preview":"max-video-preview:-1"},"canonical":"https:\/\/mybeautydogmonaco.com\/fr\/product\/angel-harness\/","og_locale":"fr_FR","og_type":"article","og_title":"Angel harness","og_description":"The flower patterned liberty fabric and White wings make our compagnon more adorable. this harness is wrapped around the back to fit the body shape. the mesh lining is also excellent for breathability. composition : cotton, polyester, nylon handwash lighly with mild detergent. models : maltese 2,4kg wearing s size, poodle 2,4kg wearing s size, bichonfris\u00e9 3kg wearing s size. made in south korea","og_url":"https:\/\/mybeautydogmonaco.com\/fr\/product\/angel-harness\/","og_site_name":"My Beauty Dog","article_modified_time":"2026-02-08T07:38:47+00:00","og_image":[{"width":2048,"height":1236,"url":"https:\/\/mybeautydogmonaco.com\/wp-content\/uploads\/2022\/10\/harnaisangelrose_10-1.jpg","type":"image\/jpeg"}],"twitter_card":"summary_large_image","twitter_misc":{"Dur\u00e9e de lecture estim\u00e9e":"1 minute"},"schema":{"@context":"https:\/\/schema.org","@graph":[{"@type":"WebPage","@id":"https:\/\/mybeautydogmonaco.com\/fr\/product\/angel-harness\/","url":"https:\/\/mybeautydogmonaco.com\/fr\/product\/angel-harness\/","name":"Angel harness","isPartOf":{"@id":"https:\/\/mybeautydogmonaco.com\/fr\/#website"},"primaryImageOfPage":{"@id":"https:\/\/mybeautydogmonaco.com\/fr\/product\/angel-harness\/#primaryimage"},"image":{"@id":"https:\/\/mybeautydogmonaco.com\/fr\/product\/angel-harness\/#primaryimage"},"thumbnailUrl":"https:\/\/mybeautydogmonaco.com\/wp-content\/uploads\/2022\/10\/harnaisangelrose_10-1.jpg","datePublished":"2022-10-26T14:31:55+00:00","dateModified":"2026-02-08T07:38:47+00:00","description":"The flower patterned liberty fabric and White wings make our compagnon more adorable. this harness is wrapped around the back to fit the body shape. the mesh lining is also excellent for breathability. composition : cotton, polyester, nylon handwash lighly with mild detergent. models : maltese 2,4kg wearing s size, poodle 2,4kg wearing s size, bichonfris\u00e9 3kg wearing s size. made in south korea","breadcrumb":{"@id":"https:\/\/mybeautydogmonaco.com\/fr\/product\/angel-harness\/#breadcrumb"},"inLanguage":"fr-FR","potentialAction":[{"@type":"ReadAction","target":["https:\/\/mybeautydogmonaco.com\/fr\/product\/angel-harness\/"]}]},{"@type":"ImageObject","inLanguage":"fr-FR","@id":"https:\/\/mybeautydogmonaco.com\/fr\/product\/angel-harness\/#primaryimage","url":"https:\/\/mybeautydogmonaco.com\/wp-content\/uploads\/2022\/10\/harnaisangelrose_10-1.jpg","contentUrl":"https:\/\/mybeautydogmonaco.com\/wp-content\/uploads\/2022\/10\/harnaisangelrose_10-1.jpg","width":2048,"height":1236},{"@type":"BreadcrumbList","@id":"https:\/\/mybeautydogmonaco.com\/fr\/product\/angel-harness\/#breadcrumb","itemListElement":[{"@type":"ListItem","position":1,"name":"HOME","item":"https:\/\/mybeautydogmonaco.com\/fr\/"},{"@type":"ListItem","position":2,"name":"Boutique","item":"https:\/\/mybeautydogmonaco.com\/shop\/"},{"@type":"ListItem","position":3,"name":"Sellerie","item":"https:\/\/mybeautydogmonaco.com\/fr\/categorie-produit\/sellerie\/"},{"@type":"ListItem","position":4,"name":"Harnais Angel"}]},{"@type":"WebSite","@id":"https:\/\/mybeautydogmonaco.com\/fr\/#website","url":"https:\/\/mybeautydogmonaco.com\/fr\/","name":"My Beauty Dog","description":"","publisher":{"@id":"https:\/\/mybeautydogmonaco.com\/fr\/#organization"},"potentialAction":[{"@type":"SearchAction","target":{"@type":"EntryPoint","urlTemplate":"https:\/\/mybeautydogmonaco.com\/fr\/?s={search_term_string}"},"query-input":{"@type":"PropertyValueSpecification","valueRequired":true,"valueName":"search_term_string"}}],"inLanguage":"fr-FR"},{"@type":"Organization","@id":"https:\/\/mybeautydogmonaco.com\/fr\/#organization","name":"My Beauty Dog","url":"https:\/\/mybeautydogmonaco.com\/fr\/","logo":{"@type":"ImageObject","inLanguage":"fr-FR","@id":"https:\/\/mybeautydogmonaco.com\/fr\/#\/schema\/logo\/image\/","url":"https:\/\/mybeautydog-vitrine-com-dev.jupiter.cdigital.fr\/wp-content\/uploads\/2022\/06\/1-\u1112\u1174\u11ab\u1107\u1162\u1100\u1167\u11bc-\u110b\u116f\u11ab\u1107\u1169\u11ab.png","contentUrl":"https:\/\/mybeautydog-vitrine-com-dev.jupiter.cdigital.fr\/wp-content\/uploads\/2022\/06\/1-\u1112\u1174\u11ab\u1107\u1162\u1100\u1167\u11bc-\u110b\u116f\u11ab\u1107\u1169\u11ab.png","width":1000,"height":1000,"caption":"My Beauty Dog"},"image":{"@id":"https:\/\/mybeautydogmonaco.com\/fr\/#\/schema\/logo\/image\/"}}]}},"_links":{"self":[{"href":"https:\/\/mybeautydogmonaco.com\/fr\/wp-json\/wp\/v2\/product\/2357","targetHints":{"allow":["GET"]}}],"collection":[{"href":"https:\/\/mybeautydogmonaco.com\/fr\/wp-json\/wp\/v2\/product"}],"about":[{"href":"https:\/\/mybeautydogmonaco.com\/fr\/wp-json\/wp\/v2\/types\/product"}],"wp:featuredmedia":[{"embeddable":true,"href":"https:\/\/mybeautydogmonaco.com\/fr\/wp-json\/wp\/v2\/media\/13060"}],"wp:attachment":[{"href":"https:\/\/mybeautydogmonaco.com\/fr\/wp-json\/wp\/v2\/media?parent=2357"}],"wp:term":[{"taxonomy":"product_brand","embeddable":true,"href":"https:\/\/mybeautydogmonaco.com\/fr\/wp-json\/wp\/v2\/product_brand?post=2357"},{"taxonomy":"product_cat","embeddable":true,"href":"https:\/\/mybeautydogmonaco.com\/fr\/wp-json\/wp\/v2\/product_cat?post=2357"},{"taxonomy":"product_tag","embeddable":true,"href":"https:\/\/mybeautydogmonaco.com\/fr\/wp-json\/wp\/v2\/product_tag?post=2357"},{"taxonomy":"typologie","embeddable":true,"href":"https:\/\/mybeautydogmonaco.com\/fr\/wp-json\/wp\/v2\/typologie?post=2357"},{"taxonomy":"channels","embeddable":true,"href":"https:\/\/mybeautydogmonaco.com\/fr\/wp-json\/wp\/v2\/channels?post=2357"},{"taxonomy":"bons_plans","embeddable":true,"href":"https:\/\/mybeautydogmonaco.com\/fr\/wp-json\/wp\/v2\/bons_plans?post=2357"}],"curies":[{"name":"wp","href":"https:\/\/api.w.org\/{rel}","templated":true}]}}