{"id":2393,"date":"2022-10-26T16:33:50","date_gmt":"2022-10-26T14:33:50","guid":{"rendered":"https:\/\/mybeautydogmonaco-com-dev.jupiter.cdigital.fr\/produit\/daisy-harness\/"},"modified":"2025-02-05T19:10:11","modified_gmt":"2025-02-05T18:10:11","slug":"daisy-harness","status":"publish","type":"product","link":"https:\/\/mybeautydogmonaco.com\/fr\/product\/daisy-harness\/","title":{"rendered":"Harnais Daisy"},"content":{"rendered":"<p>Ce magnifique harnais se chargera des balades de nos enfants avec une broderie fine sur le dos et  une joyeuse fleur smiley au niveau du cou. C&rsquo;est un design d\u00e9contract\u00e9 qui va bien avec n&rsquo;importe quelle couleur !<\/p>\n<p>C&rsquo;est un harnais de type veste qui peut \u00eatre port\u00e9 vers l&rsquo;avant sur le dos, de sorte que m\u00eame nos amours qui ne sont pas \u00e0 l&rsquo;aise avec les v\u00eatements peuvent le porter confortablement. Il est respirant et poss\u00e8de une doublure en maille a\u00e9r\u00e9e qui est tr\u00e8s confortable. Tr\u00e8s bien \u00e0 utiliser toute l&rsquo;ann\u00e9e!<\/p>\n<p>En ajoutant une boucle sur le dessus du velcro, nous avons fait plus attention \u00e0 la s\u00e9curit\u00e9 !<\/p>\n<p>Composition : 100% coton\/ doublure tissu-air mesh.<\/p>\n<p>Fabriqu\u00e9 en Cor\u00e9e du Sud<\/p>\n","protected":false},"excerpt":{"rendered":"<p>Ce harnais est vendu avec la laisse assortie Daisy.<\/p>\n","protected":false},"featured_media":8715,"template":"","meta":{"_acf_changed":false},"product_brand":[],"product_cat":[230,228],"product_tag":[],"typologie":[268],"channels":[260],"bons_plans":[],"class_list":{"0":"post-2393","1":"product","2":"type-product","3":"status-publish","4":"has-post-thumbnail","6":"product_cat-harnais","7":"product_cat-sellerie","8":"pa_color-blue","9":"pa_color-yellow","10":"pa_color-rouge","11":"typologie-produits","12":"channels-online","14":"first","15":"instock","16":"taxable","17":"shipping-taxable","18":"purchasable","19":"product-type-variable"},"acf":[],"yoast_head":"<!-- This site is optimized with the Yoast SEO plugin v27.2 - https:\/\/yoast.com\/product\/yoast-seo-wordpress\/ -->\n<title>Daisy harness<\/title>\n<meta name=\"description\" content=\"This beautiful harness will be responsible for our children\u2019s walks with a fresh stripe design, a big cute plump embroidery on the back, and nice points with a smiley flower the neck. it\u2019s a casual design that goes well with any colour ! it\u2019s a clothing-type harness that can be worn forward on the back, so even children who are uncomfortable with clothes can wear it confortably. it\u2019s breathable and has an air mesh lining that does not hurt. very good to use all year around! by adding a buckle on the top of the velcro, we paid more attention to safety! composition : 100% cotton\/ lining fabric-air mesh. made in south korea\" \/>\n<meta name=\"robots\" content=\"index, follow, max-snippet:-1, max-image-preview:large, max-video-preview:-1\" \/>\n<link rel=\"canonical\" href=\"https:\/\/mybeautydogmonaco.com\/fr\/product\/daisy-harness\/\" \/>\n<meta property=\"og:locale\" content=\"fr_FR\" \/>\n<meta property=\"og:type\" content=\"article\" \/>\n<meta property=\"og:title\" content=\"Daisy harness\" \/>\n<meta property=\"og:description\" content=\"This beautiful harness will be responsible for our children\u2019s walks with a fresh stripe design, a big cute plump embroidery on the back, and nice points with a smiley flower the neck. it\u2019s a casual design that goes well with any colour ! it\u2019s a clothing-type harness that can be worn forward on the back, so even children who are uncomfortable with clothes can wear it confortably. it\u2019s breathable and has an air mesh lining that does not hurt. very good to use all year around! by adding a buckle on the top of the velcro, we paid more attention to safety! composition : 100% cotton\/ lining fabric-air mesh. made in south korea\" \/>\n<meta property=\"og:url\" content=\"https:\/\/mybeautydogmonaco.com\/fr\/product\/daisy-harness\/\" \/>\n<meta property=\"og:site_name\" content=\"My Beauty Dog\" \/>\n<meta property=\"article:modified_time\" content=\"2025-02-05T18:10:11+00:00\" \/>\n<meta property=\"og:image\" content=\"https:\/\/mybeautydogmonaco.com\/wp-content\/uploads\/2022\/10\/Daisyharnessblue_1-700x533.png\" \/>\n\t<meta property=\"og:image:width\" content=\"700\" \/>\n\t<meta property=\"og:image:height\" content=\"533\" \/>\n\t<meta property=\"og:image:type\" content=\"image\/png\" \/>\n<meta name=\"twitter:card\" content=\"summary_large_image\" \/>\n<meta name=\"twitter:label1\" content=\"Dur\u00e9e de lecture estim\u00e9e\" \/>\n\t<meta name=\"twitter:data1\" content=\"1 minute\" \/>\n<script type=\"application\/ld+json\" class=\"yoast-schema-graph\">{\"@context\":\"https:\/\/schema.org\",\"@graph\":[{\"@type\":\"WebPage\",\"@id\":\"https:\/\/mybeautydogmonaco.com\/fr\/product\/daisy-harness\/\",\"url\":\"https:\/\/mybeautydogmonaco.com\/fr\/product\/daisy-harness\/\",\"name\":\"Daisy harness\",\"isPartOf\":{\"@id\":\"https:\/\/mybeautydogmonaco.com\/fr\/#website\"},\"primaryImageOfPage\":{\"@id\":\"https:\/\/mybeautydogmonaco.com\/fr\/product\/daisy-harness\/#primaryimage\"},\"image\":{\"@id\":\"https:\/\/mybeautydogmonaco.com\/fr\/product\/daisy-harness\/#primaryimage\"},\"thumbnailUrl\":\"https:\/\/mybeautydogmonaco.com\/wp-content\/uploads\/2022\/10\/Daisyharnessblue_1.png\",\"datePublished\":\"2022-10-26T14:33:50+00:00\",\"dateModified\":\"2025-02-05T18:10:11+00:00\",\"description\":\"This beautiful harness will be responsible for our children\u2019s walks with a fresh stripe design, a big cute plump embroidery on the back, and nice points with a smiley flower the neck. it\u2019s a casual design that goes well with any colour ! it\u2019s a clothing-type harness that can be worn forward on the back, so even children who are uncomfortable with clothes can wear it confortably. it\u2019s breathable and has an air mesh lining that does not hurt. very good to use all year around! by adding a buckle on the top of the velcro, we paid more attention to safety! composition : 100% cotton\/ lining fabric-air mesh. made in south korea\",\"breadcrumb\":{\"@id\":\"https:\/\/mybeautydogmonaco.com\/fr\/product\/daisy-harness\/#breadcrumb\"},\"inLanguage\":\"fr-FR\",\"potentialAction\":[{\"@type\":\"ReadAction\",\"target\":[\"https:\/\/mybeautydogmonaco.com\/fr\/product\/daisy-harness\/\"]}]},{\"@type\":\"ImageObject\",\"inLanguage\":\"fr-FR\",\"@id\":\"https:\/\/mybeautydogmonaco.com\/fr\/product\/daisy-harness\/#primaryimage\",\"url\":\"https:\/\/mybeautydogmonaco.com\/wp-content\/uploads\/2022\/10\/Daisyharnessblue_1.png\",\"contentUrl\":\"https:\/\/mybeautydogmonaco.com\/wp-content\/uploads\/2022\/10\/Daisyharnessblue_1.png\",\"width\":1238,\"height\":942},{\"@type\":\"BreadcrumbList\",\"@id\":\"https:\/\/mybeautydogmonaco.com\/fr\/product\/daisy-harness\/#breadcrumb\",\"itemListElement\":[{\"@type\":\"ListItem\",\"position\":1,\"name\":\"HOME\",\"item\":\"https:\/\/mybeautydogmonaco.com\/fr\/\"},{\"@type\":\"ListItem\",\"position\":2,\"name\":\"Boutique\",\"item\":\"https:\/\/mybeautydogmonaco.com\/shop\/\"},{\"@type\":\"ListItem\",\"position\":3,\"name\":\"Sellerie\",\"item\":\"https:\/\/mybeautydogmonaco.com\/fr\/categorie-produit\/sellerie\/\"},{\"@type\":\"ListItem\",\"position\":4,\"name\":\"Harnais\",\"item\":\"https:\/\/mybeautydogmonaco.com\/fr\/categorie-produit\/sellerie\/harnais\/\"},{\"@type\":\"ListItem\",\"position\":5,\"name\":\"Harnais Daisy\"}]},{\"@type\":\"WebSite\",\"@id\":\"https:\/\/mybeautydogmonaco.com\/fr\/#website\",\"url\":\"https:\/\/mybeautydogmonaco.com\/fr\/\",\"name\":\"My Beauty Dog\",\"description\":\"\",\"publisher\":{\"@id\":\"https:\/\/mybeautydogmonaco.com\/fr\/#organization\"},\"potentialAction\":[{\"@type\":\"SearchAction\",\"target\":{\"@type\":\"EntryPoint\",\"urlTemplate\":\"https:\/\/mybeautydogmonaco.com\/fr\/?s={search_term_string}\"},\"query-input\":{\"@type\":\"PropertyValueSpecification\",\"valueRequired\":true,\"valueName\":\"search_term_string\"}}],\"inLanguage\":\"fr-FR\"},{\"@type\":\"Organization\",\"@id\":\"https:\/\/mybeautydogmonaco.com\/fr\/#organization\",\"name\":\"My Beauty Dog\",\"url\":\"https:\/\/mybeautydogmonaco.com\/fr\/\",\"logo\":{\"@type\":\"ImageObject\",\"inLanguage\":\"fr-FR\",\"@id\":\"https:\/\/mybeautydogmonaco.com\/fr\/#\/schema\/logo\/image\/\",\"url\":\"https:\/\/mybeautydog-vitrine-com-dev.jupiter.cdigital.fr\/wp-content\/uploads\/2022\/06\/1-\u1112\u1174\u11ab\u1107\u1162\u1100\u1167\u11bc-\u110b\u116f\u11ab\u1107\u1169\u11ab.png\",\"contentUrl\":\"https:\/\/mybeautydog-vitrine-com-dev.jupiter.cdigital.fr\/wp-content\/uploads\/2022\/06\/1-\u1112\u1174\u11ab\u1107\u1162\u1100\u1167\u11bc-\u110b\u116f\u11ab\u1107\u1169\u11ab.png\",\"width\":1000,\"height\":1000,\"caption\":\"My Beauty Dog\"},\"image\":{\"@id\":\"https:\/\/mybeautydogmonaco.com\/fr\/#\/schema\/logo\/image\/\"}}]}<\/script>\n<!-- \/ Yoast SEO plugin. -->","yoast_head_json":{"title":"Daisy harness","description":"This beautiful harness will be responsible for our children\u2019s walks with a fresh stripe design, a big cute plump embroidery on the back, and nice points with a smiley flower the neck. it\u2019s a casual design that goes well with any colour ! it\u2019s a clothing-type harness that can be worn forward on the back, so even children who are uncomfortable with clothes can wear it confortably. it\u2019s breathable and has an air mesh lining that does not hurt. very good to use all year around! by adding a buckle on the top of the velcro, we paid more attention to safety! composition : 100% cotton\/ lining fabric-air mesh. made in south korea","robots":{"index":"index","follow":"follow","max-snippet":"max-snippet:-1","max-image-preview":"max-image-preview:large","max-video-preview":"max-video-preview:-1"},"canonical":"https:\/\/mybeautydogmonaco.com\/fr\/product\/daisy-harness\/","og_locale":"fr_FR","og_type":"article","og_title":"Daisy harness","og_description":"This beautiful harness will be responsible for our children\u2019s walks with a fresh stripe design, a big cute plump embroidery on the back, and nice points with a smiley flower the neck. it\u2019s a casual design that goes well with any colour ! it\u2019s a clothing-type harness that can be worn forward on the back, so even children who are uncomfortable with clothes can wear it confortably. it\u2019s breathable and has an air mesh lining that does not hurt. very good to use all year around! by adding a buckle on the top of the velcro, we paid more attention to safety! composition : 100% cotton\/ lining fabric-air mesh. made in south korea","og_url":"https:\/\/mybeautydogmonaco.com\/fr\/product\/daisy-harness\/","og_site_name":"My Beauty Dog","article_modified_time":"2025-02-05T18:10:11+00:00","og_image":[{"width":700,"height":533,"url":"https:\/\/mybeautydogmonaco.com\/wp-content\/uploads\/2022\/10\/Daisyharnessblue_1-700x533.png","type":"image\/png"}],"twitter_card":"summary_large_image","twitter_misc":{"Dur\u00e9e de lecture estim\u00e9e":"1 minute"},"schema":{"@context":"https:\/\/schema.org","@graph":[{"@type":"WebPage","@id":"https:\/\/mybeautydogmonaco.com\/fr\/product\/daisy-harness\/","url":"https:\/\/mybeautydogmonaco.com\/fr\/product\/daisy-harness\/","name":"Daisy harness","isPartOf":{"@id":"https:\/\/mybeautydogmonaco.com\/fr\/#website"},"primaryImageOfPage":{"@id":"https:\/\/mybeautydogmonaco.com\/fr\/product\/daisy-harness\/#primaryimage"},"image":{"@id":"https:\/\/mybeautydogmonaco.com\/fr\/product\/daisy-harness\/#primaryimage"},"thumbnailUrl":"https:\/\/mybeautydogmonaco.com\/wp-content\/uploads\/2022\/10\/Daisyharnessblue_1.png","datePublished":"2022-10-26T14:33:50+00:00","dateModified":"2025-02-05T18:10:11+00:00","description":"This beautiful harness will be responsible for our children\u2019s walks with a fresh stripe design, a big cute plump embroidery on the back, and nice points with a smiley flower the neck. it\u2019s a casual design that goes well with any colour ! it\u2019s a clothing-type harness that can be worn forward on the back, so even children who are uncomfortable with clothes can wear it confortably. it\u2019s breathable and has an air mesh lining that does not hurt. very good to use all year around! by adding a buckle on the top of the velcro, we paid more attention to safety! composition : 100% cotton\/ lining fabric-air mesh. made in south korea","breadcrumb":{"@id":"https:\/\/mybeautydogmonaco.com\/fr\/product\/daisy-harness\/#breadcrumb"},"inLanguage":"fr-FR","potentialAction":[{"@type":"ReadAction","target":["https:\/\/mybeautydogmonaco.com\/fr\/product\/daisy-harness\/"]}]},{"@type":"ImageObject","inLanguage":"fr-FR","@id":"https:\/\/mybeautydogmonaco.com\/fr\/product\/daisy-harness\/#primaryimage","url":"https:\/\/mybeautydogmonaco.com\/wp-content\/uploads\/2022\/10\/Daisyharnessblue_1.png","contentUrl":"https:\/\/mybeautydogmonaco.com\/wp-content\/uploads\/2022\/10\/Daisyharnessblue_1.png","width":1238,"height":942},{"@type":"BreadcrumbList","@id":"https:\/\/mybeautydogmonaco.com\/fr\/product\/daisy-harness\/#breadcrumb","itemListElement":[{"@type":"ListItem","position":1,"name":"HOME","item":"https:\/\/mybeautydogmonaco.com\/fr\/"},{"@type":"ListItem","position":2,"name":"Boutique","item":"https:\/\/mybeautydogmonaco.com\/shop\/"},{"@type":"ListItem","position":3,"name":"Sellerie","item":"https:\/\/mybeautydogmonaco.com\/fr\/categorie-produit\/sellerie\/"},{"@type":"ListItem","position":4,"name":"Harnais","item":"https:\/\/mybeautydogmonaco.com\/fr\/categorie-produit\/sellerie\/harnais\/"},{"@type":"ListItem","position":5,"name":"Harnais Daisy"}]},{"@type":"WebSite","@id":"https:\/\/mybeautydogmonaco.com\/fr\/#website","url":"https:\/\/mybeautydogmonaco.com\/fr\/","name":"My Beauty Dog","description":"","publisher":{"@id":"https:\/\/mybeautydogmonaco.com\/fr\/#organization"},"potentialAction":[{"@type":"SearchAction","target":{"@type":"EntryPoint","urlTemplate":"https:\/\/mybeautydogmonaco.com\/fr\/?s={search_term_string}"},"query-input":{"@type":"PropertyValueSpecification","valueRequired":true,"valueName":"search_term_string"}}],"inLanguage":"fr-FR"},{"@type":"Organization","@id":"https:\/\/mybeautydogmonaco.com\/fr\/#organization","name":"My Beauty Dog","url":"https:\/\/mybeautydogmonaco.com\/fr\/","logo":{"@type":"ImageObject","inLanguage":"fr-FR","@id":"https:\/\/mybeautydogmonaco.com\/fr\/#\/schema\/logo\/image\/","url":"https:\/\/mybeautydog-vitrine-com-dev.jupiter.cdigital.fr\/wp-content\/uploads\/2022\/06\/1-\u1112\u1174\u11ab\u1107\u1162\u1100\u1167\u11bc-\u110b\u116f\u11ab\u1107\u1169\u11ab.png","contentUrl":"https:\/\/mybeautydog-vitrine-com-dev.jupiter.cdigital.fr\/wp-content\/uploads\/2022\/06\/1-\u1112\u1174\u11ab\u1107\u1162\u1100\u1167\u11bc-\u110b\u116f\u11ab\u1107\u1169\u11ab.png","width":1000,"height":1000,"caption":"My Beauty Dog"},"image":{"@id":"https:\/\/mybeautydogmonaco.com\/fr\/#\/schema\/logo\/image\/"}}]}},"_links":{"self":[{"href":"https:\/\/mybeautydogmonaco.com\/fr\/wp-json\/wp\/v2\/product\/2393","targetHints":{"allow":["GET"]}}],"collection":[{"href":"https:\/\/mybeautydogmonaco.com\/fr\/wp-json\/wp\/v2\/product"}],"about":[{"href":"https:\/\/mybeautydogmonaco.com\/fr\/wp-json\/wp\/v2\/types\/product"}],"wp:featuredmedia":[{"embeddable":true,"href":"https:\/\/mybeautydogmonaco.com\/fr\/wp-json\/wp\/v2\/media\/8715"}],"wp:attachment":[{"href":"https:\/\/mybeautydogmonaco.com\/fr\/wp-json\/wp\/v2\/media?parent=2393"}],"wp:term":[{"taxonomy":"product_brand","embeddable":true,"href":"https:\/\/mybeautydogmonaco.com\/fr\/wp-json\/wp\/v2\/product_brand?post=2393"},{"taxonomy":"product_cat","embeddable":true,"href":"https:\/\/mybeautydogmonaco.com\/fr\/wp-json\/wp\/v2\/product_cat?post=2393"},{"taxonomy":"product_tag","embeddable":true,"href":"https:\/\/mybeautydogmonaco.com\/fr\/wp-json\/wp\/v2\/product_tag?post=2393"},{"taxonomy":"typologie","embeddable":true,"href":"https:\/\/mybeautydogmonaco.com\/fr\/wp-json\/wp\/v2\/typologie?post=2393"},{"taxonomy":"channels","embeddable":true,"href":"https:\/\/mybeautydogmonaco.com\/fr\/wp-json\/wp\/v2\/channels?post=2393"},{"taxonomy":"bons_plans","embeddable":true,"href":"https:\/\/mybeautydogmonaco.com\/fr\/wp-json\/wp\/v2\/bons_plans?post=2393"}],"curies":[{"name":"wp","href":"https:\/\/api.w.org\/{rel}","templated":true}]}}