{"id":2407,"date":"2022-10-26T16:32:27","date_gmt":"2022-10-26T14:32:27","guid":{"rendered":"https:\/\/mybeautydogmonaco-com-dev.jupiter.cdigital.fr\/produit\/avocado-zip-up-jersey\/"},"modified":"2026-02-08T07:21:01","modified_gmt":"2026-02-08T06:21:01","slug":"avocado-zip-up-jersey","status":"publish","type":"product","link":"https:\/\/mybeautydogmonaco.com\/fr\/product\/avocado-zip-up-jersey\/","title":{"rendered":"T-shirt Avocat avec zip"},"content":{"rendered":"<p>Le T-shirt zipp\u00e9 avocat fait forte sensation avec sa coupe fun ! ! Ce T-shirt aux motifs color\u00e9s et au toucher frais et quasiment infroissable ! C\u2019est un tissue moyennement \u00e9pais qui peut \u00eatre port\u00e9 jusqu\u2019au d\u00e9but de l\u2019\u00e9t\u00e9. Les manches extensibles sont tr\u00e8s confortables, et les protections au dos du cous emp\u00eachent les poils de se coincer dans la fermeture \u00e9clair.<\/p>\n<p>Composition : 100% POLYESTER<\/p>\n<p>Pr\u00e9caution de lavage : une d\u00e9formation du tissue peut se produire pendant l\u2019utilisation, veuillez donc laver \u00e0 la main autant que possible en utilisant un d\u00e9tergeant doux dans de l\u2019eau ti\u00e8de.<\/p>\n<p>Fabriqu\u00e9 en Cor\u00e9e du sud<\/p>\n","protected":false},"excerpt":{"rendered":"<p>Tr\u00e8s agr\u00e9able \u00e0 porter jusqu\u2019au d\u00e9but de l\u2019\u00e9t\u00e9.<\/p>\n","protected":false},"featured_media":12880,"template":"","meta":{"_acf_changed":false},"product_brand":[],"product_cat":[216,80],"product_tag":[],"typologie":[268],"channels":[260],"bons_plans":[],"class_list":{"0":"post-2407","1":"product","2":"type-product","3":"status-publish","4":"has-post-thumbnail","6":"product_cat-t-shirt-top-fr","7":"product_cat-vetements","8":"pa_color-yellow","9":"pa_color-pink","10":"typologie-produits","11":"channels-online","13":"first","14":"instock","15":"taxable","16":"shipping-taxable","17":"purchasable","18":"product-type-variable","19":"has-default-attributes"},"acf":[],"yoast_head":"<!-- This site is optimized with the Yoast SEO plugin v27.2 - https:\/\/yoast.com\/product\/yoast-seo-wordpress\/ -->\n<title>Avocado zip-up jersey<\/title>\n<meta name=\"description\" content=\"The zipped avocado t-shirt jersey is causing a stir with its fun cut! ! this t-shirt with colorful patterns and a cool, almost wrinkle-resistant feel! it is a medium-thick fabric that can be worn until early summer. the stretchy sleeves are very comfortable, and the protectors on the back of the neck prevent hair from getting caught in the zipper. material: 100% polyester washing precaution: fabric deformation may occur during use, so please hand wash as much as possible using a mild detergent in lukewarm water. made in south korea\" \/>\n<meta name=\"robots\" content=\"index, follow, max-snippet:-1, max-image-preview:large, max-video-preview:-1\" \/>\n<link rel=\"canonical\" href=\"https:\/\/mybeautydogmonaco.com\/fr\/product\/avocado-zip-up-jersey\/\" \/>\n<meta property=\"og:locale\" content=\"fr_FR\" \/>\n<meta property=\"og:type\" content=\"article\" \/>\n<meta property=\"og:title\" content=\"Avocado zip-up jersey\" \/>\n<meta property=\"og:description\" content=\"The zipped avocado t-shirt jersey is causing a stir with its fun cut! ! this t-shirt with colorful patterns and a cool, almost wrinkle-resistant feel! it is a medium-thick fabric that can be worn until early summer. the stretchy sleeves are very comfortable, and the protectors on the back of the neck prevent hair from getting caught in the zipper. material: 100% polyester washing precaution: fabric deformation may occur during use, so please hand wash as much as possible using a mild detergent in lukewarm water. made in south korea\" \/>\n<meta property=\"og:url\" content=\"https:\/\/mybeautydogmonaco.com\/fr\/product\/avocado-zip-up-jersey\/\" \/>\n<meta property=\"og:site_name\" content=\"My Beauty Dog\" \/>\n<meta property=\"article:modified_time\" content=\"2026-02-08T06:21:01+00:00\" \/>\n<meta property=\"og:image\" content=\"https:\/\/mybeautydogmonaco.com\/wp-content\/uploads\/2022\/10\/Avocadozipupjerseypink_10.png\" \/>\n\t<meta property=\"og:image:width\" content=\"1952\" \/>\n\t<meta property=\"og:image:height\" content=\"1212\" \/>\n\t<meta property=\"og:image:type\" content=\"image\/png\" \/>\n<meta name=\"twitter:card\" content=\"summary_large_image\" \/>\n<meta name=\"twitter:label1\" content=\"Dur\u00e9e de lecture estim\u00e9e\" \/>\n\t<meta name=\"twitter:data1\" content=\"1 minute\" \/>\n<script type=\"application\/ld+json\" class=\"yoast-schema-graph\">{\"@context\":\"https:\/\/schema.org\",\"@graph\":[{\"@type\":\"WebPage\",\"@id\":\"https:\/\/mybeautydogmonaco.com\/fr\/product\/avocado-zip-up-jersey\/\",\"url\":\"https:\/\/mybeautydogmonaco.com\/fr\/product\/avocado-zip-up-jersey\/\",\"name\":\"Avocado zip-up jersey\",\"isPartOf\":{\"@id\":\"https:\/\/mybeautydogmonaco.com\/fr\/#website\"},\"primaryImageOfPage\":{\"@id\":\"https:\/\/mybeautydogmonaco.com\/fr\/product\/avocado-zip-up-jersey\/#primaryimage\"},\"image\":{\"@id\":\"https:\/\/mybeautydogmonaco.com\/fr\/product\/avocado-zip-up-jersey\/#primaryimage\"},\"thumbnailUrl\":\"https:\/\/mybeautydogmonaco.com\/wp-content\/uploads\/2022\/10\/Avocadozipupjerseypink_10.png\",\"datePublished\":\"2022-10-26T14:32:27+00:00\",\"dateModified\":\"2026-02-08T06:21:01+00:00\",\"description\":\"The zipped avocado t-shirt jersey is causing a stir with its fun cut! ! this t-shirt with colorful patterns and a cool, almost wrinkle-resistant feel! it is a medium-thick fabric that can be worn until early summer. the stretchy sleeves are very comfortable, and the protectors on the back of the neck prevent hair from getting caught in the zipper. material: 100% polyester washing precaution: fabric deformation may occur during use, so please hand wash as much as possible using a mild detergent in lukewarm water. made in south korea\",\"breadcrumb\":{\"@id\":\"https:\/\/mybeautydogmonaco.com\/fr\/product\/avocado-zip-up-jersey\/#breadcrumb\"},\"inLanguage\":\"fr-FR\",\"potentialAction\":[{\"@type\":\"ReadAction\",\"target\":[\"https:\/\/mybeautydogmonaco.com\/fr\/product\/avocado-zip-up-jersey\/\"]}]},{\"@type\":\"ImageObject\",\"inLanguage\":\"fr-FR\",\"@id\":\"https:\/\/mybeautydogmonaco.com\/fr\/product\/avocado-zip-up-jersey\/#primaryimage\",\"url\":\"https:\/\/mybeautydogmonaco.com\/wp-content\/uploads\/2022\/10\/Avocadozipupjerseypink_10.png\",\"contentUrl\":\"https:\/\/mybeautydogmonaco.com\/wp-content\/uploads\/2022\/10\/Avocadozipupjerseypink_10.png\",\"width\":1952,\"height\":1212},{\"@type\":\"BreadcrumbList\",\"@id\":\"https:\/\/mybeautydogmonaco.com\/fr\/product\/avocado-zip-up-jersey\/#breadcrumb\",\"itemListElement\":[{\"@type\":\"ListItem\",\"position\":1,\"name\":\"HOME\",\"item\":\"https:\/\/mybeautydogmonaco.com\/fr\/\"},{\"@type\":\"ListItem\",\"position\":2,\"name\":\"Boutique\",\"item\":\"https:\/\/mybeautydogmonaco.com\/shop\/\"},{\"@type\":\"ListItem\",\"position\":3,\"name\":\"V\u00eatements\",\"item\":\"https:\/\/mybeautydogmonaco.com\/fr\/categorie-produit\/vetements\/\"},{\"@type\":\"ListItem\",\"position\":4,\"name\":\"T-shirt\/ top\",\"item\":\"https:\/\/mybeautydogmonaco.com\/fr\/categorie-produit\/vetements\/t-shirt-top-fr\/\"},{\"@type\":\"ListItem\",\"position\":5,\"name\":\"T-shirt Avocat avec zip\"}]},{\"@type\":\"WebSite\",\"@id\":\"https:\/\/mybeautydogmonaco.com\/fr\/#website\",\"url\":\"https:\/\/mybeautydogmonaco.com\/fr\/\",\"name\":\"My Beauty Dog\",\"description\":\"\",\"publisher\":{\"@id\":\"https:\/\/mybeautydogmonaco.com\/fr\/#organization\"},\"potentialAction\":[{\"@type\":\"SearchAction\",\"target\":{\"@type\":\"EntryPoint\",\"urlTemplate\":\"https:\/\/mybeautydogmonaco.com\/fr\/?s={search_term_string}\"},\"query-input\":{\"@type\":\"PropertyValueSpecification\",\"valueRequired\":true,\"valueName\":\"search_term_string\"}}],\"inLanguage\":\"fr-FR\"},{\"@type\":\"Organization\",\"@id\":\"https:\/\/mybeautydogmonaco.com\/fr\/#organization\",\"name\":\"My Beauty Dog\",\"url\":\"https:\/\/mybeautydogmonaco.com\/fr\/\",\"logo\":{\"@type\":\"ImageObject\",\"inLanguage\":\"fr-FR\",\"@id\":\"https:\/\/mybeautydogmonaco.com\/fr\/#\/schema\/logo\/image\/\",\"url\":\"https:\/\/mybeautydog-vitrine-com-dev.jupiter.cdigital.fr\/wp-content\/uploads\/2022\/06\/1-\u1112\u1174\u11ab\u1107\u1162\u1100\u1167\u11bc-\u110b\u116f\u11ab\u1107\u1169\u11ab.png\",\"contentUrl\":\"https:\/\/mybeautydog-vitrine-com-dev.jupiter.cdigital.fr\/wp-content\/uploads\/2022\/06\/1-\u1112\u1174\u11ab\u1107\u1162\u1100\u1167\u11bc-\u110b\u116f\u11ab\u1107\u1169\u11ab.png\",\"width\":1000,\"height\":1000,\"caption\":\"My Beauty Dog\"},\"image\":{\"@id\":\"https:\/\/mybeautydogmonaco.com\/fr\/#\/schema\/logo\/image\/\"}}]}<\/script>\n<!-- \/ Yoast SEO plugin. -->","yoast_head_json":{"title":"Avocado zip-up jersey","description":"The zipped avocado t-shirt jersey is causing a stir with its fun cut! ! this t-shirt with colorful patterns and a cool, almost wrinkle-resistant feel! it is a medium-thick fabric that can be worn until early summer. the stretchy sleeves are very comfortable, and the protectors on the back of the neck prevent hair from getting caught in the zipper. material: 100% polyester washing precaution: fabric deformation may occur during use, so please hand wash as much as possible using a mild detergent in lukewarm water. made in south korea","robots":{"index":"index","follow":"follow","max-snippet":"max-snippet:-1","max-image-preview":"max-image-preview:large","max-video-preview":"max-video-preview:-1"},"canonical":"https:\/\/mybeautydogmonaco.com\/fr\/product\/avocado-zip-up-jersey\/","og_locale":"fr_FR","og_type":"article","og_title":"Avocado zip-up jersey","og_description":"The zipped avocado t-shirt jersey is causing a stir with its fun cut! ! this t-shirt with colorful patterns and a cool, almost wrinkle-resistant feel! it is a medium-thick fabric that can be worn until early summer. the stretchy sleeves are very comfortable, and the protectors on the back of the neck prevent hair from getting caught in the zipper. material: 100% polyester washing precaution: fabric deformation may occur during use, so please hand wash as much as possible using a mild detergent in lukewarm water. made in south korea","og_url":"https:\/\/mybeautydogmonaco.com\/fr\/product\/avocado-zip-up-jersey\/","og_site_name":"My Beauty Dog","article_modified_time":"2026-02-08T06:21:01+00:00","og_image":[{"width":1952,"height":1212,"url":"https:\/\/mybeautydogmonaco.com\/wp-content\/uploads\/2022\/10\/Avocadozipupjerseypink_10.png","type":"image\/png"}],"twitter_card":"summary_large_image","twitter_misc":{"Dur\u00e9e de lecture estim\u00e9e":"1 minute"},"schema":{"@context":"https:\/\/schema.org","@graph":[{"@type":"WebPage","@id":"https:\/\/mybeautydogmonaco.com\/fr\/product\/avocado-zip-up-jersey\/","url":"https:\/\/mybeautydogmonaco.com\/fr\/product\/avocado-zip-up-jersey\/","name":"Avocado zip-up jersey","isPartOf":{"@id":"https:\/\/mybeautydogmonaco.com\/fr\/#website"},"primaryImageOfPage":{"@id":"https:\/\/mybeautydogmonaco.com\/fr\/product\/avocado-zip-up-jersey\/#primaryimage"},"image":{"@id":"https:\/\/mybeautydogmonaco.com\/fr\/product\/avocado-zip-up-jersey\/#primaryimage"},"thumbnailUrl":"https:\/\/mybeautydogmonaco.com\/wp-content\/uploads\/2022\/10\/Avocadozipupjerseypink_10.png","datePublished":"2022-10-26T14:32:27+00:00","dateModified":"2026-02-08T06:21:01+00:00","description":"The zipped avocado t-shirt jersey is causing a stir with its fun cut! ! this t-shirt with colorful patterns and a cool, almost wrinkle-resistant feel! it is a medium-thick fabric that can be worn until early summer. the stretchy sleeves are very comfortable, and the protectors on the back of the neck prevent hair from getting caught in the zipper. material: 100% polyester washing precaution: fabric deformation may occur during use, so please hand wash as much as possible using a mild detergent in lukewarm water. made in south korea","breadcrumb":{"@id":"https:\/\/mybeautydogmonaco.com\/fr\/product\/avocado-zip-up-jersey\/#breadcrumb"},"inLanguage":"fr-FR","potentialAction":[{"@type":"ReadAction","target":["https:\/\/mybeautydogmonaco.com\/fr\/product\/avocado-zip-up-jersey\/"]}]},{"@type":"ImageObject","inLanguage":"fr-FR","@id":"https:\/\/mybeautydogmonaco.com\/fr\/product\/avocado-zip-up-jersey\/#primaryimage","url":"https:\/\/mybeautydogmonaco.com\/wp-content\/uploads\/2022\/10\/Avocadozipupjerseypink_10.png","contentUrl":"https:\/\/mybeautydogmonaco.com\/wp-content\/uploads\/2022\/10\/Avocadozipupjerseypink_10.png","width":1952,"height":1212},{"@type":"BreadcrumbList","@id":"https:\/\/mybeautydogmonaco.com\/fr\/product\/avocado-zip-up-jersey\/#breadcrumb","itemListElement":[{"@type":"ListItem","position":1,"name":"HOME","item":"https:\/\/mybeautydogmonaco.com\/fr\/"},{"@type":"ListItem","position":2,"name":"Boutique","item":"https:\/\/mybeautydogmonaco.com\/shop\/"},{"@type":"ListItem","position":3,"name":"V\u00eatements","item":"https:\/\/mybeautydogmonaco.com\/fr\/categorie-produit\/vetements\/"},{"@type":"ListItem","position":4,"name":"T-shirt\/ top","item":"https:\/\/mybeautydogmonaco.com\/fr\/categorie-produit\/vetements\/t-shirt-top-fr\/"},{"@type":"ListItem","position":5,"name":"T-shirt Avocat avec zip"}]},{"@type":"WebSite","@id":"https:\/\/mybeautydogmonaco.com\/fr\/#website","url":"https:\/\/mybeautydogmonaco.com\/fr\/","name":"My Beauty Dog","description":"","publisher":{"@id":"https:\/\/mybeautydogmonaco.com\/fr\/#organization"},"potentialAction":[{"@type":"SearchAction","target":{"@type":"EntryPoint","urlTemplate":"https:\/\/mybeautydogmonaco.com\/fr\/?s={search_term_string}"},"query-input":{"@type":"PropertyValueSpecification","valueRequired":true,"valueName":"search_term_string"}}],"inLanguage":"fr-FR"},{"@type":"Organization","@id":"https:\/\/mybeautydogmonaco.com\/fr\/#organization","name":"My Beauty Dog","url":"https:\/\/mybeautydogmonaco.com\/fr\/","logo":{"@type":"ImageObject","inLanguage":"fr-FR","@id":"https:\/\/mybeautydogmonaco.com\/fr\/#\/schema\/logo\/image\/","url":"https:\/\/mybeautydog-vitrine-com-dev.jupiter.cdigital.fr\/wp-content\/uploads\/2022\/06\/1-\u1112\u1174\u11ab\u1107\u1162\u1100\u1167\u11bc-\u110b\u116f\u11ab\u1107\u1169\u11ab.png","contentUrl":"https:\/\/mybeautydog-vitrine-com-dev.jupiter.cdigital.fr\/wp-content\/uploads\/2022\/06\/1-\u1112\u1174\u11ab\u1107\u1162\u1100\u1167\u11bc-\u110b\u116f\u11ab\u1107\u1169\u11ab.png","width":1000,"height":1000,"caption":"My Beauty Dog"},"image":{"@id":"https:\/\/mybeautydogmonaco.com\/fr\/#\/schema\/logo\/image\/"}}]}},"_links":{"self":[{"href":"https:\/\/mybeautydogmonaco.com\/fr\/wp-json\/wp\/v2\/product\/2407","targetHints":{"allow":["GET"]}}],"collection":[{"href":"https:\/\/mybeautydogmonaco.com\/fr\/wp-json\/wp\/v2\/product"}],"about":[{"href":"https:\/\/mybeautydogmonaco.com\/fr\/wp-json\/wp\/v2\/types\/product"}],"wp:featuredmedia":[{"embeddable":true,"href":"https:\/\/mybeautydogmonaco.com\/fr\/wp-json\/wp\/v2\/media\/12880"}],"wp:attachment":[{"href":"https:\/\/mybeautydogmonaco.com\/fr\/wp-json\/wp\/v2\/media?parent=2407"}],"wp:term":[{"taxonomy":"product_brand","embeddable":true,"href":"https:\/\/mybeautydogmonaco.com\/fr\/wp-json\/wp\/v2\/product_brand?post=2407"},{"taxonomy":"product_cat","embeddable":true,"href":"https:\/\/mybeautydogmonaco.com\/fr\/wp-json\/wp\/v2\/product_cat?post=2407"},{"taxonomy":"product_tag","embeddable":true,"href":"https:\/\/mybeautydogmonaco.com\/fr\/wp-json\/wp\/v2\/product_tag?post=2407"},{"taxonomy":"typologie","embeddable":true,"href":"https:\/\/mybeautydogmonaco.com\/fr\/wp-json\/wp\/v2\/typologie?post=2407"},{"taxonomy":"channels","embeddable":true,"href":"https:\/\/mybeautydogmonaco.com\/fr\/wp-json\/wp\/v2\/channels?post=2407"},{"taxonomy":"bons_plans","embeddable":true,"href":"https:\/\/mybeautydogmonaco.com\/fr\/wp-json\/wp\/v2\/bons_plans?post=2407"}],"curies":[{"name":"wp","href":"https:\/\/api.w.org\/{rel}","templated":true}]}}