{"id":2424,"date":"2022-10-26T16:34:09","date_gmt":"2022-10-26T14:34:09","guid":{"rendered":"https:\/\/mybeautydogmonaco-com-dev.jupiter.cdigital.fr\/produit\/fruit-dress\/"},"modified":"2025-03-16T21:24:29","modified_gmt":"2025-03-16T20:24:29","slug":"robe-fruitee","status":"publish","type":"product","link":"https:\/\/mybeautydogmonaco.com\/fr\/product\/robe-fruitee\/","title":{"rendered":"Robe fruit\u00e9e"},"content":{"rendered":"<p>Ravissante robe aux couleurs fruit\u00e9es. Un bouton sur le devant permet de l\u2019enfiler et l\u2019enlever facilement.<\/p>\n<p>Composition : 100% Cotton<\/p>\n<p>Lavage \u00e0 la main recommand\u00e9. Si lavage \u00e0 la machine, placer la robe dans un filer \u00e0 linge et utiliser un cycle sp\u00e9cial laine. Ne pas utiliser de s\u00e8che linge pour cette robe.<\/p>\n<p>Produits en Cor\u00e9e du Sud<\/p>\n","protected":false},"excerpt":{"rendered":"<p>Ravissante robe aux couleurs fruit\u00e9es<\/p>\n","protected":false},"featured_media":2269,"template":"","meta":{"_acf_changed":false},"product_brand":[],"product_cat":[214,80],"product_tag":[],"typologie":[268],"channels":[260],"bons_plans":[],"class_list":{"0":"post-2424","1":"product","2":"type-product","3":"status-publish","4":"has-post-thumbnail","6":"product_cat-robe","7":"product_cat-vetements","8":"pa_color-yellow","9":"pa_color-rouge","10":"typologie-produits","11":"channels-online","13":"first","14":"instock","15":"taxable","16":"shipping-taxable","17":"purchasable","18":"product-type-variable","19":"has-default-attributes"},"acf":[],"yoast_head":"<!-- This site is optimized with the Yoast SEO plugin v27.4 - https:\/\/yoast.com\/product\/yoast-seo-wordpress\/ -->\n<title>Ravissante robe aux couleurs fruit\u00e9es<\/title>\n<meta name=\"description\" content=\"Ravissante robe aux couleurs fruit\u00e9es. Un bouton sur le devant permet de l\u2019enfiler et l\u2019enlever facilement.Composition : 100% CottonLavage \u00e0 la main recommand\u00e9. Si lavage \u00e0 la machine, placer la robe dans un filer \u00e0 linge et utiliser un cycle sp\u00e9cial laine. Ne pas utiliser de s\u00e8che linge pour cette robe.Produits en Cor\u00e9e du Sud\" \/>\n<meta name=\"robots\" content=\"index, follow, max-snippet:-1, max-image-preview:large, max-video-preview:-1\" \/>\n<link rel=\"canonical\" href=\"https:\/\/mybeautydogmonaco.com\/fr\/product\/robe-fruitee\/\" \/>\n<meta property=\"og:locale\" content=\"fr_FR\" \/>\n<meta property=\"og:type\" content=\"article\" \/>\n<meta property=\"og:title\" content=\"Fruit dress\" \/>\n<meta property=\"og:description\" content=\"Lovely dress with fruity colours. a button on the front makes it easy to put on and take off. material: 100% cotton hand wash recommended. if machine washing, place the dress in a laundry spinner and use a special wool cycle. do not use a dryer for this dress. made in south korea\" \/>\n<meta property=\"og:url\" content=\"https:\/\/mybeautydogmonaco.com\/fr\/product\/robe-fruitee\/\" \/>\n<meta property=\"og:site_name\" content=\"My Beauty Dog\" \/>\n<meta property=\"article:modified_time\" content=\"2025-03-16T20:24:29+00:00\" \/>\n<meta property=\"og:image\" content=\"https:\/\/mybeautydogmonaco.com\/wp-content\/uploads\/2022\/10\/Fruitdressred_2-700x457.png\" \/>\n\t<meta property=\"og:image:width\" content=\"700\" \/>\n\t<meta property=\"og:image:height\" content=\"457\" \/>\n\t<meta property=\"og:image:type\" content=\"image\/png\" \/>\n<meta name=\"twitter:card\" content=\"summary_large_image\" \/>\n<meta name=\"twitter:label1\" content=\"Dur\u00e9e de lecture estim\u00e9e\" \/>\n\t<meta name=\"twitter:data1\" content=\"1 minute\" \/>\n<script type=\"application\/ld+json\" class=\"yoast-schema-graph\">{\"@context\":\"https:\\\/\\\/schema.org\",\"@graph\":[{\"@type\":\"WebPage\",\"@id\":\"https:\\\/\\\/mybeautydogmonaco.com\\\/fr\\\/product\\\/robe-fruitee\\\/\",\"url\":\"https:\\\/\\\/mybeautydogmonaco.com\\\/fr\\\/product\\\/robe-fruitee\\\/\",\"name\":\"Ravissante robe aux couleurs fruit\u00e9es\",\"isPartOf\":{\"@id\":\"https:\\\/\\\/mybeautydogmonaco.com\\\/fr\\\/#website\"},\"primaryImageOfPage\":{\"@id\":\"https:\\\/\\\/mybeautydogmonaco.com\\\/fr\\\/product\\\/robe-fruitee\\\/#primaryimage\"},\"image\":{\"@id\":\"https:\\\/\\\/mybeautydogmonaco.com\\\/fr\\\/product\\\/robe-fruitee\\\/#primaryimage\"},\"thumbnailUrl\":\"https:\\\/\\\/mybeautydogmonaco.com\\\/wp-content\\\/uploads\\\/2022\\\/10\\\/Fruitdressred_2.png\",\"datePublished\":\"2022-10-26T14:34:09+00:00\",\"dateModified\":\"2025-03-16T20:24:29+00:00\",\"description\":\"Ravissante robe aux couleurs fruit\u00e9es. Un bouton sur le devant permet de l\u2019enfiler et l\u2019enlever facilement.Composition : 100% CottonLavage \u00e0 la main recommand\u00e9. Si lavage \u00e0 la machine, placer la robe dans un filer \u00e0 linge et utiliser un cycle sp\u00e9cial laine. Ne pas utiliser de s\u00e8che linge pour cette robe.Produits en Cor\u00e9e du Sud\",\"breadcrumb\":{\"@id\":\"https:\\\/\\\/mybeautydogmonaco.com\\\/fr\\\/product\\\/robe-fruitee\\\/#breadcrumb\"},\"inLanguage\":\"fr-FR\",\"potentialAction\":[{\"@type\":\"ReadAction\",\"target\":[\"https:\\\/\\\/mybeautydogmonaco.com\\\/fr\\\/product\\\/robe-fruitee\\\/\"]}]},{\"@type\":\"ImageObject\",\"inLanguage\":\"fr-FR\",\"@id\":\"https:\\\/\\\/mybeautydogmonaco.com\\\/fr\\\/product\\\/robe-fruitee\\\/#primaryimage\",\"url\":\"https:\\\/\\\/mybeautydogmonaco.com\\\/wp-content\\\/uploads\\\/2022\\\/10\\\/Fruitdressred_2.png\",\"contentUrl\":\"https:\\\/\\\/mybeautydogmonaco.com\\\/wp-content\\\/uploads\\\/2022\\\/10\\\/Fruitdressred_2.png\",\"width\":1988,\"height\":1298},{\"@type\":\"BreadcrumbList\",\"@id\":\"https:\\\/\\\/mybeautydogmonaco.com\\\/fr\\\/product\\\/robe-fruitee\\\/#breadcrumb\",\"itemListElement\":[{\"@type\":\"ListItem\",\"position\":1,\"name\":\"HOME\",\"item\":\"https:\\\/\\\/mybeautydogmonaco.com\\\/fr\\\/\"},{\"@type\":\"ListItem\",\"position\":2,\"name\":\"Boutique\",\"item\":\"https:\\\/\\\/mybeautydogmonaco.com\\\/shop\\\/\"},{\"@type\":\"ListItem\",\"position\":3,\"name\":\"V\u00eatements\",\"item\":\"https:\\\/\\\/mybeautydogmonaco.com\\\/fr\\\/categorie-produit\\\/vetements\\\/\"},{\"@type\":\"ListItem\",\"position\":4,\"name\":\"Robe\",\"item\":\"https:\\\/\\\/mybeautydogmonaco.com\\\/fr\\\/categorie-produit\\\/vetements\\\/robe\\\/\"},{\"@type\":\"ListItem\",\"position\":5,\"name\":\"Robe fruit\u00e9e\"}]},{\"@type\":\"WebSite\",\"@id\":\"https:\\\/\\\/mybeautydogmonaco.com\\\/fr\\\/#website\",\"url\":\"https:\\\/\\\/mybeautydogmonaco.com\\\/fr\\\/\",\"name\":\"My Beauty Dog\",\"description\":\"\",\"publisher\":{\"@id\":\"https:\\\/\\\/mybeautydogmonaco.com\\\/fr\\\/#organization\"},\"potentialAction\":[{\"@type\":\"SearchAction\",\"target\":{\"@type\":\"EntryPoint\",\"urlTemplate\":\"https:\\\/\\\/mybeautydogmonaco.com\\\/fr\\\/?s={search_term_string}\"},\"query-input\":{\"@type\":\"PropertyValueSpecification\",\"valueRequired\":true,\"valueName\":\"search_term_string\"}}],\"inLanguage\":\"fr-FR\"},{\"@type\":\"Organization\",\"@id\":\"https:\\\/\\\/mybeautydogmonaco.com\\\/fr\\\/#organization\",\"name\":\"My Beauty Dog\",\"url\":\"https:\\\/\\\/mybeautydogmonaco.com\\\/fr\\\/\",\"logo\":{\"@type\":\"ImageObject\",\"inLanguage\":\"fr-FR\",\"@id\":\"https:\\\/\\\/mybeautydogmonaco.com\\\/fr\\\/#\\\/schema\\\/logo\\\/image\\\/\",\"url\":\"https:\\\/\\\/mybeautydog-vitrine-com-dev.jupiter.cdigital.fr\\\/wp-content\\\/uploads\\\/2022\\\/06\\\/1-\u1112\u1174\u11ab\u1107\u1162\u1100\u1167\u11bc-\u110b\u116f\u11ab\u1107\u1169\u11ab.png\",\"contentUrl\":\"https:\\\/\\\/mybeautydog-vitrine-com-dev.jupiter.cdigital.fr\\\/wp-content\\\/uploads\\\/2022\\\/06\\\/1-\u1112\u1174\u11ab\u1107\u1162\u1100\u1167\u11bc-\u110b\u116f\u11ab\u1107\u1169\u11ab.png\",\"width\":1000,\"height\":1000,\"caption\":\"My Beauty Dog\"},\"image\":{\"@id\":\"https:\\\/\\\/mybeautydogmonaco.com\\\/fr\\\/#\\\/schema\\\/logo\\\/image\\\/\"}}]}<\/script>\n<!-- \/ Yoast SEO plugin. -->","yoast_head_json":{"title":"Ravissante robe aux couleurs fruit\u00e9es","description":"Ravissante robe aux couleurs fruit\u00e9es. Un bouton sur le devant permet de l\u2019enfiler et l\u2019enlever facilement.Composition : 100% CottonLavage \u00e0 la main recommand\u00e9. Si lavage \u00e0 la machine, placer la robe dans un filer \u00e0 linge et utiliser un cycle sp\u00e9cial laine. Ne pas utiliser de s\u00e8che linge pour cette robe.Produits en Cor\u00e9e du Sud","robots":{"index":"index","follow":"follow","max-snippet":"max-snippet:-1","max-image-preview":"max-image-preview:large","max-video-preview":"max-video-preview:-1"},"canonical":"https:\/\/mybeautydogmonaco.com\/fr\/product\/robe-fruitee\/","og_locale":"fr_FR","og_type":"article","og_title":"Fruit dress","og_description":"Lovely dress with fruity colours. a button on the front makes it easy to put on and take off. material: 100% cotton hand wash recommended. if machine washing, place the dress in a laundry spinner and use a special wool cycle. do not use a dryer for this dress. made in south korea","og_url":"https:\/\/mybeautydogmonaco.com\/fr\/product\/robe-fruitee\/","og_site_name":"My Beauty Dog","article_modified_time":"2025-03-16T20:24:29+00:00","og_image":[{"width":700,"height":457,"url":"https:\/\/mybeautydogmonaco.com\/wp-content\/uploads\/2022\/10\/Fruitdressred_2-700x457.png","type":"image\/png"}],"twitter_card":"summary_large_image","twitter_misc":{"Dur\u00e9e de lecture estim\u00e9e":"1 minute"},"schema":{"@context":"https:\/\/schema.org","@graph":[{"@type":"WebPage","@id":"https:\/\/mybeautydogmonaco.com\/fr\/product\/robe-fruitee\/","url":"https:\/\/mybeautydogmonaco.com\/fr\/product\/robe-fruitee\/","name":"Ravissante robe aux couleurs fruit\u00e9es","isPartOf":{"@id":"https:\/\/mybeautydogmonaco.com\/fr\/#website"},"primaryImageOfPage":{"@id":"https:\/\/mybeautydogmonaco.com\/fr\/product\/robe-fruitee\/#primaryimage"},"image":{"@id":"https:\/\/mybeautydogmonaco.com\/fr\/product\/robe-fruitee\/#primaryimage"},"thumbnailUrl":"https:\/\/mybeautydogmonaco.com\/wp-content\/uploads\/2022\/10\/Fruitdressred_2.png","datePublished":"2022-10-26T14:34:09+00:00","dateModified":"2025-03-16T20:24:29+00:00","description":"Ravissante robe aux couleurs fruit\u00e9es. Un bouton sur le devant permet de l\u2019enfiler et l\u2019enlever facilement.Composition : 100% CottonLavage \u00e0 la main recommand\u00e9. Si lavage \u00e0 la machine, placer la robe dans un filer \u00e0 linge et utiliser un cycle sp\u00e9cial laine. Ne pas utiliser de s\u00e8che linge pour cette robe.Produits en Cor\u00e9e du Sud","breadcrumb":{"@id":"https:\/\/mybeautydogmonaco.com\/fr\/product\/robe-fruitee\/#breadcrumb"},"inLanguage":"fr-FR","potentialAction":[{"@type":"ReadAction","target":["https:\/\/mybeautydogmonaco.com\/fr\/product\/robe-fruitee\/"]}]},{"@type":"ImageObject","inLanguage":"fr-FR","@id":"https:\/\/mybeautydogmonaco.com\/fr\/product\/robe-fruitee\/#primaryimage","url":"https:\/\/mybeautydogmonaco.com\/wp-content\/uploads\/2022\/10\/Fruitdressred_2.png","contentUrl":"https:\/\/mybeautydogmonaco.com\/wp-content\/uploads\/2022\/10\/Fruitdressred_2.png","width":1988,"height":1298},{"@type":"BreadcrumbList","@id":"https:\/\/mybeautydogmonaco.com\/fr\/product\/robe-fruitee\/#breadcrumb","itemListElement":[{"@type":"ListItem","position":1,"name":"HOME","item":"https:\/\/mybeautydogmonaco.com\/fr\/"},{"@type":"ListItem","position":2,"name":"Boutique","item":"https:\/\/mybeautydogmonaco.com\/shop\/"},{"@type":"ListItem","position":3,"name":"V\u00eatements","item":"https:\/\/mybeautydogmonaco.com\/fr\/categorie-produit\/vetements\/"},{"@type":"ListItem","position":4,"name":"Robe","item":"https:\/\/mybeautydogmonaco.com\/fr\/categorie-produit\/vetements\/robe\/"},{"@type":"ListItem","position":5,"name":"Robe fruit\u00e9e"}]},{"@type":"WebSite","@id":"https:\/\/mybeautydogmonaco.com\/fr\/#website","url":"https:\/\/mybeautydogmonaco.com\/fr\/","name":"My Beauty Dog","description":"","publisher":{"@id":"https:\/\/mybeautydogmonaco.com\/fr\/#organization"},"potentialAction":[{"@type":"SearchAction","target":{"@type":"EntryPoint","urlTemplate":"https:\/\/mybeautydogmonaco.com\/fr\/?s={search_term_string}"},"query-input":{"@type":"PropertyValueSpecification","valueRequired":true,"valueName":"search_term_string"}}],"inLanguage":"fr-FR"},{"@type":"Organization","@id":"https:\/\/mybeautydogmonaco.com\/fr\/#organization","name":"My Beauty Dog","url":"https:\/\/mybeautydogmonaco.com\/fr\/","logo":{"@type":"ImageObject","inLanguage":"fr-FR","@id":"https:\/\/mybeautydogmonaco.com\/fr\/#\/schema\/logo\/image\/","url":"https:\/\/mybeautydog-vitrine-com-dev.jupiter.cdigital.fr\/wp-content\/uploads\/2022\/06\/1-\u1112\u1174\u11ab\u1107\u1162\u1100\u1167\u11bc-\u110b\u116f\u11ab\u1107\u1169\u11ab.png","contentUrl":"https:\/\/mybeautydog-vitrine-com-dev.jupiter.cdigital.fr\/wp-content\/uploads\/2022\/06\/1-\u1112\u1174\u11ab\u1107\u1162\u1100\u1167\u11bc-\u110b\u116f\u11ab\u1107\u1169\u11ab.png","width":1000,"height":1000,"caption":"My Beauty Dog"},"image":{"@id":"https:\/\/mybeautydogmonaco.com\/fr\/#\/schema\/logo\/image\/"}}]}},"_links":{"self":[{"href":"https:\/\/mybeautydogmonaco.com\/fr\/wp-json\/wp\/v2\/product\/2424","targetHints":{"allow":["GET"]}}],"collection":[{"href":"https:\/\/mybeautydogmonaco.com\/fr\/wp-json\/wp\/v2\/product"}],"about":[{"href":"https:\/\/mybeautydogmonaco.com\/fr\/wp-json\/wp\/v2\/types\/product"}],"wp:featuredmedia":[{"embeddable":true,"href":"https:\/\/mybeautydogmonaco.com\/fr\/wp-json\/wp\/v2\/media\/2269"}],"wp:attachment":[{"href":"https:\/\/mybeautydogmonaco.com\/fr\/wp-json\/wp\/v2\/media?parent=2424"}],"wp:term":[{"taxonomy":"product_brand","embeddable":true,"href":"https:\/\/mybeautydogmonaco.com\/fr\/wp-json\/wp\/v2\/product_brand?post=2424"},{"taxonomy":"product_cat","embeddable":true,"href":"https:\/\/mybeautydogmonaco.com\/fr\/wp-json\/wp\/v2\/product_cat?post=2424"},{"taxonomy":"product_tag","embeddable":true,"href":"https:\/\/mybeautydogmonaco.com\/fr\/wp-json\/wp\/v2\/product_tag?post=2424"},{"taxonomy":"typologie","embeddable":true,"href":"https:\/\/mybeautydogmonaco.com\/fr\/wp-json\/wp\/v2\/typologie?post=2424"},{"taxonomy":"channels","embeddable":true,"href":"https:\/\/mybeautydogmonaco.com\/fr\/wp-json\/wp\/v2\/channels?post=2424"},{"taxonomy":"bons_plans","embeddable":true,"href":"https:\/\/mybeautydogmonaco.com\/fr\/wp-json\/wp\/v2\/bons_plans?post=2424"}],"curies":[{"name":"wp","href":"https:\/\/api.w.org\/{rel}","templated":true}]}}