{"id":8943,"date":"2023-11-10T14:03:30","date_gmt":"2023-11-10T13:03:30","guid":{"rendered":"https:\/\/mybeautydogmonaco.com\/?post_type=product&#038;p=8943"},"modified":"2026-02-17T04:28:54","modified_gmt":"2026-02-17T03:28:54","slug":"coussin-collerette-ourson-biologique","status":"publish","type":"product","link":"https:\/\/mybeautydogmonaco.com\/fr\/product\/coussin-collerette-ourson-biologique\/","title":{"rendered":"Coussin Collerette biologique Ourson"},"content":{"rendered":"","protected":false},"excerpt":{"rendered":"<p>Ce produit est fabriqu\u00e9 \u00e0 partir de coton biologique cultiv\u00e9 selon des m\u00e9thodes naturelles et \u00e9cologiques<\/p>\n","protected":false},"featured_media":8928,"template":"","meta":{"_acf_changed":false},"product_brand":[],"product_cat":[184,95,80],"product_tag":[],"typologie":[268],"channels":[260],"bons_plans":[],"class_list":{"0":"post-8943","1":"product","2":"type-product","3":"status-publish","4":"has-post-thumbnail","6":"product_cat-accessoires","7":"product_cat-accessories-fr","8":"product_cat-vetements","9":"typologie-produits","10":"channels-online","12":"first","13":"instock","14":"taxable","15":"shipping-taxable","16":"purchasable","17":"product-type-variable"},"acf":[],"yoast_head":"<!-- This site is optimized with the Yoast SEO plugin v27.2 - https:\/\/yoast.com\/product\/yoast-seo-wordpress\/ -->\n<title>Coussin Collerette biologique Ourson - My Beauty Dog<\/title>\n<meta name=\"robots\" content=\"index, follow, max-snippet:-1, max-image-preview:large, max-video-preview:-1\" \/>\n<link rel=\"canonical\" href=\"https:\/\/mybeautydogmonaco.com\/fr\/product\/coussin-collerette-ourson-biologique\/\" \/>\n<meta property=\"og:locale\" content=\"fr_FR\" \/>\n<meta property=\"og:type\" content=\"article\" \/>\n<meta property=\"og:title\" content=\"Coussin Collerette biologique Ourson - My Beauty Dog\" \/>\n<meta property=\"og:description\" content=\"Ce produit est fabriqu\u00e9 \u00e0 partir de coton biologique cultiv\u00e9 selon des m\u00e9thodes naturelles et \u00e9cologiques\" \/>\n<meta property=\"og:url\" content=\"https:\/\/mybeautydogmonaco.com\/fr\/product\/coussin-collerette-ourson-biologique\/\" \/>\n<meta property=\"og:site_name\" content=\"My Beauty Dog\" \/>\n<meta property=\"article:modified_time\" content=\"2026-02-17T03:28:54+00:00\" \/>\n<meta property=\"og:image\" content=\"https:\/\/mybeautydogmonaco.com\/wp-content\/uploads\/2023\/11\/Screen-Shot-2023-11-15-at-9.33.38-pm-700x816.png\" \/>\n\t<meta property=\"og:image:width\" content=\"700\" \/>\n\t<meta property=\"og:image:height\" content=\"816\" \/>\n\t<meta property=\"og:image:type\" content=\"image\/png\" \/>\n<meta name=\"twitter:card\" content=\"summary_large_image\" \/>\n<meta name=\"twitter:label1\" content=\"Dur\u00e9e de lecture estim\u00e9e\" \/>\n\t<meta name=\"twitter:data1\" content=\"1 minute\" \/>\n<script type=\"application\/ld+json\" class=\"yoast-schema-graph\">{\"@context\":\"https:\/\/schema.org\",\"@graph\":[{\"@type\":\"WebPage\",\"@id\":\"https:\/\/mybeautydogmonaco.com\/fr\/product\/coussin-collerette-ourson-biologique\/\",\"url\":\"https:\/\/mybeautydogmonaco.com\/fr\/product\/coussin-collerette-ourson-biologique\/\",\"name\":\"Coussin Collerette biologique Ourson - My Beauty Dog\",\"isPartOf\":{\"@id\":\"https:\/\/mybeautydogmonaco.com\/fr\/#website\"},\"primaryImageOfPage\":{\"@id\":\"https:\/\/mybeautydogmonaco.com\/fr\/product\/coussin-collerette-ourson-biologique\/#primaryimage\"},\"image\":{\"@id\":\"https:\/\/mybeautydogmonaco.com\/fr\/product\/coussin-collerette-ourson-biologique\/#primaryimage\"},\"thumbnailUrl\":\"https:\/\/mybeautydogmonaco.com\/wp-content\/uploads\/2023\/11\/Screen-Shot-2023-11-15-at-9.33.38-pm.png\",\"datePublished\":\"2023-11-10T13:03:30+00:00\",\"dateModified\":\"2026-02-17T03:28:54+00:00\",\"breadcrumb\":{\"@id\":\"https:\/\/mybeautydogmonaco.com\/fr\/product\/coussin-collerette-ourson-biologique\/#breadcrumb\"},\"inLanguage\":\"fr-FR\",\"potentialAction\":[{\"@type\":\"ReadAction\",\"target\":[\"https:\/\/mybeautydogmonaco.com\/fr\/product\/coussin-collerette-ourson-biologique\/\"]}]},{\"@type\":\"ImageObject\",\"inLanguage\":\"fr-FR\",\"@id\":\"https:\/\/mybeautydogmonaco.com\/fr\/product\/coussin-collerette-ourson-biologique\/#primaryimage\",\"url\":\"https:\/\/mybeautydogmonaco.com\/wp-content\/uploads\/2023\/11\/Screen-Shot-2023-11-15-at-9.33.38-pm.png\",\"contentUrl\":\"https:\/\/mybeautydogmonaco.com\/wp-content\/uploads\/2023\/11\/Screen-Shot-2023-11-15-at-9.33.38-pm.png\",\"width\":1238,\"height\":1443},{\"@type\":\"BreadcrumbList\",\"@id\":\"https:\/\/mybeautydogmonaco.com\/fr\/product\/coussin-collerette-ourson-biologique\/#breadcrumb\",\"itemListElement\":[{\"@type\":\"ListItem\",\"position\":1,\"name\":\"HOME\",\"item\":\"https:\/\/mybeautydogmonaco.com\/fr\/\"},{\"@type\":\"ListItem\",\"position\":2,\"name\":\"Boutique\",\"item\":\"https:\/\/mybeautydogmonaco.com\/shop\/\"},{\"@type\":\"ListItem\",\"position\":3,\"name\":\"V\u00eatements\",\"item\":\"https:\/\/mybeautydogmonaco.com\/fr\/categorie-produit\/vetements\/\"},{\"@type\":\"ListItem\",\"position\":4,\"name\":\"Coussin Collerette biologique Ourson\"}]},{\"@type\":\"WebSite\",\"@id\":\"https:\/\/mybeautydogmonaco.com\/fr\/#website\",\"url\":\"https:\/\/mybeautydogmonaco.com\/fr\/\",\"name\":\"My Beauty Dog\",\"description\":\"\",\"publisher\":{\"@id\":\"https:\/\/mybeautydogmonaco.com\/fr\/#organization\"},\"potentialAction\":[{\"@type\":\"SearchAction\",\"target\":{\"@type\":\"EntryPoint\",\"urlTemplate\":\"https:\/\/mybeautydogmonaco.com\/fr\/?s={search_term_string}\"},\"query-input\":{\"@type\":\"PropertyValueSpecification\",\"valueRequired\":true,\"valueName\":\"search_term_string\"}}],\"inLanguage\":\"fr-FR\"},{\"@type\":\"Organization\",\"@id\":\"https:\/\/mybeautydogmonaco.com\/fr\/#organization\",\"name\":\"My Beauty Dog\",\"url\":\"https:\/\/mybeautydogmonaco.com\/fr\/\",\"logo\":{\"@type\":\"ImageObject\",\"inLanguage\":\"fr-FR\",\"@id\":\"https:\/\/mybeautydogmonaco.com\/fr\/#\/schema\/logo\/image\/\",\"url\":\"https:\/\/mybeautydog-vitrine-com-dev.jupiter.cdigital.fr\/wp-content\/uploads\/2022\/06\/1-\u1112\u1174\u11ab\u1107\u1162\u1100\u1167\u11bc-\u110b\u116f\u11ab\u1107\u1169\u11ab.png\",\"contentUrl\":\"https:\/\/mybeautydog-vitrine-com-dev.jupiter.cdigital.fr\/wp-content\/uploads\/2022\/06\/1-\u1112\u1174\u11ab\u1107\u1162\u1100\u1167\u11bc-\u110b\u116f\u11ab\u1107\u1169\u11ab.png\",\"width\":1000,\"height\":1000,\"caption\":\"My Beauty Dog\"},\"image\":{\"@id\":\"https:\/\/mybeautydogmonaco.com\/fr\/#\/schema\/logo\/image\/\"}}]}<\/script>\n<!-- \/ Yoast SEO plugin. -->","yoast_head_json":{"title":"Coussin Collerette biologique Ourson - My Beauty Dog","robots":{"index":"index","follow":"follow","max-snippet":"max-snippet:-1","max-image-preview":"max-image-preview:large","max-video-preview":"max-video-preview:-1"},"canonical":"https:\/\/mybeautydogmonaco.com\/fr\/product\/coussin-collerette-ourson-biologique\/","og_locale":"fr_FR","og_type":"article","og_title":"Coussin Collerette biologique Ourson - My Beauty Dog","og_description":"Ce produit est fabriqu\u00e9 \u00e0 partir de coton biologique cultiv\u00e9 selon des m\u00e9thodes naturelles et \u00e9cologiques","og_url":"https:\/\/mybeautydogmonaco.com\/fr\/product\/coussin-collerette-ourson-biologique\/","og_site_name":"My Beauty Dog","article_modified_time":"2026-02-17T03:28:54+00:00","og_image":[{"width":700,"height":816,"url":"https:\/\/mybeautydogmonaco.com\/wp-content\/uploads\/2023\/11\/Screen-Shot-2023-11-15-at-9.33.38-pm-700x816.png","type":"image\/png"}],"twitter_card":"summary_large_image","twitter_misc":{"Dur\u00e9e de lecture estim\u00e9e":"1 minute"},"schema":{"@context":"https:\/\/schema.org","@graph":[{"@type":"WebPage","@id":"https:\/\/mybeautydogmonaco.com\/fr\/product\/coussin-collerette-ourson-biologique\/","url":"https:\/\/mybeautydogmonaco.com\/fr\/product\/coussin-collerette-ourson-biologique\/","name":"Coussin Collerette biologique Ourson - My Beauty Dog","isPartOf":{"@id":"https:\/\/mybeautydogmonaco.com\/fr\/#website"},"primaryImageOfPage":{"@id":"https:\/\/mybeautydogmonaco.com\/fr\/product\/coussin-collerette-ourson-biologique\/#primaryimage"},"image":{"@id":"https:\/\/mybeautydogmonaco.com\/fr\/product\/coussin-collerette-ourson-biologique\/#primaryimage"},"thumbnailUrl":"https:\/\/mybeautydogmonaco.com\/wp-content\/uploads\/2023\/11\/Screen-Shot-2023-11-15-at-9.33.38-pm.png","datePublished":"2023-11-10T13:03:30+00:00","dateModified":"2026-02-17T03:28:54+00:00","breadcrumb":{"@id":"https:\/\/mybeautydogmonaco.com\/fr\/product\/coussin-collerette-ourson-biologique\/#breadcrumb"},"inLanguage":"fr-FR","potentialAction":[{"@type":"ReadAction","target":["https:\/\/mybeautydogmonaco.com\/fr\/product\/coussin-collerette-ourson-biologique\/"]}]},{"@type":"ImageObject","inLanguage":"fr-FR","@id":"https:\/\/mybeautydogmonaco.com\/fr\/product\/coussin-collerette-ourson-biologique\/#primaryimage","url":"https:\/\/mybeautydogmonaco.com\/wp-content\/uploads\/2023\/11\/Screen-Shot-2023-11-15-at-9.33.38-pm.png","contentUrl":"https:\/\/mybeautydogmonaco.com\/wp-content\/uploads\/2023\/11\/Screen-Shot-2023-11-15-at-9.33.38-pm.png","width":1238,"height":1443},{"@type":"BreadcrumbList","@id":"https:\/\/mybeautydogmonaco.com\/fr\/product\/coussin-collerette-ourson-biologique\/#breadcrumb","itemListElement":[{"@type":"ListItem","position":1,"name":"HOME","item":"https:\/\/mybeautydogmonaco.com\/fr\/"},{"@type":"ListItem","position":2,"name":"Boutique","item":"https:\/\/mybeautydogmonaco.com\/shop\/"},{"@type":"ListItem","position":3,"name":"V\u00eatements","item":"https:\/\/mybeautydogmonaco.com\/fr\/categorie-produit\/vetements\/"},{"@type":"ListItem","position":4,"name":"Coussin Collerette biologique Ourson"}]},{"@type":"WebSite","@id":"https:\/\/mybeautydogmonaco.com\/fr\/#website","url":"https:\/\/mybeautydogmonaco.com\/fr\/","name":"My Beauty Dog","description":"","publisher":{"@id":"https:\/\/mybeautydogmonaco.com\/fr\/#organization"},"potentialAction":[{"@type":"SearchAction","target":{"@type":"EntryPoint","urlTemplate":"https:\/\/mybeautydogmonaco.com\/fr\/?s={search_term_string}"},"query-input":{"@type":"PropertyValueSpecification","valueRequired":true,"valueName":"search_term_string"}}],"inLanguage":"fr-FR"},{"@type":"Organization","@id":"https:\/\/mybeautydogmonaco.com\/fr\/#organization","name":"My Beauty Dog","url":"https:\/\/mybeautydogmonaco.com\/fr\/","logo":{"@type":"ImageObject","inLanguage":"fr-FR","@id":"https:\/\/mybeautydogmonaco.com\/fr\/#\/schema\/logo\/image\/","url":"https:\/\/mybeautydog-vitrine-com-dev.jupiter.cdigital.fr\/wp-content\/uploads\/2022\/06\/1-\u1112\u1174\u11ab\u1107\u1162\u1100\u1167\u11bc-\u110b\u116f\u11ab\u1107\u1169\u11ab.png","contentUrl":"https:\/\/mybeautydog-vitrine-com-dev.jupiter.cdigital.fr\/wp-content\/uploads\/2022\/06\/1-\u1112\u1174\u11ab\u1107\u1162\u1100\u1167\u11bc-\u110b\u116f\u11ab\u1107\u1169\u11ab.png","width":1000,"height":1000,"caption":"My Beauty Dog"},"image":{"@id":"https:\/\/mybeautydogmonaco.com\/fr\/#\/schema\/logo\/image\/"}}]}},"_links":{"self":[{"href":"https:\/\/mybeautydogmonaco.com\/fr\/wp-json\/wp\/v2\/product\/8943","targetHints":{"allow":["GET"]}}],"collection":[{"href":"https:\/\/mybeautydogmonaco.com\/fr\/wp-json\/wp\/v2\/product"}],"about":[{"href":"https:\/\/mybeautydogmonaco.com\/fr\/wp-json\/wp\/v2\/types\/product"}],"wp:featuredmedia":[{"embeddable":true,"href":"https:\/\/mybeautydogmonaco.com\/fr\/wp-json\/wp\/v2\/media\/8928"}],"wp:attachment":[{"href":"https:\/\/mybeautydogmonaco.com\/fr\/wp-json\/wp\/v2\/media?parent=8943"}],"wp:term":[{"taxonomy":"product_brand","embeddable":true,"href":"https:\/\/mybeautydogmonaco.com\/fr\/wp-json\/wp\/v2\/product_brand?post=8943"},{"taxonomy":"product_cat","embeddable":true,"href":"https:\/\/mybeautydogmonaco.com\/fr\/wp-json\/wp\/v2\/product_cat?post=8943"},{"taxonomy":"product_tag","embeddable":true,"href":"https:\/\/mybeautydogmonaco.com\/fr\/wp-json\/wp\/v2\/product_tag?post=8943"},{"taxonomy":"typologie","embeddable":true,"href":"https:\/\/mybeautydogmonaco.com\/fr\/wp-json\/wp\/v2\/typologie?post=8943"},{"taxonomy":"channels","embeddable":true,"href":"https:\/\/mybeautydogmonaco.com\/fr\/wp-json\/wp\/v2\/channels?post=8943"},{"taxonomy":"bons_plans","embeddable":true,"href":"https:\/\/mybeautydogmonaco.com\/fr\/wp-json\/wp\/v2\/bons_plans?post=8943"}],"curies":[{"name":"wp","href":"https:\/\/api.w.org\/{rel}","templated":true}]}}